{"id":1709,"date":"2023-07-01T19:18:15","date_gmt":"2023-07-01T19:18:15","guid":{"rendered":"https:\/\/elouedshop.com\/?post_type=product&#038;p=1709"},"modified":"2023-11-16T19:35:36","modified_gmt":"2023-11-16T19:35:36","slug":"initiation-a-lislam","status":"publish","type":"product","link":"https:\/\/elouedshop.com\/?product=initiation-a-lislam","title":{"rendered":"Initiation \u00e0 l&rsquo;islam"},"content":{"rendered":"<p>Il existe de nombreux livres qui se proposent de pr\u00e9senter l\u2019islam, mais rares sont ceux qui ont une valeur historique aussi importante que celui-ci,qui, en plus d\u2019\u00eatre complet, est accessible \u00e0 tout public. La r\u00e9daction de cet ouvrage fait suite \u00e0 la demande de livres pour approfondir les connaissances religieuses faite au professeur Muhammad Hamidullah, part un Am\u00e9ricain converti \u00e0 l\u2019islam.<\/p>\n","protected":false},"excerpt":{"rendered":"<p>Il existe de nombreux livres qui se proposent de pr\u00e9senter l\u2019islam, mais rares sont ceux qui ont une valeur historique aussi importante que celui-ci,qui, en plus d\u2019\u00eatre complet, est accessible \u00e0 tout public. La r\u00e9daction de cet ouvrage fait suite \u00e0 la demande de livres pour approfondir les connaissances religieuses faite au professeur Muhammad Hamidullah,&hellip;<\/p>\n","protected":false},"featured_media":1711,"template":"","meta":[],"product_brand":[],"product_cat":[47,21,218,187],"product_tag":[],"class_list":{"0":"post-1709","1":"product","2":"type-product","3":"status-publish","4":"has-post-thumbnail","6":"product_cat-comprendre-lislam","7":"product_cat-livre","8":"product_cat-pelerinage-omra","9":"product_cat-pratiques-religieuse","10":"description-off","12":"first","13":"instock","14":"shipping-taxable","15":"purchasable","16":"product-type-simple"},"jetpack_sharing_enabled":true,"_links":{"self":[{"href":"https:\/\/elouedshop.com\/index.php?rest_route=\/wp\/v2\/product\/1709","targetHints":{"allow":["GET"]}}],"collection":[{"href":"https:\/\/elouedshop.com\/index.php?rest_route=\/wp\/v2\/product"}],"about":[{"href":"https:\/\/elouedshop.com\/index.php?rest_route=\/wp\/v2\/types\/product"}],"wp:featuredmedia":[{"embeddable":true,"href":"https:\/\/elouedshop.com\/index.php?rest_route=\/wp\/v2\/media\/1711"}],"wp:attachment":[{"href":"https:\/\/elouedshop.com\/index.php?rest_route=%2Fwp%2Fv2%2Fmedia&parent=1709"}],"wp:term":[{"taxonomy":"product_brand","embeddable":true,"href":"https:\/\/elouedshop.com\/index.php?rest_route=%2Fwp%2Fv2%2Fproduct_brand&post=1709"},{"taxonomy":"product_cat","embeddable":true,"href":"https:\/\/elouedshop.com\/index.php?rest_route=%2Fwp%2Fv2%2Fproduct_cat&post=1709"},{"taxonomy":"product_tag","embeddable":true,"href":"https:\/\/elouedshop.com\/index.php?rest_route=%2Fwp%2Fv2%2Fproduct_tag&post=1709"}],"curies":[{"name":"wp","href":"https:\/\/api.w.org\/{rel}","templated":true}]}}