{"id":17069,"date":"2025-03-05T16:41:17","date_gmt":"2025-03-05T16:41:17","guid":{"rendered":"https:\/\/elouedshop.com\/?post_type=product&#038;p=17069"},"modified":"2025-03-17T01:07:26","modified_gmt":"2025-03-17T01:07:26","slug":"peluche-manchot-veilleuse-coranique-xxl","status":"publish","type":"product","link":"https:\/\/elouedshop.com\/?product=peluche-manchot-veilleuse-coranique-xxl","title":{"rendered":"Peluche manchot veilleuse coranique XL"},"content":{"rendered":"","protected":false},"excerpt":{"rendered":"<p>Plongez dans l&rsquo;univers captivant de notre nouvelle <strong>peluche veilleuse coranique mouton<\/strong> , sp\u00e9cialement con\u00e7ue pour apporter une douce s\u00e9r\u00e9nit\u00e9 \u00e0 votre petit tr\u00e9sor. <strong>D\u00e9couvrez les fonctionnalit\u00e9s exceptionnelles de ce produit innovant<\/strong> :<\/p>\n<p>\ud83c\udf19 <strong>Sourates du Coran :<\/strong><\/p>\n<ul>\n<li>Choisissez parmi <strong>38 sourates du Coran<\/strong>pour <strong>une exp\u00e9rience spirituelle personnalis\u00e9e<\/strong> .<\/li>\n<\/ul>\n<h4>Coran (Juz Amma) r\u00e9cit\u00e9 par Ahmed Saoud (60 minutes )<\/h4>\n<ul>\n<li>\u00a0Al-Fathia (L&rsquo;ouverture)<\/li>\n<li>\u00a0Ayat Al Kursi<\/li>\n<li>An-Naba (La grande nouvelle)<\/li>\n<li>An-Nazi&rsquo;at (Les anges qui arrachent les \u00e2mes)<\/li>\n<li>Abasa (Il s&rsquo;est renfrogn\u00e9)<\/li>\n<li>At-Takwir (L&rsquo;obscurcissement)<\/li>\n<li>Al-Infithar (La rupture)<\/li>\n<li>Al-Mutaffifine (Les fraudeurs)<\/li>\n<li>Al-Inshyiqaq (La d\u00e9chirure)<\/li>\n<li>Les constellations (Al-Buruj)<\/li>\n<li>L&rsquo;astre nocturne (At-Tariq).<\/li>\n<li>Le Tr\u00e8s-Haut (Al-Ala).<\/li>\n<li>L&rsquo;enveloppeante (Al-Gasiyah).<\/li>\n<li>L&rsquo;aube (Al-Fajr).<\/li>\n<li>La cit\u00e9 (Al-Balad).<\/li>\n<li>Le soleil (Ach-Chams).<\/li>\n<li>La nuit (Al-Layl).<\/li>\n<li>Le jour montant (Ad-Duha).<\/li>\n<li>L&rsquo;ouverture (As-Sarh).<\/li>\n<li>Le figuier (At-Tin).<\/li>\n<li>L&rsquo;adh\u00e9sion (Al-Alaq).<\/li>\n<li>La Destin\u00e9e (Al-Qadr).<\/li>\n<li>La preuve (Al-Bayyinah).<\/li>\n<li>La secousse (Az-Zalzalah).<\/li>\n<li>Les coursiers (Al-Adiyate).<\/li>\n<li>Le fracas (Al-Qariah).<\/li>\n<li>La course aux richesses (At-Takatur).<\/li>\n<li>Le temps (Al-Asr).<\/li>\n<li>Les calomniateurs (Al-Humazah).<\/li>\n<li>L&rsquo;\u00e9l\u00e9phant (Al-Fil).<\/li>\n<li>Qora\u00efsh.<\/li>\n<li>L&rsquo;ustensile (Al-Maun).<\/li>\n<li>L&rsquo;abondance (Al-Kawtar).<\/li>\n<li>Les infid\u00e8les (Al-Kafirune).<\/li>\n<li>Les secours (An-Nasr).<\/li>\n<li>Les fibres (Al-Masad).<\/li>\n<li>Le monoth\u00e9isme pur (Al-Ihlas).<\/li>\n<li>L&rsquo;aube naissante (Al-Falaq).<\/li>\n<li>Les hommes (An-Nas).<\/li>\n<\/ul>\n<p>&nbsp;<\/p>\n<p>\ud83e\udd32 <strong>Dou&rsquo;as R\u00e9confortantes (13 minutes) :<\/strong><\/p>\n<ul>\n<li>D\u00e9couvrez <strong>les <\/strong><strong>dou&rsquo;as apaisantes<\/strong> qui enveloppent votre b\u00e9b\u00e9 <strong>d&rsquo;une ambiance protectrice.<\/strong><\/li>\n<\/ul>\n<ul>\n<li>Adhkar an Nawm (Al Afasy)<\/li>\n<li>Les 99 Noms &amp; Attributs d&rsquo;Allah<\/li>\n<\/ul>\n<p>&nbsp;<\/p>\n<p>\ud83c\udfb6 <strong>Nasheed Sans Instrument (23 minutes) :<\/strong><\/p>\n<ul>\n<li>Laissez-vous emporter par des nasheed captivants, cr\u00e9ant une ambiance paisible <strong>sans instruments.<\/strong><\/li>\n<\/ul>\n<ul>\n<li>Les 5 piliers de l&rsquo;Islam en arabe<\/li>\n<li>Les Noms des 5 Pri\u00e8res Quotidienne pour les petits<\/li>\n<li>Bismillah en arabe<\/li>\n<li>Aide Al Fitr<\/li>\n<li>Nasheed Apaisant<\/li>\n<\/ul>\n<p>\u23ed\ufe0fContr\u00f4le <strong>Total :<\/strong><\/p>\n<ul>\n<li><strong>Avancez, reculez, mettez en boucle les audios<\/strong> selon les besoins, offrant une flexibilit\u00e9 totale.<\/li>\n<\/ul>\n<p>\u23f2\ufe0f <strong>Dur\u00e9e de Lecture Personnalis\u00e9e :<\/strong><\/p>\n<ul>\n<li>Choisissez entre <strong>des s\u00e9ances audio de 30 ou 90 minutes<\/strong> , adapt\u00e9es \u00e0 la routine de sommeil de votre enfant.<\/li>\n<\/ul>\n<p>\ud83d\ude22 <strong>D\u00e9tecteur de Pleurs Intelligent \ud83c\udf7c :<\/strong><\/p>\n<ul>\n<li>Lorsque votre <strong>b\u00e9b\u00e9 pleure<\/strong> , la sourate et verset\u00a0<strong> Al-Fathia et Ayat Al Kursi\u00a0<\/strong>se<strong>\u00a0<\/strong>mettent\u00a0<strong> automatiquement en marche<\/strong> pour r\u00e9conforter et <strong>apaiser votre enfant<\/strong> .<\/li>\n<\/ul>\n<p>\ud83d\udd0aContr\u00f4le <strong>du Volume :<\/strong><\/p>\n<ul>\n<li><strong>R\u00e9glez le volume<\/strong> pour une exp\u00e9rience sonore sur mesure, <strong>adapt\u00e9e \u00e0 l&rsquo;ambiance souhait\u00e9e.<\/strong><\/li>\n<\/ul>\n<p>\u2728 <strong>Lumi\u00e8re \u00c9toil\u00e9e :<\/strong><\/p>\n<ul>\n<li>Les \u00e9toiles lumineuses cr\u00e9ent une exp\u00e9rience visuelle enchanteuse, accompagnant harmonieusement les audios.<\/li>\n<\/ul>\n<p>\ud83c\udf1f <strong>Sept Modes de Diffusion \u00c9toil\u00e9e :<\/strong><\/p>\n<ul>\n<li>Personnalisez l&rsquo;ambiance avec <strong>sept modes de diffusion \u00e9toil\u00e9e<\/strong> , cr\u00e9ant un spectacle visuel captivant.<\/li>\n<\/ul>\n<p>Offrez \u00e0 votre petit tr\u00e9sor <strong>le cadeau magique<\/strong> de la qui\u00e9tude et de l&rsquo;\u00e9l\u00e9vation int\u00e9rieure avec notre tout nouveau produit, <strong>la peluche veilleuse coranique mouton<\/strong> . Commandez d\u00e8s maintenant et cr\u00e9ez des moments de douceur et de r\u00e9confort inoubliables. \ud83c\udf19\ud83e\udd32\ud83c\udfb6\ud83c\udf7c<\/p>\n","protected":false},"featured_media":11476,"template":"","meta":[],"product_brand":[],"product_cat":[226,38,26],"product_tag":[],"class_list":{"0":"post-17069","1":"product","2":"type-product","3":"status-publish","4":"has-post-thumbnail","6":"product_cat-cadeau-naissance","7":"product_cat-idees-de-cadeaux","8":"product_cat-jouets-educatifs","9":"description-off","11":"first","12":"instock","13":"shipping-taxable","14":"purchasable","15":"product-type-simple"},"jetpack_sharing_enabled":true,"_links":{"self":[{"href":"https:\/\/elouedshop.com\/index.php?rest_route=\/wp\/v2\/product\/17069","targetHints":{"allow":["GET"]}}],"collection":[{"href":"https:\/\/elouedshop.com\/index.php?rest_route=\/wp\/v2\/product"}],"about":[{"href":"https:\/\/elouedshop.com\/index.php?rest_route=\/wp\/v2\/types\/product"}],"wp:featuredmedia":[{"embeddable":true,"href":"https:\/\/elouedshop.com\/index.php?rest_route=\/wp\/v2\/media\/11476"}],"wp:attachment":[{"href":"https:\/\/elouedshop.com\/index.php?rest_route=%2Fwp%2Fv2%2Fmedia&parent=17069"}],"wp:term":[{"taxonomy":"product_brand","embeddable":true,"href":"https:\/\/elouedshop.com\/index.php?rest_route=%2Fwp%2Fv2%2Fproduct_brand&post=17069"},{"taxonomy":"product_cat","embeddable":true,"href":"https:\/\/elouedshop.com\/index.php?rest_route=%2Fwp%2Fv2%2Fproduct_cat&post=17069"},{"taxonomy":"product_tag","embeddable":true,"href":"https:\/\/elouedshop.com\/index.php?rest_route=%2Fwp%2Fv2%2Fproduct_tag&post=17069"}],"curies":[{"name":"wp","href":"https:\/\/api.w.org\/{rel}","templated":true}]}}