{"id":17039,"date":"2025-03-01T12:32:47","date_gmt":"2025-03-01T12:32:47","guid":{"rendered":"https:\/\/elouedshop.com\/?post_type=product&#038;p=17039"},"modified":"2025-03-10T00:46:56","modified_gmt":"2025-03-10T00:46:56","slug":"allah-maime-kudret-eren-yavuz-sana-kids-2","status":"publish","type":"product","link":"https:\/\/elouedshop.com\/?product=allah-maime-kudret-eren-yavuz-sana-kids-2","title":{"rendered":"Allah M&rsquo;aime &#8211; Kudret Eren Yavuz &#8211; Sana Kids"},"content":{"rendered":"<p class=\"h6\">Fiche technique<\/p>\n<dl class=\"data-sheet\">\n<dt class=\"name\">Ann\u00e9e<\/dt>\n<dd class=\"value\">2024<\/dd>\n<dt class=\"name\">Couverture<\/dt>\n<dd class=\"value\">Rigide<\/dd>\n<dt class=\"name\">Langue<\/dt>\n<dd class=\"value\">fran\u00e7aise<\/dd>\n<\/dl>\n","protected":false},"excerpt":{"rendered":"<p>Le livre ALLAH M&rsquo;AIME raconte de magnifiques histoires impr\u00e9gn\u00e9es des valeurs islamiques. Il tisse avec l\u00e9g\u00e8ret\u00e9 les qualit\u00e9s morales du Coran dans le quotidien de l&rsquo;enfant \u00e0 travers des r\u00e9cits inspirants sur : la satisfaction, l&rsquo;honn\u00eatet\u00e9, la propret\u00e9, et bien plus encore. Et par-dessus tout, il montre \u00e0 l&rsquo;enfant les actions qui renforcent l&rsquo;amour d&rsquo;Allah pour lui. Nous esp\u00e9rons que vous lirez ce livre avec bonheur et amour \u00e0 vos enfants et que vous toucherez leurs c\u0153urs avec les sagesses du Coran.<\/p>\n","protected":false},"featured_media":11776,"template":"","meta":[],"product_brand":[],"product_cat":[216,24,21],"product_tag":[],"class_list":{"0":"post-17039","1":"product","2":"type-product","3":"status-publish","4":"has-post-thumbnail","6":"product_cat-adoration-ibadat","7":"product_cat-enfants","8":"product_cat-livre","9":"description-off","11":"first","12":"instock","13":"shipping-taxable","14":"purchasable","15":"product-type-simple"},"jetpack_sharing_enabled":true,"_links":{"self":[{"href":"https:\/\/elouedshop.com\/index.php?rest_route=\/wp\/v2\/product\/17039","targetHints":{"allow":["GET"]}}],"collection":[{"href":"https:\/\/elouedshop.com\/index.php?rest_route=\/wp\/v2\/product"}],"about":[{"href":"https:\/\/elouedshop.com\/index.php?rest_route=\/wp\/v2\/types\/product"}],"wp:featuredmedia":[{"embeddable":true,"href":"https:\/\/elouedshop.com\/index.php?rest_route=\/wp\/v2\/media\/11776"}],"wp:attachment":[{"href":"https:\/\/elouedshop.com\/index.php?rest_route=%2Fwp%2Fv2%2Fmedia&parent=17039"}],"wp:term":[{"taxonomy":"product_brand","embeddable":true,"href":"https:\/\/elouedshop.com\/index.php?rest_route=%2Fwp%2Fv2%2Fproduct_brand&post=17039"},{"taxonomy":"product_cat","embeddable":true,"href":"https:\/\/elouedshop.com\/index.php?rest_route=%2Fwp%2Fv2%2Fproduct_cat&post=17039"},{"taxonomy":"product_tag","embeddable":true,"href":"https:\/\/elouedshop.com\/index.php?rest_route=%2Fwp%2Fv2%2Fproduct_tag&post=17039"}],"curies":[{"name":"wp","href":"https:\/\/api.w.org\/{rel}","templated":true}]}}