{"id":16558,"date":"2025-02-05T18:36:59","date_gmt":"2025-02-05T18:36:59","guid":{"rendered":"https:\/\/elouedshop.com\/?post_type=product&#038;p=16558"},"modified":"2025-03-14T12:03:58","modified_gmt":"2025-03-14T12:03:58","slug":"le-coran-explique-a-mon-enfant-tome-8-de-surat-nuh-jusqua-surat-al-haqqa-pixelgraf-editions-sana","status":"publish","type":"product","link":"https:\/\/elouedshop.com\/?product=le-coran-explique-a-mon-enfant-tome-8-de-surat-nuh-jusqua-surat-al-haqqa-pixelgraf-editions-sana","title":{"rendered":"Le Coran expliqu\u00e9 \u00e0 mon enfant &#8211; Tome 8 &#8211; De S\u00fbrat \u00ab\u00a0N\u00fbh\u00a0\u00bb Jusqu&rsquo;\u00e0 S\u00fbrat \u00ab\u00a0Al-H\u00e2qqa\u00a0\u00bb &#8211; PIXELGRAF &#8211; Editions Sana"},"content":{"rendered":"<table border=\"0\" width=\"100%\" cellspacing=\"0\" cellpadding=\"0\">\n<tbody>\n<tr>\n<td align=\"left\"><span style=\"font-family: Verdana, Arial;font-size: small\"><b>Type de produit :<\/b> Livre<br \/>\n<\/span><\/td>\n<\/tr>\n<tr>\n<td align=\"left\"><span style=\"font-family: Verdana, Arial;font-size: small\"><b>Nombre de pages :<\/b> 144<br \/>\n<\/span><\/td>\n<\/tr>\n<tr>\n<td align=\"left\"><span style=\"font-family: Verdana, Arial;font-size: small\"><b>Mod\u00e8le &#8211; Format :<\/b> 22.5 x 24.5 cm &#8211; rigide<br \/>\n<\/span><\/td>\n<\/tr>\n<tr>\n<td align=\"left\"><span style=\"font-family: Verdana, Arial;font-size: small\"><b>Editeur :<\/b> PixelGraf &#8211; Famille Musulmane<br \/>\n<\/span><\/td>\n<\/tr>\n<tr>\n<td align=\"left\"><span style=\"font-family: Verdana, Arial;font-size: small\"><b>Langue :<\/b> fran\u00e7ais<br \/>\n<\/span><\/td>\n<\/tr>\n<tr>\n<td align=\"left\"><span style=\"font-family: Verdana, Arial;font-size: small\"><b>ISBN\/EAN :<\/b> 9782490538256<\/span><\/td>\n<\/tr>\n<\/tbody>\n<\/table>\n","protected":false},"excerpt":{"rendered":"<p>Ce livre apporte les r\u00e9ponses que vos enfants se posent sur le Coran et l&rsquo;Islam.\u00a0 Ce tome contient S\u00fbrat N\u00fbh, Sur\u00e2t Al-Ma&rsquo;\u00e2rij,S\u00fbrat Al-H\u00e2qqa\u00a0\u00bb. Pour chacune d&rsquo;elle, il y &lsquo;a : Le texte arabe (avec le code couleur des r\u00e8gles de Tajwid) et le texte fran\u00e7ais, l&rsquo;explication des versets , des rubriques compl\u00e9mentaires (Infos science, des Questionnements\u00a0\u00bb, \u00ab\u00a0Mini-Dico\u00a0\u00bb, etc), un glossaire des termes arabes transcrits \u00e0 la fin.<\/p>\n","protected":false},"featured_media":12327,"template":"","meta":[],"product_brand":[],"product_cat":[22,24,21],"product_tag":[],"class_list":{"0":"post-16558","1":"product","2":"type-product","3":"status-publish","4":"has-post-thumbnail","6":"product_cat-coran","7":"product_cat-enfants","8":"product_cat-livre","9":"description-off","11":"first","12":"instock","13":"shipping-taxable","14":"purchasable","15":"product-type-simple"},"jetpack_sharing_enabled":true,"_links":{"self":[{"href":"https:\/\/elouedshop.com\/index.php?rest_route=\/wp\/v2\/product\/16558","targetHints":{"allow":["GET"]}}],"collection":[{"href":"https:\/\/elouedshop.com\/index.php?rest_route=\/wp\/v2\/product"}],"about":[{"href":"https:\/\/elouedshop.com\/index.php?rest_route=\/wp\/v2\/types\/product"}],"wp:featuredmedia":[{"embeddable":true,"href":"https:\/\/elouedshop.com\/index.php?rest_route=\/wp\/v2\/media\/12327"}],"wp:attachment":[{"href":"https:\/\/elouedshop.com\/index.php?rest_route=%2Fwp%2Fv2%2Fmedia&parent=16558"}],"wp:term":[{"taxonomy":"product_brand","embeddable":true,"href":"https:\/\/elouedshop.com\/index.php?rest_route=%2Fwp%2Fv2%2Fproduct_brand&post=16558"},{"taxonomy":"product_cat","embeddable":true,"href":"https:\/\/elouedshop.com\/index.php?rest_route=%2Fwp%2Fv2%2Fproduct_cat&post=16558"},{"taxonomy":"product_tag","embeddable":true,"href":"https:\/\/elouedshop.com\/index.php?rest_route=%2Fwp%2Fv2%2Fproduct_tag&post=16558"}],"curies":[{"name":"wp","href":"https:\/\/api.w.org\/{rel}","templated":true}]}}