{"id":16557,"date":"2025-02-05T18:36:50","date_gmt":"2025-02-05T18:36:50","guid":{"rendered":"https:\/\/elouedshop.com\/?post_type=product&#038;p=16557"},"modified":"2025-03-14T12:32:06","modified_gmt":"2025-03-14T12:32:06","slug":"le-coran-explique-a-mon-enfant-tome-7-pixelgraf-editions-sana","status":"publish","type":"product","link":"https:\/\/elouedshop.com\/?product=le-coran-explique-a-mon-enfant-tome-7-pixelgraf-editions-sana","title":{"rendered":"Le Coran expliqu\u00e9 \u00e0 mon enfant &#8211; Tome 7 &#8211; PIXELGRAF &#8211; Editions Sana"},"content":{"rendered":"<table border=\"0\" width=\"100%\" cellspacing=\"0\" cellpadding=\"0\">\n<tbody>\n<tr>\n<td align=\"left\"><span style=\"font-family: Verdana, Arial;font-size: small\"><b>Type de produit :<\/b> Livre<br \/>\n<\/span><\/td>\n<\/tr>\n<tr>\n<td align=\"left\"><span style=\"font-family: Verdana, Arial;font-size: small\"><b>Nombre de pages :<\/b> 120<br \/>\n<\/span><\/td>\n<\/tr>\n<tr>\n<td align=\"left\"><span style=\"font-family: Verdana, Arial;font-size: small\"><b>Mod\u00e8le &#8211; Format :<\/b> 22,5 x 24,5 cm<br \/>\n<\/span><\/td>\n<\/tr>\n<tr>\n<td align=\"left\"><span style=\"font-family: Verdana, Arial;font-size: small\"><b>Editeur :<\/b> Sana<br \/>\n<\/span><\/td>\n<\/tr>\n<tr>\n<td align=\"left\"><span style=\"font-family: Verdana, Arial;font-size: small\"><b>Ann\u00e9e :<\/b> 2020<br \/>\n<\/span><\/td>\n<\/tr>\n<tr>\n<td align=\"left\"><span style=\"font-family: Verdana, Arial;font-size: small\"><b>Langue :<\/b> fran\u00e7ais &#8211; arabe<br \/>\n<\/span><\/td>\n<\/tr>\n<tr>\n<td align=\"left\"><span style=\"font-family: Verdana, Arial;font-size: small\"><b>ISBN\/EAN :<\/b> 9782490538249<\/span><\/td>\n<\/tr>\n<\/tbody>\n<\/table>\n","protected":false},"excerpt":{"rendered":"<p>Ce tome 7 de la collection \u00ab\u00a0Le Coran expliqu\u00e9 \u00e0 mon enfant \u00a0\u00bb apporte les r\u00e9ponses que vos enfants se posent sur le Coran et l&rsquo;Islam.\u00a0Un\u00a0support\u00a0simplifi\u00e9e, illustr\u00e9, tout en \u00e9tant le plus complet possible.\u00a0Ce tome contient\u00a0contient\u00a0S\u00fbrat\u00a0\u00ab\u00a0Al-Muddathir,\u00a0S\u00fbrat\u00a0Al\u00a0Muzzammil,\u00a0S\u00fbrat\u00a0Al-Jinn..\u00a0Pour chacune d&rsquo;elle il y\u00a0&lsquo;a:<\/p>\n<p>&#8211;\u00a0Le texte arabe\u00a0(avec le code couleur des r\u00e8gles de\u00a0Tajwid)\u00a0et le texte fran\u00e7ais.<\/p>\n<p>&#8211;\u00a0L&rsquo;explication des versets con\u00e7ue \u00e0 partir de sources certifi\u00e9es<\/p>\n<p>&#8211;\u00a0Des rubriques\u00a0compl\u00e9mentaires:\u00a0Infos\u00a0science, des Questionnements pour faire r\u00e9fl\u00e9chir, des encarts \u00ab\u00a0Le savais-tu\u00a0\u00bb, \u00ab\u00a0Mini-Dico\u00a0\u00bb,\u00a0etc, un glossaire des termes arabes transcrits \u00e0 la fin.<\/p>\n","protected":false},"featured_media":12325,"template":"","meta":[],"product_brand":[],"product_cat":[22,24,21],"product_tag":[],"class_list":{"0":"post-16557","1":"product","2":"type-product","3":"status-publish","4":"has-post-thumbnail","6":"product_cat-coran","7":"product_cat-enfants","8":"product_cat-livre","9":"description-off","11":"first","12":"instock","13":"shipping-taxable","14":"purchasable","15":"product-type-simple"},"jetpack_sharing_enabled":true,"_links":{"self":[{"href":"https:\/\/elouedshop.com\/index.php?rest_route=\/wp\/v2\/product\/16557","targetHints":{"allow":["GET"]}}],"collection":[{"href":"https:\/\/elouedshop.com\/index.php?rest_route=\/wp\/v2\/product"}],"about":[{"href":"https:\/\/elouedshop.com\/index.php?rest_route=\/wp\/v2\/types\/product"}],"wp:featuredmedia":[{"embeddable":true,"href":"https:\/\/elouedshop.com\/index.php?rest_route=\/wp\/v2\/media\/12325"}],"wp:attachment":[{"href":"https:\/\/elouedshop.com\/index.php?rest_route=%2Fwp%2Fv2%2Fmedia&parent=16557"}],"wp:term":[{"taxonomy":"product_brand","embeddable":true,"href":"https:\/\/elouedshop.com\/index.php?rest_route=%2Fwp%2Fv2%2Fproduct_brand&post=16557"},{"taxonomy":"product_cat","embeddable":true,"href":"https:\/\/elouedshop.com\/index.php?rest_route=%2Fwp%2Fv2%2Fproduct_cat&post=16557"},{"taxonomy":"product_tag","embeddable":true,"href":"https:\/\/elouedshop.com\/index.php?rest_route=%2Fwp%2Fv2%2Fproduct_tag&post=16557"}],"curies":[{"name":"wp","href":"https:\/\/api.w.org\/{rel}","templated":true}]}}