{"id":16528,"date":"2025-02-05T16:18:56","date_gmt":"2025-02-05T16:18:56","guid":{"rendered":"https:\/\/elouedshop.com\/?post_type=product&#038;p=16528"},"modified":"2026-03-16T17:04:55","modified_gmt":"2026-03-16T17:04:55","slug":"mon-premier-coran-livre-dhistoires-couverture-cartonnee","status":"publish","type":"product","link":"https:\/\/elouedshop.com\/?product=mon-premier-coran-livre-dhistoires-couverture-cartonnee","title":{"rendered":"Mon premier Coran &#8211; Livre d&rsquo;histoires &#8211; Couverture cartonn\u00e9e"},"content":{"rendered":"<table border=\"0\" width=\"100%\" cellspacing=\"0\" cellpadding=\"0\">\n<tbody>\n<tr>\n<td align=\"left\"><span style=\"font-family: Verdana, Arial;font-size: small\"><b>Auteur :<\/b>\u00a0Saniyasnain Khan<br \/>\n<\/span><\/td>\n<\/tr>\n<tr>\n<td align=\"left\"><span style=\"font-family: Verdana, Arial;font-size: small\"><b>Type de produit :<\/b>\u00a0Livre<br \/>\n<\/span><\/td>\n<\/tr>\n<tr>\n<td align=\"left\"><span style=\"font-family: Verdana, Arial;font-size: small\"><b>Nombre de pages :<\/b>\u00a0320<br \/>\n<\/span><\/td>\n<\/tr>\n<tr>\n<td align=\"left\"><span style=\"font-family: Verdana, Arial;font-size: small\"><b>Mod\u00e8le &#8211; Format :<\/b>\u00a015,5 x 19,5 cm &#8211; Couverture cartonn\u00e9e<br \/>\n<\/span><\/td>\n<\/tr>\n<tr>\n<td align=\"left\"><span style=\"font-family: Verdana, Arial;font-size: small\"><b>Editeur :<\/b>\u00a0Orientica\u00a0&#8211;\u00a0Goodword Enfant<br \/>\n<\/span><\/td>\n<\/tr>\n<tr>\n<td align=\"left\"><span style=\"font-family: Verdana, Arial;font-size: small\"><b>Ann\u00e9e :<\/b>\u00a02023<br \/>\n<\/span><\/td>\n<\/tr>\n<tr>\n<td align=\"left\"><span style=\"font-family: Verdana, Arial;font-size: small\"><b>Langue :<\/b>\u00a0fran\u00e7ais<br \/>\n<\/span><\/td>\n<\/tr>\n<tr>\n<td align=\"left\"><span style=\"font-family: Verdana, Arial;font-size: small\"><b>ISBN\/EAN :<\/b>\u00a0978-2-35635-109-8 9788178987903 9782356351098<\/span><\/td>\n<\/tr>\n<\/tbody>\n<\/table>\n","protected":false},"excerpt":{"rendered":"<p><strong>Nouvelle \u00e9dition 2023 revue et am\u00e9lior\u00e9e. Couverture cartonn\u00e9e et rembourr\u00e9e avec parties argent\u00e9es.<\/strong><\/p>\n<p>Con\u00e7u pour \u00eatre utilis\u00e9 \u00e0 la maison ou \u00e0 l\u2019\u00e9cole, ce livre rend le message du Coran plus facile \u00e0 comprendre. C\u2019est le moyen id\u00e9al pour initier votre enfant au Coran et l\u2019inciter \u00e0 la lecture.<\/p>\n<p>Sp\u00e9cialement s\u00e9lectionn\u00e9es pour les tr\u00e8s jeunes enfants, ces histoires servent de base pour l\u2019\u00e9laboration d\u2019une connaissance plus approfondie du Coran, id\u00e9ales \u00e0 lire avant de dormir.<\/p>\n<p><strong>Ce livre contient :<\/strong><\/p>\n<ul>\n<li>42 histoires tir\u00e9es du Coran et faciles \u00e0 lire.<\/li>\n<li>Une valeur morale dans chaque histoire.<\/li>\n<li>Un langage simple.<\/li>\n<li>Des illustrations expressives et plaisantes<\/li>\n<li>Les r\u00e9f\u00e9rences coraniques de chaque histoire se trouvent \u00e0 la fin du livre.<\/li>\n<\/ul>\n<p><strong>Voici les titres principaux :<\/strong><\/p>\n<ol>\n<li>Au Commencement<\/li>\n<li>Le Premier Homme<\/li>\n<li>L&rsquo;Orgueil d&rsquo;Iblis<\/li>\n<li>Notre Terre<\/li>\n<li>Allah les a tous cr\u00e9\u00e9s<\/li>\n<li>Le Premier Proph\u00e8te, le premier Homme<\/li>\n<li>Les Deux fr\u00e8res<\/li>\n<li>L&rsquo;Arche de Nouh<\/li>\n<li>Le Proph\u00e8te Houd et Le Vent terrible<\/li>\n<li>La Chamelle et le peuple du mal<\/li>\n<li>Le Proph\u00e8te Ibrahim<\/li>\n<li>La Foi d&rsquo;Ibrahim<\/li>\n<li>Le voyage du Proph\u00e8te Ibrahim en Arabie<\/li>\n<li>Le Grand Sacrifice<\/li>\n<li>Les invit\u00e9s du proph\u00e8te Ibrahim<\/li>\n<li>La Construction de la Ka&rsquo;ba<\/li>\n<li>La Premi\u00e8re Invitation au p\u00e8lerinage<\/li>\n<li>Le Proph\u00e8te Yousso\u00fbf et ses fr\u00e8res<\/li>\n<li>Le Proph\u00e8te Yousso\u00fbf et le r\u00eave du Roi<\/li>\n<li>Le Proph\u00e8te Shou&rsquo;aib et le tremblement de Terre<\/li>\n<li>L&rsquo;Homme le Plus Patient<\/li>\n<li>Le Proph\u00e8te Younous et le Grand Poisson<\/li>\n<li>La Maison au Tr\u00e9sor<\/li>\n<li>L&rsquo;Ane du Proph\u00e8te &lsquo;Ouza\u00efr<\/li>\n<li>Les Conseils de Louqm\u00e2n<\/li>\n<li>Les Gens de la Caverne<\/li>\n<li>La Pri\u00e8re d&rsquo;un Vieil Homme<\/li>\n<li>L&rsquo;Histoire de Maryam<\/li>\n<li>Le Proph\u00e8te &lsquo;Issa et le Miracle de la Table Servie<\/li>\n<li>L&rsquo;Histoire des Deux Jardins<\/li>\n<li>La Reine G\u00e9n\u00e9reuse<\/li>\n<li>La fuite du Proph\u00e8te Mo\u00fbssa<\/li>\n<li>Le Proph\u00e8te Mo\u00fbssa et le Buisson Ardent<\/li>\n<li>Les Magiciens du Roi<\/li>\n<li>La noyade du Roi Cruel<\/li>\n<li>Allah parle au Proph\u00e8te Mo\u00fbssa<\/li>\n<li>Le Peuple de Mo\u00fbssa d\u00e9sob\u00e9it \u00e0 Allah<\/li>\n<li>Un Gar\u00e7on courageux<\/li>\n<li>La Vall\u00e9e des Fourmis<\/li>\n<li>La Reine de Saba&rsquo;<\/li>\n<li>Le Proph\u00e8te Soulaym\u00e2n et les Ddjinns<\/li>\n<li>Le Mur de Fer<\/li>\n<\/ol>\n","protected":false},"featured_media":4351,"template":"","meta":[],"product_brand":[],"product_cat":[39,24,175,68,21,225,67],"product_tag":[],"class_list":{"0":"post-16528","1":"product","2":"type-product","3":"status-publish","4":"has-post-thumbnail","6":"product_cat-bebe-3ans","7":"product_cat-enfants","8":"product_cat-histoires-du-coran","9":"product_cat-histoires-prophetes","10":"product_cat-livre","11":"product_cat-ramadan","12":"product_cat-recits-coranique","13":"description-off","15":"first","16":"instock","17":"shipping-taxable","18":"purchasable","19":"product-type-simple"},"jetpack_sharing_enabled":true,"_links":{"self":[{"href":"https:\/\/elouedshop.com\/index.php?rest_route=\/wp\/v2\/product\/16528","targetHints":{"allow":["GET"]}}],"collection":[{"href":"https:\/\/elouedshop.com\/index.php?rest_route=\/wp\/v2\/product"}],"about":[{"href":"https:\/\/elouedshop.com\/index.php?rest_route=\/wp\/v2\/types\/product"}],"wp:featuredmedia":[{"embeddable":true,"href":"https:\/\/elouedshop.com\/index.php?rest_route=\/wp\/v2\/media\/4351"}],"wp:attachment":[{"href":"https:\/\/elouedshop.com\/index.php?rest_route=%2Fwp%2Fv2%2Fmedia&parent=16528"}],"wp:term":[{"taxonomy":"product_brand","embeddable":true,"href":"https:\/\/elouedshop.com\/index.php?rest_route=%2Fwp%2Fv2%2Fproduct_brand&post=16528"},{"taxonomy":"product_cat","embeddable":true,"href":"https:\/\/elouedshop.com\/index.php?rest_route=%2Fwp%2Fv2%2Fproduct_cat&post=16528"},{"taxonomy":"product_tag","embeddable":true,"href":"https:\/\/elouedshop.com\/index.php?rest_route=%2Fwp%2Fv2%2Fproduct_tag&post=16528"}],"curies":[{"name":"wp","href":"https:\/\/api.w.org\/{rel}","templated":true}]}}