{"id":1637,"date":"2023-07-01T14:17:52","date_gmt":"2023-07-01T14:17:52","guid":{"rendered":"https:\/\/elouedshop.com\/?post_type=product&#038;p=1637"},"modified":"2024-01-10T18:57:42","modified_gmt":"2024-01-10T18:57:42","slug":"apprendre-a-dialoguer","status":"publish","type":"product","link":"https:\/\/elouedshop.com\/?product=apprendre-a-dialoguer","title":{"rendered":"Apprendre a dialoguer"},"content":{"rendered":"<p>Le dialogue est \u00e0 la base de toute interaction sociale. En effet, il est le ciment qui cr\u00e9e la coh\u00e9sion, mais celle-ci ne sera forte que si tous les ingr\u00e9dients n\u00e9cessaires sont pr\u00e9sents.<\/p>\n<p>\u00c0 l\u2019heure de la mondialisation et des r\u00e9seaux sociaux, il est facile d\u2019\u00e9changer avec le monde entier, mais on observe dans un m\u00eame temps que le dialogue au sein du foyer se d\u00e9t\u00e9riore, et ce, de fa\u00e7on g\u00e9n\u00e9ralis\u00e9e. Cela s\u2019observe dans les relations parents-enfants, mais aussi dans les relations que les enfants ont entre eux, jusque dans celles qui touchent le couple.<\/p>\n<p>L\u2019auteur pointe avec justesse les sympt\u00f4mes de ce ph\u00e9nom\u00e8ne et y apporte une s\u00e9rie de rem\u00e8des et solutions pratiques, en s\u2019appuyant sur des exemples concrets. Il d\u00e9gage aussi les r\u00e8gles fondamentales qui vont nous servir de guide dans les relations intrafamiliales et dans l\u2019\u00e9ducation des enfants.<\/p>\n","protected":false},"excerpt":{"rendered":"<p>Le dialogue est \u00e0 la base de toute interaction sociale. En effet, il est le ciment qui cr\u00e9e la coh\u00e9sion, mais celle-ci ne sera forte que si tous les ingr\u00e9dients n\u00e9cessaires sont pr\u00e9sents. \u00c0 l\u2019heure de la mondialisation et des r\u00e9seaux sociaux, il est facile d\u2019\u00e9changer avec le monde entier, mais on observe dans un&hellip;<\/p>\n","protected":false},"featured_media":1632,"template":"","meta":[],"product_brand":[],"product_cat":[44,21,46],"product_tag":[],"class_list":{"0":"post-1637","1":"product","2":"type-product","3":"status-publish","4":"has-post-thumbnail","6":"product_cat-ethique-education","7":"product_cat-livre","8":"product_cat-mariage-couple","9":"description-off","11":"first","12":"instock","13":"shipping-taxable","14":"purchasable","15":"product-type-simple"},"jetpack_sharing_enabled":true,"_links":{"self":[{"href":"https:\/\/elouedshop.com\/index.php?rest_route=\/wp\/v2\/product\/1637","targetHints":{"allow":["GET"]}}],"collection":[{"href":"https:\/\/elouedshop.com\/index.php?rest_route=\/wp\/v2\/product"}],"about":[{"href":"https:\/\/elouedshop.com\/index.php?rest_route=\/wp\/v2\/types\/product"}],"wp:featuredmedia":[{"embeddable":true,"href":"https:\/\/elouedshop.com\/index.php?rest_route=\/wp\/v2\/media\/1632"}],"wp:attachment":[{"href":"https:\/\/elouedshop.com\/index.php?rest_route=%2Fwp%2Fv2%2Fmedia&parent=1637"}],"wp:term":[{"taxonomy":"product_brand","embeddable":true,"href":"https:\/\/elouedshop.com\/index.php?rest_route=%2Fwp%2Fv2%2Fproduct_brand&post=1637"},{"taxonomy":"product_cat","embeddable":true,"href":"https:\/\/elouedshop.com\/index.php?rest_route=%2Fwp%2Fv2%2Fproduct_cat&post=1637"},{"taxonomy":"product_tag","embeddable":true,"href":"https:\/\/elouedshop.com\/index.php?rest_route=%2Fwp%2Fv2%2Fproduct_tag&post=1637"}],"curies":[{"name":"wp","href":"https:\/\/api.w.org\/{rel}","templated":true}]}}