{"id":12476,"date":"2025-01-09T18:07:20","date_gmt":"2025-01-09T18:07:20","guid":{"rendered":"https:\/\/elouedshop.com\/?post_type=product&#038;p=12476"},"modified":"2025-01-09T18:08:27","modified_gmt":"2025-01-09T18:08:27","slug":"doudou-pingouin-veilleuse-coranique-detecteur-de-pleur","status":"publish","type":"product","link":"https:\/\/elouedshop.com\/?product=doudou-pingouin-veilleuse-coranique-detecteur-de-pleur","title":{"rendered":"Doudou Pingouin veilleuse coranique + Detecteur de pleur"},"content":{"rendered":"","protected":false},"excerpt":{"rendered":"<h2><strong>Une veilleuse pour un sommeil doux pour b\u00e9b\u00e9<\/strong><\/h2>\n<p>Si vous cherchez un\u00a0<strong>moyen unique<\/strong>\u00a0,\u00a0<strong>apaisant<\/strong>\u00a0et\u00a0<strong>amusant<\/strong>\u00a0de reposer votre enfant, ne cherchez pas plus loin que cette peluche.<\/p>\n<p><strong>Endormir un b\u00e9b\u00e9\u00a0<\/strong>, ce n&rsquo;est pas toujours facile. Cela peut m\u00eame devenir une difficult\u00e9 pour les jeunes parents qui ne savent pas comment s&rsquo;y prendre.<\/p>\n<p>C&rsquo;est un moment d\u00e9licat pendant lequel b\u00e9b\u00e9 peut \u00eatre agit\u00e9 ou grincheux.<\/p>\n<p>Cette\u00a0<strong>peluche<\/strong>\u00a0est\u00a0<strong>parfaite<\/strong>\u00a0pour les enfants qui aiment\u00a0<strong>les doudous<\/strong>\u00a0avec, des\u00a0<strong>versets coraniques<\/strong>\u00a0, des\u00a0<strong>Douas,<\/strong>\u00a0des\u00a0<strong>Anachids apaisants<\/strong>\u00a0et\u00a0<strong>relaxants<\/strong>\u00a0.<\/p>\n<p>Elle d\u00e9gage \u00e9galement des projections de ciel \u00e9toil\u00e9 pour favoriser\u00a0<strong>l&rsquo;endormissement de votre b\u00e9b\u00e9<\/strong>\u00a0ce qui en fait le\u00a0<strong>compagnon id\u00e9al<\/strong>\u00a0pour les\u00a0<strong>nuits agit\u00e9es<\/strong>\u00a0ou les\u00a0<strong>moments de stress<\/strong>\u00a0.<\/p>\n<p class=\"expanded-width\"><img decoding=\"async\" class=\"exp-loaded\" src=\"https:\/\/cdn.shopify.com\/s\/files\/1\/0719\/5669\/3313\/files\/Peluche6-Moduleelectronique_livraison_480x480.png?v=1708339749\" alt=\"\" \/><\/p>\n<ul>\n<li><strong>7 Types de projection<\/strong>\u00a0: lumi\u00e8re diffuse, ciel \u00e9toil\u00e9 et nuages \u200b\u200b\u200b\u200b.<\/li>\n<\/ul>\n<p class=\"expanded-width\"><img decoding=\"async\" class=\"exp-loaded\" src=\"https:\/\/cdn.shopify.com\/s\/files\/1\/0719\/5669\/3313\/files\/Peluche6-Descriptionprojecteur_livraison_480x480.png?v=1708339806\" alt=\"\" \/><\/p>\n<ul>\n<li><strong>7 modes d&rsquo;\u00e9coute\u00a0<\/strong><strong>plus une heure d&rsquo;audios.<\/strong><\/li>\n<li><strong>Coran Juz Amma<\/strong>\u00a0r\u00e9cit\u00e9 par Ahmed Saoud.<\/li>\n<li><strong>Duaas Adhkar et Nawm.<\/strong><\/li>\n<li>Les\u00a0<b>40 Rabanna du Coran Al karim<\/b>\u00a0.<\/li>\n<li><strong>Nasheed Apaisants et relaxants sans instrument.<\/strong><\/li>\n<\/ul>\n<p>&nbsp;<\/p>\n<p class=\"expanded-width\"><strong><img decoding=\"async\" class=\"exp-loaded\" src=\"https:\/\/cdn.shopify.com\/s\/files\/1\/0719\/5669\/3313\/files\/Peluche6-Descriptionhaut-parleur_livraison_480x480.png?v=1708339939\" alt=\"\" \/><\/strong><\/p>\n<ul>\n<li>Gr\u00e2ce au\u00a0<strong>module \u00e9lectronique d\u00e9tachable<\/strong>\u00a0, le doudou devient un compagnon tout doux pour votre v\u00e9ritable<\/li>\n<\/ul>\n<ul>\n<li><strong>Doudou nomade ou sans fil<\/strong>\u00a0. Il a donc l&rsquo;avantage d&rsquo;\u00eatre\u00a0<strong>d\u00e9pla\u00e7able<\/strong>\u00a0dans n&rsquo;importe quel endroit ou b\u00e9b\u00e9 s&rsquo;endort.<\/li>\n<\/ul>\n<ul>\n<li>3 en 1 \u2013\u00a0<strong>Doudou, projecteur, veilleuse<\/strong>\u00a0.<\/li>\n<\/ul>\n<ul>\n<li><strong>R\u00e9glage du volume<\/strong>\u00a0sonore et de la\u00a0<strong>projection lumineuse<\/strong>\u00a0.<\/li>\n<\/ul>\n<p>&nbsp;<\/p>\n<p class=\"expanded-width\"><img decoding=\"async\" class=\"exp-loaded\" src=\"https:\/\/cdn.shopify.com\/s\/files\/1\/0719\/5669\/3313\/files\/Peluche6-Descriptiondoudou_livraison_480x480.png?v=1708339985\" alt=\"\" \/><\/p>\n<ul>\n<li>Doudou\u00a0<strong>lavable \u00e0 la main.<\/strong><\/li>\n<\/ul>\n<p class=\"expanded-width\"><strong><img decoding=\"async\" class=\"exp-loaded\" src=\"https:\/\/cdn.shopify.com\/s\/files\/1\/0719\/5669\/3313\/files\/Peluche6-Lavablealamain_livraison_480x480.png?v=1708340015\" alt=\"\" \/><\/strong><\/p>\n<ul>\n<li>Fonctionne avec\u00a0<strong>3 pieux LR6<\/strong>\u00a0.<\/li>\n<\/ul>\n<p>&nbsp;<\/p>\n<p class=\"expanded-width\"><img decoding=\"async\" class=\"exp-loaded\" src=\"https:\/\/cdn.shopify.com\/s\/files\/1\/0719\/5669\/3313\/files\/Peluche6-Installationbatterie_livraison_480x480.png?v=1708340047\" alt=\"\" \/><\/p>\n<h3>Contenu audio de la veilleuse (1 heure d&rsquo;audio):<\/h3>\n<h4>Anachide (9 minutes)<\/h4>\n<ul>\n<li>Les 5 piliers de l&rsquo;Islam<\/li>\n<li>cendre Shahada<\/li>\n<li>Haya ala salat<\/li>\n<li>Laylat ul Qadar<\/li>\n<li>Mohammed Nabina<\/li>\n<li>Iqra<\/li>\n<li>Kanat Saima<\/li>\n<li>Adhkar<\/li>\n<\/ul>\n<h4>Coran (Juz Amma) r\u00e9cit\u00e9 par Ahmed Saoud (30 minutes)<\/h4>\n<ul>\n<li>Les constellations (Al-Buruj).<\/li>\n<li>L&rsquo;astre nocturne (At-Tariq).<\/li>\n<li>Le Tr\u00e8s-Haut (Al-Ala).<\/li>\n<li>L&rsquo;enveloppeante (Al-Gasiyah).<\/li>\n<li>L&rsquo;aube (Al-Fajr).<\/li>\n<li>La cit\u00e9 (Al-Balad).<\/li>\n<li>Le soleil (Ach-Chams).<\/li>\n<li>La nuit (Al-Layl).<\/li>\n<li>Le jour montant (Ad-Duha).<\/li>\n<li>L&rsquo;ouverture (As-Sarh).<\/li>\n<li>Le figuier (At-Tin).<\/li>\n<li>L&rsquo;adh\u00e9sion (Al-Alaq).<\/li>\n<li>La Destin\u00e9e (Al-Qadr).<\/li>\n<li>La preuve (Al-Bayyinah).<\/li>\n<li>La secousse (Az-Zalzalah).<\/li>\n<li>Les coursiers (Al-Adiyate).<\/li>\n<li>Le fracas (Al-Qariah).<\/li>\n<li>La course aux richesses (At-Takatur).<\/li>\n<li>Le temps (Al-Asr).<\/li>\n<li>Les calomniateurs (Al-Humazah).<\/li>\n<li>L&rsquo;\u00e9l\u00e9phant (Al-Fil).<\/li>\n<li>Qora\u00efsh.<\/li>\n<li>L&rsquo;ustensile (Al-Maun).<\/li>\n<li>L&rsquo;abondance (Al-Kawtar).<\/li>\n<li>Les infid\u00e8les (Al-Kafirune).<\/li>\n<li>Les secours (An-Nasr).<\/li>\n<li>Les fibres (Al-Masad).<\/li>\n<li>Le monoth\u00e9isme pur (Al-Ihlas).<\/li>\n<li>L&rsquo;aube naissante (Al-Falaq).<\/li>\n<li>Les hommes (An-Nas).<\/li>\n<\/ul>\n<h4>Douas ( 22 minutes )<\/h4>\n<ul>\n<li>&#8211; Adhkar an Nawm (Al Afasy)<\/li>\n<li>&#8211; Les 40 Rabanna du Coran al Karim<\/li>\n<\/ul>\n<p>&nbsp;<\/p>\n<h4>Dimension\u00a0\u00a0de la peluche coranique<\/h4>\n<p>&nbsp;<\/p>\n<p class=\"expanded-width\"><img decoding=\"async\" class=\"exp-loaded\" src=\"https:\/\/cdn.shopify.com\/s\/files\/1\/0719\/5669\/3313\/files\/Peluche6-Dimensionset4en1_livraison_480x480.png?v=1708340100\" alt=\"\" \/><\/p>\n<p>&nbsp;<\/p>\n","protected":false},"featured_media":9504,"template":"","meta":[],"product_brand":[],"product_cat":[226,38,26,225],"product_tag":[],"class_list":{"0":"post-12476","1":"product","2":"type-product","3":"status-publish","4":"has-post-thumbnail","6":"product_cat-cadeau-naissance","7":"product_cat-idees-de-cadeaux","8":"product_cat-jouets-educatifs","9":"product_cat-ramadan","10":"description-off","12":"first","13":"instock","14":"featured","15":"shipping-taxable","16":"purchasable","17":"product-type-simple"},"jetpack_sharing_enabled":true,"_links":{"self":[{"href":"https:\/\/elouedshop.com\/index.php?rest_route=\/wp\/v2\/product\/12476","targetHints":{"allow":["GET"]}}],"collection":[{"href":"https:\/\/elouedshop.com\/index.php?rest_route=\/wp\/v2\/product"}],"about":[{"href":"https:\/\/elouedshop.com\/index.php?rest_route=\/wp\/v2\/types\/product"}],"wp:featuredmedia":[{"embeddable":true,"href":"https:\/\/elouedshop.com\/index.php?rest_route=\/wp\/v2\/media\/9504"}],"wp:attachment":[{"href":"https:\/\/elouedshop.com\/index.php?rest_route=%2Fwp%2Fv2%2Fmedia&parent=12476"}],"wp:term":[{"taxonomy":"product_brand","embeddable":true,"href":"https:\/\/elouedshop.com\/index.php?rest_route=%2Fwp%2Fv2%2Fproduct_brand&post=12476"},{"taxonomy":"product_cat","embeddable":true,"href":"https:\/\/elouedshop.com\/index.php?rest_route=%2Fwp%2Fv2%2Fproduct_cat&post=12476"},{"taxonomy":"product_tag","embeddable":true,"href":"https:\/\/elouedshop.com\/index.php?rest_route=%2Fwp%2Fv2%2Fproduct_tag&post=12476"}],"curies":[{"name":"wp","href":"https:\/\/api.w.org\/{rel}","templated":true}]}}