{"id":12461,"date":"2025-01-09T17:45:13","date_gmt":"2025-01-09T17:45:13","guid":{"rendered":"https:\/\/elouedshop.com\/?post_type=product&#038;p=12461"},"modified":"2025-01-09T17:45:53","modified_gmt":"2025-01-09T17:45:53","slug":"allah-sait","status":"publish","type":"product","link":"https:\/\/elouedshop.com\/?product=allah-sait","title":{"rendered":"Allah sait.\u2026"},"content":{"rendered":"","protected":false},"excerpt":{"rendered":"<p>A travers ce merveilleux livre rempli de sagesse, vos enfants apprendront quelques tr\u00e9sors \u00e0 propos d\u2019Allah. Une histoire aux illustrations captivantes, accompagn\u00e9es de textes adapt\u00e9s \u00e0 l\u2019\u00e2ge de l\u2019enfant.<\/p>\n<p>Allah sait tout ce qui se passe sur Terre, de jour comme de nuit car Il ne dort jamais\u2026 Il est Al Khabir.<\/p>\n<p>Il sait ce qu\u2019il y a dans mon c\u0153ur m\u00eame si je ne le dis \u00e0 personne\u2026 Il est le Connaisseur de toute chose.<\/p>\n<p>Allah sait quand je dis la v\u00e9rit\u00e9 ou quand je mens&#8230;. Il est Al \u2018Alim.<\/p>\n<p>Il sait quand je suis triste\u2026 et quand j\u2019ai besoin d\u2019\u00eatre consol\u00e9.<\/p>\n<p>Allah sait quand je L\u2019invoque, m\u00eame quand je chuchote\u2026 Il est Ach-Chah\u00eed.<\/p>\n","protected":false},"featured_media":5305,"template":"","meta":[],"product_brand":[],"product_cat":[180,24,21],"product_tag":[],"class_list":{"0":"post-12461","1":"product","2":"type-product","3":"status-publish","4":"has-post-thumbnail","6":"product_cat-dogme-2","7":"product_cat-enfants","8":"product_cat-livre","9":"description-off","11":"first","12":"instock","13":"shipping-taxable","14":"purchasable","15":"product-type-simple"},"jetpack_sharing_enabled":true,"_links":{"self":[{"href":"https:\/\/elouedshop.com\/index.php?rest_route=\/wp\/v2\/product\/12461","targetHints":{"allow":["GET"]}}],"collection":[{"href":"https:\/\/elouedshop.com\/index.php?rest_route=\/wp\/v2\/product"}],"about":[{"href":"https:\/\/elouedshop.com\/index.php?rest_route=\/wp\/v2\/types\/product"}],"wp:featuredmedia":[{"embeddable":true,"href":"https:\/\/elouedshop.com\/index.php?rest_route=\/wp\/v2\/media\/5305"}],"wp:attachment":[{"href":"https:\/\/elouedshop.com\/index.php?rest_route=%2Fwp%2Fv2%2Fmedia&parent=12461"}],"wp:term":[{"taxonomy":"product_brand","embeddable":true,"href":"https:\/\/elouedshop.com\/index.php?rest_route=%2Fwp%2Fv2%2Fproduct_brand&post=12461"},{"taxonomy":"product_cat","embeddable":true,"href":"https:\/\/elouedshop.com\/index.php?rest_route=%2Fwp%2Fv2%2Fproduct_cat&post=12461"},{"taxonomy":"product_tag","embeddable":true,"href":"https:\/\/elouedshop.com\/index.php?rest_route=%2Fwp%2Fv2%2Fproduct_tag&post=12461"}],"curies":[{"name":"wp","href":"https:\/\/api.w.org\/{rel}","templated":true}]}}