{"id":12460,"date":"2025-01-09T17:45:10","date_gmt":"2025-01-09T17:45:10","guid":{"rendered":"https:\/\/elouedshop.com\/?post_type=product&#038;p=12460"},"modified":"2025-01-09T17:45:41","modified_gmt":"2025-01-09T17:45:41","slug":"allah-ma-dit","status":"publish","type":"product","link":"https:\/\/elouedshop.com\/?product=allah-ma-dit","title":{"rendered":"Allah m&rsquo;a dit\u2026"},"content":{"rendered":"","protected":false},"excerpt":{"rendered":"<p>Ce merveilleux livre est une introduction aux cinq piliers de l\u2019Islam, mais pas que! A travers les textes, vos enfants en apprendront bien plus sur notre Seigneur. Une histoire aux illustrations captivantes, accompagn\u00e9es de textes adapt\u00e9s \u00e0 l\u2019\u00e2ge de l\u2019enfant.<\/p>\n<p>Allah est mon Seigneur, Celui qui sait tout, qui voit tout et entend tout.<\/p>\n<p>Dans le Coran, Allah m\u2019a dit de faire la chahada, de dire : La illaha ila Allah, Mohamed rassoulouLlah. Ce qui veut dire : nul n\u2019est en droit d\u2019\u00eatre ador\u00e9 \u00e0 part Allah et Mohamed est le messager d\u2019Allah.<\/p>\n","protected":false},"featured_media":5303,"template":"","meta":[],"product_brand":[],"product_cat":[181,24,21],"product_tag":[],"class_list":{"0":"post-12460","1":"product","2":"type-product","3":"status-publish","4":"has-post-thumbnail","6":"product_cat-education-religieuse","7":"product_cat-enfants","8":"product_cat-livre","9":"description-off","11":"first","12":"instock","13":"shipping-taxable","14":"purchasable","15":"product-type-simple"},"jetpack_sharing_enabled":true,"_links":{"self":[{"href":"https:\/\/elouedshop.com\/index.php?rest_route=\/wp\/v2\/product\/12460","targetHints":{"allow":["GET"]}}],"collection":[{"href":"https:\/\/elouedshop.com\/index.php?rest_route=\/wp\/v2\/product"}],"about":[{"href":"https:\/\/elouedshop.com\/index.php?rest_route=\/wp\/v2\/types\/product"}],"wp:featuredmedia":[{"embeddable":true,"href":"https:\/\/elouedshop.com\/index.php?rest_route=\/wp\/v2\/media\/5303"}],"wp:attachment":[{"href":"https:\/\/elouedshop.com\/index.php?rest_route=%2Fwp%2Fv2%2Fmedia&parent=12460"}],"wp:term":[{"taxonomy":"product_brand","embeddable":true,"href":"https:\/\/elouedshop.com\/index.php?rest_route=%2Fwp%2Fv2%2Fproduct_brand&post=12460"},{"taxonomy":"product_cat","embeddable":true,"href":"https:\/\/elouedshop.com\/index.php?rest_route=%2Fwp%2Fv2%2Fproduct_cat&post=12460"},{"taxonomy":"product_tag","embeddable":true,"href":"https:\/\/elouedshop.com\/index.php?rest_route=%2Fwp%2Fv2%2Fproduct_tag&post=12460"}],"curies":[{"name":"wp","href":"https:\/\/api.w.org\/{rel}","templated":true}]}}