{"id":12454,"date":"2025-01-09T17:41:30","date_gmt":"2025-01-09T17:41:30","guid":{"rendered":"https:\/\/elouedshop.com\/?post_type=product&#038;p=12454"},"modified":"2025-01-09T17:41:51","modified_gmt":"2025-01-09T17:41:51","slug":"plus-dhistoires-tirees-du-coran","status":"publish","type":"product","link":"https:\/\/elouedshop.com\/?product=plus-dhistoires-tirees-du-coran","title":{"rendered":"Plus d&rsquo;histoires tir\u00e9es du Coran"},"content":{"rendered":"<p>Un tr\u00e9sor d&rsquo;histoires extraites du Coran pour les tout-petits.<\/p>\n<p>Voici quelques-unes des histoires les plus appr\u00e9ci\u00e9es du Coran. Sp\u00e9cialement s\u00e9lectionn\u00e9es pour les plus jeunes, elles offrent la base sur laquelle s\u2019\u00e9tablira une connaissance solide et sans cesse d\u00e9velopp\u00e9e des \u00c9critures saintes. C\u2019est l\u2019art de conter par excellence en utilisant les expressions les plus simples. Tout en \u00e9tant faciles \u00e0 comprendre, ces histoires sont \u00e9galement amusantes \u00e0 lire et \u00e0 partager avec les autres. Les illustrations color\u00e9es et con\u00e7ues pour les enfants compl\u00e8tent le texte en donnant vie aux histoires.<\/p>\n<p>Pour enfants \u00e2g\u00e9s de 4 ans et plus.<\/p>\n<p><strong>Table des mati\u00e8res<\/strong><\/p>\n<div>\n<ul>\n<li>L\u2019Histoire des Deux Jardins 7<\/li>\n<li>Allah Parle \u00e0 M\u00fbs\u00e2 (PSL) 27<\/li>\n<li>Le Sage et le Proph\u00e8te M\u00fbs\u00e2 (PSL) 49<\/li>\n<li>Le Pieux et Ses Fils 67<\/li>\n<li>Le Proph\u00e8te Y\u00fbsuf (PSL) et le R\u00eave du Roi 81<\/li>\n<li>Le Proph\u00e8te H\u00fbd (PSL) et la Temp\u00eate 101<\/li>\n<li>L\u2019Homme le Plus Patient 123<\/li>\n<li>Le Mur de Fer 139<\/li>\n<li>La Pri\u00e8re du Vieil Homme 159<\/li>\n<li>Les Conseils de Luqm\u00e2n \u00e0 Son Fils 183<\/li>\n<li>L\u2019\u00c2ne de \u2018Uzayr 205<\/li>\n<li>La Lumi\u00e8re d\u2019Allah (PSL) 221<\/li>\n<\/ul>\n<\/div>\n","protected":false},"excerpt":{"rendered":"<table border=\"0\" width=\"100%\" cellspacing=\"0\" cellpadding=\"0\">\n<tbody>\n<tr>\n<td align=\"left\"><span style=\"font-family: Verdana, Arial; font-size: small;\"><b>Auteur :<\/b>\u00a0Saniyasnain Khan<br \/>\n<\/span><\/td>\n<\/tr>\n<tr>\n<td align=\"left\"><span style=\"font-family: Verdana, Arial; font-size: small;\"><b>Type de produit :<\/b>\u00a0Livre<br \/>\n<\/span><\/td>\n<\/tr>\n<tr>\n<td align=\"left\"><span style=\"font-family: Verdana, Arial; font-size: small;\"><b>Nombre de pages :<\/b>\u00a0242<br \/>\n<\/span><\/td>\n<\/tr>\n<tr>\n<td align=\"left\"><span style=\"font-family: Verdana, Arial; font-size: small;\"><b>Mod\u00e8le &#8211; Format :<\/b>\u00a016 x 22 cm &#8211; Cartonn\u00e9 &#8211; Titre argent\u00e9<br \/>\n<\/span><\/td>\n<\/tr>\n<tr>\n<td align=\"left\"><span style=\"font-family: Verdana, Arial; font-size: small;\"><b>Editeur :<\/b>\u00a0Orientica\u00a0&#8211;\u00a0Goodword Books<br \/>\n<\/span><\/td>\n<\/tr>\n<tr>\n<td align=\"left\"><span style=\"font-family: Verdana, Arial; font-size: small;\"><b>Langue :<\/b>\u00a0fran\u00e7ais<br \/>\n<\/span><\/td>\n<\/tr>\n<tr>\n<td align=\"left\"><span style=\"font-family: Verdana, Arial; font-size: small;\"><b>ISBN\/EAN :<\/b>\u00a09789351790655 5430000210331<\/span><\/td>\n<\/tr>\n<\/tbody>\n<\/table>\n","protected":false},"featured_media":6747,"template":"","meta":[],"product_brand":[],"product_cat":[24,175,21,67],"product_tag":[],"class_list":{"0":"post-12454","1":"product","2":"type-product","3":"status-publish","4":"has-post-thumbnail","6":"product_cat-enfants","7":"product_cat-histoires-du-coran","8":"product_cat-livre","9":"product_cat-recits-coranique","10":"description-off","12":"first","13":"instock","14":"shipping-taxable","15":"purchasable","16":"product-type-simple"},"jetpack_sharing_enabled":true,"_links":{"self":[{"href":"https:\/\/elouedshop.com\/index.php?rest_route=\/wp\/v2\/product\/12454","targetHints":{"allow":["GET"]}}],"collection":[{"href":"https:\/\/elouedshop.com\/index.php?rest_route=\/wp\/v2\/product"}],"about":[{"href":"https:\/\/elouedshop.com\/index.php?rest_route=\/wp\/v2\/types\/product"}],"wp:featuredmedia":[{"embeddable":true,"href":"https:\/\/elouedshop.com\/index.php?rest_route=\/wp\/v2\/media\/6747"}],"wp:attachment":[{"href":"https:\/\/elouedshop.com\/index.php?rest_route=%2Fwp%2Fv2%2Fmedia&parent=12454"}],"wp:term":[{"taxonomy":"product_brand","embeddable":true,"href":"https:\/\/elouedshop.com\/index.php?rest_route=%2Fwp%2Fv2%2Fproduct_brand&post=12454"},{"taxonomy":"product_cat","embeddable":true,"href":"https:\/\/elouedshop.com\/index.php?rest_route=%2Fwp%2Fv2%2Fproduct_cat&post=12454"},{"taxonomy":"product_tag","embeddable":true,"href":"https:\/\/elouedshop.com\/index.php?rest_route=%2Fwp%2Fv2%2Fproduct_tag&post=12454"}],"curies":[{"name":"wp","href":"https:\/\/api.w.org\/{rel}","templated":true}]}}