{"id":12453,"date":"2025-01-09T17:40:03","date_gmt":"2025-01-09T17:40:03","guid":{"rendered":"https:\/\/elouedshop.com\/?post_type=product&#038;p=12453"},"modified":"2025-01-09T17:40:34","modified_gmt":"2025-01-09T17:40:34","slug":"mon-livre-des-invocations-version-garcon","status":"publish","type":"product","link":"https:\/\/elouedshop.com\/?product=mon-livre-des-invocations-version-garcon","title":{"rendered":"Mon livre des Invocations &#8211; version gar\u00e7on"},"content":{"rendered":"","protected":false},"excerpt":{"rendered":"<p>En tant que parents, il est de votre responsabilit\u00e9 d\u2019aider vos enfants \u00e0 apprendre les invocations d\u00e8s leur plus jeune \u00e2ge. Ce livre illustr\u00e9 permet aux petits musulmans de d\u00e9couvrir les invocations \u00e0 prononcer au quotidien: En rentrant \u00e0 la maison et en sortant de la maison, avant le repas et apr\u00e8s le repas, avant de dormir et au moment du r\u00e9veil, En entrant aux toilettes et en sortant, et bien d\u2019autres.<\/p>\n","protected":false},"featured_media":6504,"template":"","meta":[],"product_brand":[],"product_cat":[24,176,45,75,21],"product_tag":[],"class_list":{"0":"post-12453","1":"product","2":"type-product","3":"status-publish","4":"has-post-thumbnail","6":"product_cat-enfants","7":"product_cat-invocations","8":"product_cat-invocations-et-rappel","9":"product_cat-invocations-et-rappels","10":"product_cat-livre","11":"description-off","13":"first","14":"instock","15":"shipping-taxable","16":"purchasable","17":"product-type-simple"},"jetpack_sharing_enabled":true,"_links":{"self":[{"href":"https:\/\/elouedshop.com\/index.php?rest_route=\/wp\/v2\/product\/12453","targetHints":{"allow":["GET"]}}],"collection":[{"href":"https:\/\/elouedshop.com\/index.php?rest_route=\/wp\/v2\/product"}],"about":[{"href":"https:\/\/elouedshop.com\/index.php?rest_route=\/wp\/v2\/types\/product"}],"wp:featuredmedia":[{"embeddable":true,"href":"https:\/\/elouedshop.com\/index.php?rest_route=\/wp\/v2\/media\/6504"}],"wp:attachment":[{"href":"https:\/\/elouedshop.com\/index.php?rest_route=%2Fwp%2Fv2%2Fmedia&parent=12453"}],"wp:term":[{"taxonomy":"product_brand","embeddable":true,"href":"https:\/\/elouedshop.com\/index.php?rest_route=%2Fwp%2Fv2%2Fproduct_brand&post=12453"},{"taxonomy":"product_cat","embeddable":true,"href":"https:\/\/elouedshop.com\/index.php?rest_route=%2Fwp%2Fv2%2Fproduct_cat&post=12453"},{"taxonomy":"product_tag","embeddable":true,"href":"https:\/\/elouedshop.com\/index.php?rest_route=%2Fwp%2Fv2%2Fproduct_tag&post=12453"}],"curies":[{"name":"wp","href":"https:\/\/api.w.org\/{rel}","templated":true}]}}