{"id":12449,"date":"2025-01-09T17:36:59","date_gmt":"2025-01-09T17:36:59","guid":{"rendered":"https:\/\/elouedshop.com\/?post_type=product&#038;p=12449"},"modified":"2025-01-09T17:38:28","modified_gmt":"2025-01-09T17:38:28","slug":"japprends-la-priere-pour-les-filles","status":"publish","type":"product","link":"https:\/\/elouedshop.com\/?product=japprends-la-priere-pour-les-filles","title":{"rendered":"J&rsquo;apprends la pri\u00e8re pour les filles ."},"content":{"rendered":"","protected":false},"excerpt":{"rendered":"<p>Ce livre illustr\u00e9 en images permet d\u2019apprendre la pri\u00e8re aux enfants telle qu\u2019enseign\u00e9e par le Proph\u00e8te (paix et salut sur lui). Apr\u00e8s quelques propos introductifs concernant l\u2019importance de la pri\u00e8re, l\u2019auteur d\u00e9veloppe trois grands th\u00e8mes : comment faire ses ablutions, qu\u2019est ce que le tayammum et comment faire la pri\u00e8re.<\/p>\n","protected":false},"featured_media":5935,"template":"","meta":[],"product_brand":[],"product_cat":[181,24,21,48,187,185,225],"product_tag":[],"class_list":{"0":"post-12449","1":"product","2":"type-product","3":"status-publish","4":"has-post-thumbnail","6":"product_cat-education-religieuse","7":"product_cat-enfants","8":"product_cat-livre","9":"product_cat-pratique-religieuse","10":"product_cat-pratiques-religieuse","11":"product_cat-priere-purification","12":"product_cat-ramadan","13":"description-off","15":"first","16":"instock","17":"shipping-taxable","18":"purchasable","19":"product-type-simple"},"jetpack_sharing_enabled":true,"_links":{"self":[{"href":"https:\/\/elouedshop.com\/index.php?rest_route=\/wp\/v2\/product\/12449","targetHints":{"allow":["GET"]}}],"collection":[{"href":"https:\/\/elouedshop.com\/index.php?rest_route=\/wp\/v2\/product"}],"about":[{"href":"https:\/\/elouedshop.com\/index.php?rest_route=\/wp\/v2\/types\/product"}],"wp:featuredmedia":[{"embeddable":true,"href":"https:\/\/elouedshop.com\/index.php?rest_route=\/wp\/v2\/media\/5935"}],"wp:attachment":[{"href":"https:\/\/elouedshop.com\/index.php?rest_route=%2Fwp%2Fv2%2Fmedia&parent=12449"}],"wp:term":[{"taxonomy":"product_brand","embeddable":true,"href":"https:\/\/elouedshop.com\/index.php?rest_route=%2Fwp%2Fv2%2Fproduct_brand&post=12449"},{"taxonomy":"product_cat","embeddable":true,"href":"https:\/\/elouedshop.com\/index.php?rest_route=%2Fwp%2Fv2%2Fproduct_cat&post=12449"},{"taxonomy":"product_tag","embeddable":true,"href":"https:\/\/elouedshop.com\/index.php?rest_route=%2Fwp%2Fv2%2Fproduct_tag&post=12449"}],"curies":[{"name":"wp","href":"https:\/\/api.w.org\/{rel}","templated":true}]}}