{"id":12447,"date":"2025-01-09T17:36:47","date_gmt":"2025-01-09T17:36:47","guid":{"rendered":"https:\/\/elouedshop.com\/?post_type=product&#038;p=12447"},"modified":"2025-01-09T17:37:51","modified_gmt":"2025-01-09T17:37:51","slug":"40-hadiths-40-histoires-couverture-cartonnee","status":"publish","type":"product","link":"https:\/\/elouedshop.com\/?product=40-hadiths-40-histoires-couverture-cartonnee","title":{"rendered":"40 Hadiths&#8230; 40 Histoires&#8230; (Couverture cartonn\u00e9e)"},"content":{"rendered":"<table border=\"0\" width=\"100%\" cellspacing=\"0\" cellpadding=\"0\">\n<tbody>\n<tr>\n<td align=\"left\"><b>Auteur :<\/b>\u00a0Amina Rekad<\/td>\n<\/tr>\n<tr>\n<td align=\"left\"><b>Type de produit :<\/b>\u00a0Livre<\/td>\n<\/tr>\n<tr>\n<td align=\"left\"><b>Nombre de pages :<\/b>\u00a088<\/td>\n<\/tr>\n<tr>\n<td align=\"left\"><b>Mod\u00e8le \u2013 Format :<\/b>\u00a0Broch\u00e9 21 x 28,5 cm \u2013 Couverture souple<\/td>\n<\/tr>\n<tr>\n<td align=\"left\"><b>Editeur :<\/b>\u00a0Orientica<\/td>\n<\/tr>\n<tr>\n<td align=\"left\"><b>Ann\u00e9e :<\/b>\u00a02020<\/td>\n<\/tr>\n<tr>\n<td align=\"left\"><b>Langue :<\/b>\u00a0fran\u00e7ais \u2013 arabe<\/td>\n<\/tr>\n<tr>\n<td align=\"left\"><b>ISBN\/EAN :<\/b>\u00a0978-2-35635-141-8 \/ 9782356351418<\/td>\n<\/tr>\n<\/tbody>\n<\/table>\n","protected":false},"excerpt":{"rendered":"<p>Ce livre d\u2019histoires s\u2019adresse aux enfants de plus de 8 ans. Son but est double. D\u2019abord, il constitue un livre de lecture qui pr\u00e9sente des histoires tant\u00f4t amusantes, tant\u00f4t tristes, avec des personnages diff\u00e9rents pour chacune d\u2019elles. Le vocabulaire est simple et quelques mots sont expliqu\u00e9s en notes pour permettre \u00e0 l\u2019enfant de lire seul.<\/p>\n<p>Au-del\u00e0 de son aspect r\u00e9cr\u00e9atif, ce livre se veut aussi instructif. En effet, chaque histoire est illustr\u00e9e par un hadith, parole du Proph\u00e8te Muhammad (B\u00e9n\u00e9diction et Salut d\u2019Allah sur lui), qui est une source in\u00e9puisable de bons conseils. Les r\u00e9f\u00e9rences &#8211; principalement choisies des livres : \u00abLe jardin des vertueux\u00bb (Riy\u00e2d As-S\u00e2lih\u00een) de l\u2019im\u00e2m An-Nawaw\u00ee et\u00a0le sommaire de Sah\u00eeh Al-Bukh\u00e2r\u00ee &#8211; en sont donn\u00e9es en notes.<\/p>\n<p>La religion musulmane s\u2019appuie en premier sur le Coran, qui est la Parole de Dieu, puis sur les hadiths, paroles du Proph\u00e8te (SAW) qui expliquent toutes choses concernant la foi, la vie du musulman, son comportement au quotidien, ce qu\u2019il doit faire ou non, etc.<\/p>\n<p>Au terme de ce livre, l\u2019enfant aura d\u00e9couvert plus de quarante paroles, toutes profitables, dont il pourra, \u00e0 son tour, se rappeler (in ch\u00e2\u2019 All\u00e2h) au gr\u00e9 des circonstances de sa jeunesse.<\/p>\n<p><b>Table des mati\u00e8res<\/b><\/p>\n<ul>\n<li>PR\u00c9SENTATION &#8230; 3<\/li>\n<li>PR\u00c9AMBULE &#8230;5<\/li>\n<li>Amine et sa maman &#8230;8<\/li>\n<li>La petite aveugle &#8230;10<\/li>\n<li>Le bon exemple &#8230;12<\/li>\n<li>Le repas &#8230;14<\/li>\n<li>Le coiffeur &#8230;16<\/li>\n<li>Les s\u0153urs orphelines &#8230;18<\/li>\n<li>Im\u00e8ne et la vieille dame &#8230;20<\/li>\n<li>La peur de Karim &#8230;22<\/li>\n<li>Une histoire vraie &#8230;23<\/li>\n<li>Les m\u00e9disantes &#8230;24<\/li>\n<li>Dans le bus &#8230;26<\/li>\n<li>Les \u00abgros mots\u00bb &#8230;28<\/li>\n<li>Les hasan\u00e2t &#8230;30<\/li>\n<li>Salim au coll\u00e8ge &#8230; 32<\/li>\n<li>Le vieux monsieur &#8230; 34<\/li>\n<li>La devinette &#8230; 36<\/li>\n<li>Assia ne veut pas se brosser les dents &#8230; 38<\/li>\n<li>La multiplication &#8230; 40<\/li>\n<li>Les cauchemars &#8230; 42<\/li>\n<li>Apprendre le Livre &#8230; 44<\/li>\n<li>C\u2019est grave de mentir &#8230; 46<\/li>\n<li>La punition &#8230; 48<\/li>\n<li>La mort d\u2019un parent &#8230; 50<\/li>\n<li>Les ablutions &#8230; 52<\/li>\n<li>L\u2019\u00e9ternuement &#8230; 54<\/li>\n<li>La visite du malade &#8230; 56<\/li>\n<li>\u00c0 la cantine &#8230; 58<\/li>\n<li>La mamie &#8230; 60<\/li>\n<li>La cigale et la fourmi &#8230; 62<\/li>\n<li>Les degr\u00e9s &#8230; 64<\/li>\n<li>La nuit &#8230; 66<\/li>\n<li>La salle de pri\u00e8re &#8230; 68<\/li>\n<li>L\u2019aum\u00f4ne &#8230; 70<\/li>\n<li>La maladie &#8230; 72<\/li>\n<li>Les copains de la rue &#8230; 74<\/li>\n<li>L\u2019A\u00efd Al-Fitr &#8230; 76<\/li>\n<li>\u00c0 la mosqu\u00e9e &#8230; 78<\/li>\n<li>Le gaspillage &#8230; 80<\/li>\n<li>Le vendeur de musc &#8230; 82<\/li>\n<li>Une \u00e9trange habitude &#8230; 84<\/li>\n<\/ul>\n<p>Livre en langue fran\u00e7aise, les hadiths sont \u00e9galement \u00e9crits en langue arabe vocalis\u00e9e.<\/p>\n","protected":false},"featured_media":818,"template":"","meta":[],"product_brand":[],"product_cat":[167,181,24,170,21],"product_tag":[],"class_list":{"0":"post-12447","1":"product","2":"type-product","3":"status-publish","4":"has-post-thumbnail","6":"product_cat-contes-educatifs","7":"product_cat-education-religieuse","8":"product_cat-enfants","9":"product_cat-hadiths-histoires","10":"product_cat-livre","11":"description-off","13":"first","14":"instock","15":"shipping-taxable","16":"purchasable","17":"product-type-simple"},"jetpack_sharing_enabled":true,"_links":{"self":[{"href":"https:\/\/elouedshop.com\/index.php?rest_route=\/wp\/v2\/product\/12447","targetHints":{"allow":["GET"]}}],"collection":[{"href":"https:\/\/elouedshop.com\/index.php?rest_route=\/wp\/v2\/product"}],"about":[{"href":"https:\/\/elouedshop.com\/index.php?rest_route=\/wp\/v2\/types\/product"}],"wp:featuredmedia":[{"embeddable":true,"href":"https:\/\/elouedshop.com\/index.php?rest_route=\/wp\/v2\/media\/818"}],"wp:attachment":[{"href":"https:\/\/elouedshop.com\/index.php?rest_route=%2Fwp%2Fv2%2Fmedia&parent=12447"}],"wp:term":[{"taxonomy":"product_brand","embeddable":true,"href":"https:\/\/elouedshop.com\/index.php?rest_route=%2Fwp%2Fv2%2Fproduct_brand&post=12447"},{"taxonomy":"product_cat","embeddable":true,"href":"https:\/\/elouedshop.com\/index.php?rest_route=%2Fwp%2Fv2%2Fproduct_cat&post=12447"},{"taxonomy":"product_tag","embeddable":true,"href":"https:\/\/elouedshop.com\/index.php?rest_route=%2Fwp%2Fv2%2Fproduct_tag&post=12447"}],"curies":[{"name":"wp","href":"https:\/\/api.w.org\/{rel}","templated":true}]}}