{"id":12441,"date":"2025-01-09T17:26:35","date_gmt":"2025-01-09T17:26:35","guid":{"rendered":"https:\/\/elouedshop.com\/?post_type=product&#038;p=12441"},"modified":"2025-01-09T17:27:44","modified_gmt":"2025-01-09T17:27:44","slug":"je-veux-me-repentir-mais","status":"publish","type":"product","link":"https:\/\/elouedshop.com\/?product=je-veux-me-repentir-mais","title":{"rendered":"Je veux me repentir mais&#8230;."},"content":{"rendered":"<table border=\"0\" width=\"100%\" cellspacing=\"0\" cellpadding=\"0\">\n<tbody>\n<tr>\n<td align=\"left\"><span style=\"font-family: Verdana, Arial; font-size: small;\"><b>Auteur :<\/b>\u00a0Muhammad S\u00e2lih al-Munajjid<br \/>\n<\/span><\/td>\n<\/tr>\n<tr>\n<td align=\"left\"><span style=\"font-family: Verdana, Arial; font-size: small;\"><b>Type de produit :<\/b>\u00a0Livre<br \/>\n<\/span><\/td>\n<\/tr>\n<tr>\n<td align=\"left\"><span style=\"font-family: Verdana, Arial; font-size: small;\"><b>Nombre de pages :<\/b>\u00a085<br \/>\n<\/span><\/td>\n<\/tr>\n<tr>\n<td align=\"left\"><span style=\"font-family: Verdana, Arial; font-size: small;\"><b>Mod\u00e8le &#8211; Format :<\/b>\u00a0broch\u00e9 14,5 x 21 cm<br \/>\n<\/span><\/td>\n<\/tr>\n<tr>\n<td align=\"left\"><span style=\"font-family: Verdana, Arial; font-size: small;\"><b>Editeur :<\/b>\u00a0Al-Hadith<br \/>\n<\/span><\/td>\n<\/tr>\n<tr>\n<td align=\"left\"><span style=\"font-family: Verdana, Arial; font-size: small;\"><b>Langue :<\/b>\u00a0fran\u00e7ais<br \/>\n<\/span><\/td>\n<\/tr>\n<tr>\n<td align=\"left\"><span style=\"font-family: Verdana, Arial; font-size: small;\"><b>ISBN\/EAN :<\/b>\u00a0978-2-930395-57-9 \/ 9782930395579 \/ 9782875452054<\/span><\/td>\n<\/tr>\n<\/tbody>\n<\/table>\n","protected":false},"excerpt":{"rendered":"<p>Nous vivons \u00e0 une \u00e9poque o\u00f9 beaucoup de musulmans se sont \u00e9loign\u00e9s de la religion d\u2019All\u00e2h. Ainsi, les p\u00e9ch\u00e9s se sont r\u00e9pandus et la corruption r\u00e8gne. A tel point que personne n\u2019a \u00e9t\u00e9 \u00e9pargn\u00e9 d\u2019une telle souillure, \u00e0 part ceux qu\u2019All\u00e2h pr\u00e9serve, mais All\u00e2h ne veut que parachever Sa lumi\u00e8re.<\/p>\n<p>C\u2019est pour cela que de nombreux individus se sont r\u00e9veill\u00e9s de leur insouciance et leur l\u00e9thargie et se sont rendus compte de leur manquement envers All\u00e2h\u2026 Ils ont regrett\u00e9 les exc\u00e8s qu\u2019ils ont commis et leur d\u00e9sob\u00e9issance (envers All\u00e2h). Ainsi, leurs convois se sont dirig\u00e9s vers le phare du repentir.<\/p>\n<p>Et d\u2019autres, \u00e9c\u0153ur\u00e9s de mener une vie malheureuse et mis\u00e9rable, sont \u00e0 la recherche d\u2019un chemin leur permettant de sortir des t\u00e9n\u00e8bres vers la lumi\u00e8re.<\/p>\n<p>Mais\u2026 certains d\u2019entre eux, se heurtent \u00e0 des obstacles qui les emp\u00eachent de se repentir.<\/p>\n","protected":false},"featured_media":3350,"template":"","meta":[],"product_brand":[],"product_cat":[21,225,154,79],"product_tag":[],"class_list":{"0":"post-12441","1":"product","2":"type-product","3":"status-publish","4":"has-post-thumbnail","6":"product_cat-livre","7":"product_cat-ramadan","8":"product_cat-repentir","9":"product_cat-spiritualite","10":"description-off","12":"first","13":"instock","14":"shipping-taxable","15":"purchasable","16":"product-type-simple"},"jetpack_sharing_enabled":true,"_links":{"self":[{"href":"https:\/\/elouedshop.com\/index.php?rest_route=\/wp\/v2\/product\/12441","targetHints":{"allow":["GET"]}}],"collection":[{"href":"https:\/\/elouedshop.com\/index.php?rest_route=\/wp\/v2\/product"}],"about":[{"href":"https:\/\/elouedshop.com\/index.php?rest_route=\/wp\/v2\/types\/product"}],"wp:featuredmedia":[{"embeddable":true,"href":"https:\/\/elouedshop.com\/index.php?rest_route=\/wp\/v2\/media\/3350"}],"wp:attachment":[{"href":"https:\/\/elouedshop.com\/index.php?rest_route=%2Fwp%2Fv2%2Fmedia&parent=12441"}],"wp:term":[{"taxonomy":"product_brand","embeddable":true,"href":"https:\/\/elouedshop.com\/index.php?rest_route=%2Fwp%2Fv2%2Fproduct_brand&post=12441"},{"taxonomy":"product_cat","embeddable":true,"href":"https:\/\/elouedshop.com\/index.php?rest_route=%2Fwp%2Fv2%2Fproduct_cat&post=12441"},{"taxonomy":"product_tag","embeddable":true,"href":"https:\/\/elouedshop.com\/index.php?rest_route=%2Fwp%2Fv2%2Fproduct_tag&post=12441"}],"curies":[{"name":"wp","href":"https:\/\/api.w.org\/{rel}","templated":true}]}}