{"id":12437,"date":"2025-01-09T17:19:48","date_gmt":"2025-01-09T17:19:48","guid":{"rendered":"https:\/\/elouedshop.com\/?post_type=product&#038;p=12437"},"modified":"2025-01-09T17:20:59","modified_gmt":"2025-01-09T17:20:59","slug":"les-proprietaires-du-verger","status":"publish","type":"product","link":"https:\/\/elouedshop.com\/?product=les-proprietaires-du-verger","title":{"rendered":"Les propri\u00e9taires du verger"},"content":{"rendered":"<p class=\"h6\">Fiche technique<\/p>\n<dl class=\"data-sheet\">\n<dt class=\"name\">Ann\u00e9e<\/dt>\n<dd class=\"value\">2009<\/dd>\n<dt class=\"name\">Couverture<\/dt>\n<dd class=\"value\">Souple<\/dd>\n<dt class=\"name\">ISBN<\/dt>\n<dd class=\"value\">9782930395371<\/dd>\n<dt class=\"name\">Nb. Pages<\/dt>\n<dd class=\"value\">56<\/dd>\n<dt class=\"name\">Langue<\/dt>\n<dd class=\"value\">fran\u00e7aise<\/dd>\n<dt class=\"name\">Auteur<\/dt>\n<dd class=\"value\">Mustaf\u00e2 al-\u2018Adaw\u00ee<\/dd>\n<\/dl>\n","protected":false},"excerpt":{"rendered":"<p>Ce r\u00e9cit cit\u00e9 dans la sourate \u00ab la Plume \u00bb aborde l\u2019histoire des propri\u00e9taires d\u2019un verger qu\u2019Allah combla de Ses faveurs. Pourtant ils ne se montr\u00e8rent pas reconnaissants et Allah fit dispara\u00eetre leurs fruits et an\u00e9antit leur jardin. \u00c0 travers ce r\u00e9cit nous d\u00e9couvrirons des le\u00e7ons fondamentales susceptibles de nous enseigner des valeurs aussi essentielles que l&rsquo;humilit\u00e9, la gratitude et le sens du partage.<\/p>\n","protected":false},"featured_media":7988,"template":"","meta":[],"product_brand":[],"product_cat":[175,21,67],"product_tag":[],"class_list":{"0":"post-12437","1":"product","2":"type-product","3":"status-publish","4":"has-post-thumbnail","6":"product_cat-histoires-du-coran","7":"product_cat-livre","8":"product_cat-recits-coranique","9":"description-off","11":"first","12":"instock","13":"shipping-taxable","14":"purchasable","15":"product-type-simple"},"jetpack_sharing_enabled":true,"_links":{"self":[{"href":"https:\/\/elouedshop.com\/index.php?rest_route=\/wp\/v2\/product\/12437","targetHints":{"allow":["GET"]}}],"collection":[{"href":"https:\/\/elouedshop.com\/index.php?rest_route=\/wp\/v2\/product"}],"about":[{"href":"https:\/\/elouedshop.com\/index.php?rest_route=\/wp\/v2\/types\/product"}],"wp:featuredmedia":[{"embeddable":true,"href":"https:\/\/elouedshop.com\/index.php?rest_route=\/wp\/v2\/media\/7988"}],"wp:attachment":[{"href":"https:\/\/elouedshop.com\/index.php?rest_route=%2Fwp%2Fv2%2Fmedia&parent=12437"}],"wp:term":[{"taxonomy":"product_brand","embeddable":true,"href":"https:\/\/elouedshop.com\/index.php?rest_route=%2Fwp%2Fv2%2Fproduct_brand&post=12437"},{"taxonomy":"product_cat","embeddable":true,"href":"https:\/\/elouedshop.com\/index.php?rest_route=%2Fwp%2Fv2%2Fproduct_cat&post=12437"},{"taxonomy":"product_tag","embeddable":true,"href":"https:\/\/elouedshop.com\/index.php?rest_route=%2Fwp%2Fv2%2Fproduct_tag&post=12437"}],"curies":[{"name":"wp","href":"https:\/\/api.w.org\/{rel}","templated":true}]}}