{"id":12343,"date":"2025-01-04T23:06:16","date_gmt":"2025-01-04T23:06:16","guid":{"rendered":"https:\/\/elouedshop.com\/?post_type=product&#038;p=12343"},"modified":"2025-01-04T23:08:43","modified_gmt":"2025-01-04T23:08:43","slug":"bebe-ali-a-la-decouverte-du-ramadan-pedagogie-montessori","status":"publish","type":"product","link":"https:\/\/elouedshop.com\/?product=bebe-ali-a-la-decouverte-du-ramadan-pedagogie-montessori","title":{"rendered":"B\u00e9b\u00e9 Ali \u00e0 la d\u00e9couverte du Ramadan &#8211; p\u00e9dagogie Montessori"},"content":{"rendered":"<p class=\"h6\">Fiche technique<\/p>\n<dl class=\"data-sheet\">\n<dt class=\"name\">Ann\u00e9e<\/dt>\n<dd class=\"value\">2022<\/dd>\n<dt class=\"name\">EAN-13<\/dt>\n<dd class=\"value\">9782957282142<\/dd>\n<dt class=\"name\">Auteur<\/dt>\n<dd class=\"value\">Faeda Bouiss<\/dd>\n<\/dl>\n","protected":false},"excerpt":{"rendered":"<p>Dans son quotidien de petit musulman, b\u00e9b\u00e9 Ali d\u00e9couvre la particularit\u00e9 d&rsquo;un mois b\u00e9ni, au cours duquel les musulmans je\u00fbnent la journ\u00e9e et multiplient les bonnes actions. C&rsquo;est le mois de ramadan, quatri\u00e8me pilier de l&rsquo;islam.<\/p>\n","protected":false},"featured_media":12344,"template":"","meta":[],"product_brand":[],"product_cat":[39,167,181,24,44,21,225],"product_tag":[],"class_list":{"0":"post-12343","1":"product","2":"type-product","3":"status-publish","4":"has-post-thumbnail","6":"product_cat-bebe-3ans","7":"product_cat-contes-educatifs","8":"product_cat-education-religieuse","9":"product_cat-enfants","10":"product_cat-ethique-education","11":"product_cat-livre","12":"product_cat-ramadan","13":"description-off","15":"first","16":"instock","17":"shipping-taxable","18":"purchasable","19":"product-type-simple"},"jetpack_sharing_enabled":true,"_links":{"self":[{"href":"https:\/\/elouedshop.com\/index.php?rest_route=\/wp\/v2\/product\/12343","targetHints":{"allow":["GET"]}}],"collection":[{"href":"https:\/\/elouedshop.com\/index.php?rest_route=\/wp\/v2\/product"}],"about":[{"href":"https:\/\/elouedshop.com\/index.php?rest_route=\/wp\/v2\/types\/product"}],"wp:featuredmedia":[{"embeddable":true,"href":"https:\/\/elouedshop.com\/index.php?rest_route=\/wp\/v2\/media\/12344"}],"wp:attachment":[{"href":"https:\/\/elouedshop.com\/index.php?rest_route=%2Fwp%2Fv2%2Fmedia&parent=12343"}],"wp:term":[{"taxonomy":"product_brand","embeddable":true,"href":"https:\/\/elouedshop.com\/index.php?rest_route=%2Fwp%2Fv2%2Fproduct_brand&post=12343"},{"taxonomy":"product_cat","embeddable":true,"href":"https:\/\/elouedshop.com\/index.php?rest_route=%2Fwp%2Fv2%2Fproduct_cat&post=12343"},{"taxonomy":"product_tag","embeddable":true,"href":"https:\/\/elouedshop.com\/index.php?rest_route=%2Fwp%2Fv2%2Fproduct_tag&post=12343"}],"curies":[{"name":"wp","href":"https:\/\/api.w.org\/{rel}","templated":true}]}}