{"id":12338,"date":"2025-01-04T22:59:41","date_gmt":"2025-01-04T22:59:41","guid":{"rendered":"https:\/\/elouedshop.com\/?post_type=product&#038;p=12338"},"modified":"2025-01-04T23:03:58","modified_gmt":"2025-01-04T23:03:58","slug":"bebe-ali-a-la-decouverte-de-la-priere-pedagogie-montessori","status":"publish","type":"product","link":"https:\/\/elouedshop.com\/?product=bebe-ali-a-la-decouverte-de-la-priere-pedagogie-montessori","title":{"rendered":"B\u00e9b\u00e9 Ali \u00e0 la d\u00e9couverte de la mosqu\u00e9e &#8211; P\u00e9dagogie Mont\u00e9ssori"},"content":{"rendered":"<p class=\"h6\">Fiche technique<\/p>\n<dl class=\"data-sheet\">\n<dt class=\"name\">Couverture<\/dt>\n<dd class=\"value\">Rigide<\/dd>\n<dt class=\"name\">Nb. Pages<\/dt>\n<dd class=\"value\">24<\/dd>\n<dt class=\"name\">Langue<\/dt>\n<dd class=\"value\">Arabe \/ Fran\u00e7ais<\/dd>\n<\/dl>\n","protected":false},"excerpt":{"rendered":"<p>Suivez les aventures de B\u00e9b\u00e9 Ali, un petit gar\u00e7on \u00e0 la d\u00e9couverte du monde.<\/p>\n<p>B\u00e9b\u00e9 Ali est la premi\u00e8re collection de livres, n\u00e9e d&rsquo;une rencontre entre l&rsquo;islam et la p\u00e9dagogie Montessori, destin\u00e9e \u00e0 l&rsquo;\u00e9veil religieux des enfants.<\/p>\n","protected":false},"featured_media":12341,"template":"","meta":[],"product_brand":[],"product_cat":[39,167,181,24,44,21],"product_tag":[],"class_list":{"0":"post-12338","1":"product","2":"type-product","3":"status-publish","4":"has-post-thumbnail","6":"product_cat-bebe-3ans","7":"product_cat-contes-educatifs","8":"product_cat-education-religieuse","9":"product_cat-enfants","10":"product_cat-ethique-education","11":"product_cat-livre","12":"description-off","14":"first","15":"instock","16":"shipping-taxable","17":"purchasable","18":"product-type-simple"},"jetpack_sharing_enabled":true,"_links":{"self":[{"href":"https:\/\/elouedshop.com\/index.php?rest_route=\/wp\/v2\/product\/12338","targetHints":{"allow":["GET"]}}],"collection":[{"href":"https:\/\/elouedshop.com\/index.php?rest_route=\/wp\/v2\/product"}],"about":[{"href":"https:\/\/elouedshop.com\/index.php?rest_route=\/wp\/v2\/types\/product"}],"wp:featuredmedia":[{"embeddable":true,"href":"https:\/\/elouedshop.com\/index.php?rest_route=\/wp\/v2\/media\/12341"}],"wp:attachment":[{"href":"https:\/\/elouedshop.com\/index.php?rest_route=%2Fwp%2Fv2%2Fmedia&parent=12338"}],"wp:term":[{"taxonomy":"product_brand","embeddable":true,"href":"https:\/\/elouedshop.com\/index.php?rest_route=%2Fwp%2Fv2%2Fproduct_brand&post=12338"},{"taxonomy":"product_cat","embeddable":true,"href":"https:\/\/elouedshop.com\/index.php?rest_route=%2Fwp%2Fv2%2Fproduct_cat&post=12338"},{"taxonomy":"product_tag","embeddable":true,"href":"https:\/\/elouedshop.com\/index.php?rest_route=%2Fwp%2Fv2%2Fproduct_tag&post=12338"}],"curies":[{"name":"wp","href":"https:\/\/api.w.org\/{rel}","templated":true}]}}