{"id":12181,"date":"2024-12-27T23:53:17","date_gmt":"2024-12-27T23:53:17","guid":{"rendered":"https:\/\/elouedshop.com\/?post_type=product&#038;p=12181"},"modified":"2024-12-27T23:53:18","modified_gmt":"2024-12-27T23:53:18","slug":"mon-prophete-mon-modele","status":"publish","type":"product","link":"https:\/\/elouedshop.com\/?product=mon-prophete-mon-modele","title":{"rendered":"Mon Proph\u00e8te, Mon mod\u00e8le"},"content":{"rendered":"<table border=\"0\" width=\"100%\" cellspacing=\"0\" cellpadding=\"0\">\n<tbody>\n<tr>\n<td align=\"left\"><span style=\"font-family: Verdana, Arial; font-size: small;\"><b>Auteur :<\/b>\u00a0Collectif<br \/>\n<\/span><\/td>\n<\/tr>\n<tr>\n<td align=\"left\"><span style=\"font-family: Verdana, Arial; font-size: small;\"><b>Type de produit :<\/b>\u00a0Livre<br \/>\n<\/span><\/td>\n<\/tr>\n<tr>\n<td align=\"left\"><span style=\"font-family: Verdana, Arial; font-size: small;\"><b>Nombre de pages :<\/b>\u00a0254<br \/>\n<\/span><\/td>\n<\/tr>\n<tr>\n<td align=\"left\"><span style=\"font-family: Verdana, Arial; font-size: small;\"><b>Mod\u00e8le &#8211; Format :<\/b>\u00a017 x 22.5 cm &#8211; Couverture cartonn\u00e9e &#8211; Avec marque page en soie<br \/>\n<\/span><\/td>\n<\/tr>\n<tr>\n<td align=\"left\"><span style=\"font-family: Verdana, Arial; font-size: small;\"><b>Editeur :<\/b>\u00a0Orientica<br \/>\n<\/span><\/td>\n<\/tr>\n<tr>\n<td align=\"left\"><span style=\"font-family: Verdana, Arial; font-size: small;\"><b>Ann\u00e9e :<\/b>\u00a02024<br \/>\n<\/span><\/td>\n<\/tr>\n<tr>\n<td align=\"left\"><span style=\"font-family: Verdana, Arial; font-size: small;\"><b>Langue :<\/b>\u00a0fran\u00e7ais<br \/>\n<\/span><\/td>\n<\/tr>\n<tr>\n<td align=\"left\"><span style=\"font-family: Verdana, Arial; font-size: small;\"><b>ISBN\/EAN :<\/b>\u00a0978-2-35635-888-2 \/ 9782356358882<\/span><\/td>\n<\/tr>\n<\/tbody>\n<\/table>\n","protected":false},"excerpt":{"rendered":"<p>Youssef, Meriem et Adam forment un trio de trois fr\u00e8res d\u00e9termin\u00e9 \u00e0 suivre au mieux les enseignements de notre Proph\u00e8te \ufdfa. Ensemble, ils ont cr\u00e9\u00e9 le \u00ab\u00a0Club de bonne conduite\u00a0\u00bb \u00e0 travers lequel, ils apprennent la Sounna et la partagent avec leurs amis. Avec l\u2019aide pr\u00e9cieuse de M. Hassan, leur grand-p\u00e8re, ils explorent les le\u00e7ons de vie tir\u00e9es des exp\u00e9riences du Proph\u00e8te \ufdfa par le biais d\u2019activit\u00e9s ludiques.<\/p>\n<p>Dans ce livre captivant \u00ab\u00a0Mon Proph\u00e8te, Mon mod\u00e8le\u00bb, qui regorge d\u2019illustrations vibrantes et de r\u00e9cits simples mais puissants, stimulant l\u2019imagination des jeunes lecteurs, les enfants apprendront les valeurs d\u2019empathie, de g\u00e9n\u00e9rosit\u00e9 et de compassion que le Proph\u00e8te incarnait. Allah a dit,\u00a0en effet, dans Son Saint Coran :<\/p>\n<p>[ Vous avez un bel exemple \u00e0 suivre dans le Messager d\u2019Allah, exemple \u00e9difiant pour quiconque esp\u00e8re la r\u00e9compense d\u2019Allah ici-bas et dans l\u2019au-del\u00e0&#8230; ] S33 &#8211; V21.<\/p>\n<p>Chaque chapitre du livre repose sur un enseignement proph\u00e9tique, qui met en sc\u00e8ne le comportement exemplaire du Proph\u00e8te Mohamed \ufdfa, \u00e9tay\u00e9 par un hadith dont la r\u00e9f\u00e9rence est pr\u00e9cis\u00e9e en note de bas de page. Chaque chapitre est aussi suivi d\u2019activit\u00e9s interactives et de travaux manuels qui ancrent ces le\u00e7ons pr\u00e9cieuses dans la vie quotidienne de nos enfants.<\/p>\n<p>A la fin du livre se trouve un glossaire qui permet aux lecteurs de mieux comprendre certains termes sp\u00e9cifiques signal\u00e9s par un ast\u00e9risque dans le texte. De plus, des notes de bas de page fournissent des explications pour certains termes complexes, favorisant ainsi une lecture fluide et enrichissante.<\/p>\n<p>On y trouve \u00e9galement un r\u00e9capitulatif des nobles caract\u00e9ristiques du Proph\u00e8te \ufdfa \u00e9voqu\u00e9es dans ce livre, accompagn\u00e9es de hadiths, fournissant ainsi un aper\u00e7u inspirant de son comportement exemplaire.<\/p>\n<p>\u00ab\u00a0Mon Proph\u00e8te, Mon mod\u00e8le\u00a0\u00bb offre bien plus qu\u2019un simple livre pour enfants, c\u2019est une v\u00e9ritable source d\u2019inspiration et de guidance pour toute la famille.<\/p>\n","protected":false},"featured_media":12184,"template":"","meta":[],"product_brand":[],"product_cat":[181,24,44,21,178],"product_tag":[],"class_list":{"0":"post-12181","1":"product","2":"type-product","3":"status-publish","4":"has-post-thumbnail","6":"product_cat-education-religieuse","7":"product_cat-enfants","8":"product_cat-ethique-education","9":"product_cat-livre","10":"product_cat-sciences-decouverte","11":"description-off","13":"first","14":"instock","15":"shipping-taxable","16":"purchasable","17":"product-type-simple"},"jetpack_sharing_enabled":true,"_links":{"self":[{"href":"https:\/\/elouedshop.com\/index.php?rest_route=\/wp\/v2\/product\/12181","targetHints":{"allow":["GET"]}}],"collection":[{"href":"https:\/\/elouedshop.com\/index.php?rest_route=\/wp\/v2\/product"}],"about":[{"href":"https:\/\/elouedshop.com\/index.php?rest_route=\/wp\/v2\/types\/product"}],"wp:featuredmedia":[{"embeddable":true,"href":"https:\/\/elouedshop.com\/index.php?rest_route=\/wp\/v2\/media\/12184"}],"wp:attachment":[{"href":"https:\/\/elouedshop.com\/index.php?rest_route=%2Fwp%2Fv2%2Fmedia&parent=12181"}],"wp:term":[{"taxonomy":"product_brand","embeddable":true,"href":"https:\/\/elouedshop.com\/index.php?rest_route=%2Fwp%2Fv2%2Fproduct_brand&post=12181"},{"taxonomy":"product_cat","embeddable":true,"href":"https:\/\/elouedshop.com\/index.php?rest_route=%2Fwp%2Fv2%2Fproduct_cat&post=12181"},{"taxonomy":"product_tag","embeddable":true,"href":"https:\/\/elouedshop.com\/index.php?rest_route=%2Fwp%2Fv2%2Fproduct_tag&post=12181"}],"curies":[{"name":"wp","href":"https:\/\/api.w.org\/{rel}","templated":true}]}}