{"id":12133,"date":"2024-12-27T02:58:06","date_gmt":"2024-12-27T02:58:06","guid":{"rendered":"https:\/\/elouedshop.com\/?post_type=product&#038;p=12133"},"modified":"2024-12-27T02:58:30","modified_gmt":"2024-12-27T02:58:30","slug":"au-temps-du-prophete-saw-a-partir-de-8-ans","status":"publish","type":"product","link":"https:\/\/elouedshop.com\/?product=au-temps-du-prophete-saw-a-partir-de-8-ans","title":{"rendered":"Au temps du Proph\u00e8te (SAW &#8211; A partir de 8 ans)"},"content":{"rendered":"<p>D\u00e9couvrez ces quinze (15) histoires passionnantes en compagnie du Proph\u00e8te (SAW) et de ses compagnons&#8230; Histoires authentiques magnifiquement illustr\u00e9es. \u00c0 partir de 8 ans.<\/p>\n<p>Les enfants aiment les histoires. Si un livre leur pla\u00eet, on peut le leur lire dix fois, plus m\u00eame, ils ne s\u2019en lasseront jamais. Ce go\u00fbt pour les histoires devient ensuite go\u00fbt de la lecture lorsque l\u2019enfant apprend \u00e0 lire. C\u2019est pourquoi il est important de leur montrer, quand ils sont jeunes, cette possibilit\u00e9 merveilleuse, par la lecture, de d\u00e9couvrir un monde diff\u00e9rent, avec des personnages nobles qui pourront leur servir d\u2019exemples ou de r\u00e9f\u00e9rences durant leur vie de tous les jours&#8230;<\/p>\n<p>Conscients de la n\u00e9cessit\u00e9 pour les parents de bien choisir les histoires qu\u2019ils offrent \u00e0 leurs enfants, nous avons s\u00e9lectionn\u00e9 quelques petits r\u00e9cits autour du Proph\u00e8te (SAW) et de ses compagnons. Nous vous pr\u00e9sentons donc ici une quinzaine d\u2019histoires qui, nous l\u2019esp\u00e9rons, vont \u00e0 la fois r\u00e9jouir et guider les plus jeunes&#8230;<\/p>\n<p>Enfin du livre nous citons les sources de chaque histoire qui sont bien connues dans la sounna authentique (Sahih Boukhari et Muslim).<\/p>\n<p><b>Table des mati\u00e8res<\/b><\/p>\n<p>Histoire n\u00b0 1 : Les gens de la banquette &#8230;&#8230;&#8230;&#8230;&#8230;&#8230; 4<br \/>\nHistoire n\u00b0 2 : Hanzhala n\u2019est pas un hypocrite&#8230;&#8230;&#8230;..9<br \/>\nHistoire n\u00b0 3 : Continue \u00e0 lire Ibn Houdayr &#8230;&#8230;&#8230;&#8230;&#8230;15<br \/>\nHistoire n\u00b0 4 : La conversion d\u2019Abo\u00fb Dharr&#8230;&#8230;&#8230;&#8230;&#8230;..18<br \/>\nHistoire n\u00b0 5 : Qat\u00e2da donne son \u0153il pour le Proph\u00e8te (SAW)&#8230;18<br \/>\nHistoire n\u00b0 6 : L\u2019idole&#8230;&#8230;&#8230;&#8230;&#8230;&#8230;&#8230;&#8230;&#8230;&#8230;&#8230;&#8230;&#8230;&#8230;&#8230;26<br \/>\nHistoire n\u00b0 7 : L\u2019assembl\u00e9e des anges&#8230;&#8230;&#8230;&#8230;&#8230;&#8230;&#8230;.31<br \/>\nHistoire n\u00b0 8 : L\u2019aum\u00f4ne pour les proches &#8230;&#8230;&#8230;&#8230;&#8230; 38<br \/>\nHistoire n\u00b0 9 : La poursuite&#8230;&#8230;&#8230;&#8230;&#8230;&#8230;&#8230;&#8230;&#8230;&#8230;&#8230;&#8230;.42<br \/>\nHistoire n\u00b0 10 : Les piliers de l\u2019islam&#8230;&#8230;&#8230;&#8230;&#8230;&#8230;&#8230;&#8230;46<br \/>\nHistoire n\u00b0 11 : La difficile exp\u00e9dition&#8230;&#8230;&#8230;&#8230;&#8230;&#8230;&#8230;..50<br \/>\nHistoire n\u00b0 12 : La pluie&#8230;&#8230;&#8230;&#8230;&#8230;&#8230;&#8230;&#8230;&#8230;&#8230;&#8230;&#8230;&#8230;..54<br \/>\nHistoire n\u00b0 13 : L\u2019intention&#8230;&#8230;&#8230;&#8230;&#8230;&#8230;&#8230;&#8230;&#8230;&#8230;&#8230;&#8230;..58<br \/>\nHistoire n\u00b0 14 : Aider les pauvres&#8230;&#8230;&#8230;&#8230;&#8230;&#8230;&#8230;&#8230;&#8230;..64<br \/>\nHistoire n\u00b0 15 : Une parole \u00e9tonnante&#8230;&#8230;&#8230;&#8230;&#8230;&#8230;&#8230;..68<\/p>\n","protected":false},"excerpt":{"rendered":"<p>D\u00e9couvrez ces quinze (15) histoires passionnantes en compagnie du Proph\u00e8te (SAW) et de ses compagnons&#8230; Histoires authentiques magnifiquement illustr\u00e9es. \u00c0 partir de 8 ans. Les enfants aiment les histoires. Si un livre leur pla\u00eet, on peut le leur lire dix fois, plus m\u00eame, ils ne s\u2019en lasseront jamais. Ce go\u00fbt pour les histoires devient ensuite&hellip;<\/p>\n","protected":false},"featured_media":824,"template":"","meta":[],"product_brand":[],"product_cat":[24,170,53,21],"product_tag":[],"class_list":{"0":"post-12133","1":"product","2":"type-product","3":"status-publish","4":"has-post-thumbnail","6":"product_cat-enfants","7":"product_cat-hadiths-histoires","8":"product_cat-la-vie-du-prophete","9":"product_cat-livre","10":"description-off","12":"first","13":"instock","14":"shipping-taxable","15":"purchasable","16":"product-type-simple"},"jetpack_sharing_enabled":true,"_links":{"self":[{"href":"https:\/\/elouedshop.com\/index.php?rest_route=\/wp\/v2\/product\/12133","targetHints":{"allow":["GET"]}}],"collection":[{"href":"https:\/\/elouedshop.com\/index.php?rest_route=\/wp\/v2\/product"}],"about":[{"href":"https:\/\/elouedshop.com\/index.php?rest_route=\/wp\/v2\/types\/product"}],"wp:featuredmedia":[{"embeddable":true,"href":"https:\/\/elouedshop.com\/index.php?rest_route=\/wp\/v2\/media\/824"}],"wp:attachment":[{"href":"https:\/\/elouedshop.com\/index.php?rest_route=%2Fwp%2Fv2%2Fmedia&parent=12133"}],"wp:term":[{"taxonomy":"product_brand","embeddable":true,"href":"https:\/\/elouedshop.com\/index.php?rest_route=%2Fwp%2Fv2%2Fproduct_brand&post=12133"},{"taxonomy":"product_cat","embeddable":true,"href":"https:\/\/elouedshop.com\/index.php?rest_route=%2Fwp%2Fv2%2Fproduct_cat&post=12133"},{"taxonomy":"product_tag","embeddable":true,"href":"https:\/\/elouedshop.com\/index.php?rest_route=%2Fwp%2Fv2%2Fproduct_tag&post=12133"}],"curies":[{"name":"wp","href":"https:\/\/api.w.org\/{rel}","templated":true}]}}