{"id":12129,"date":"2024-12-27T02:54:39","date_gmt":"2024-12-27T02:54:39","guid":{"rendered":"https:\/\/elouedshop.com\/?post_type=product&#038;p=12129"},"modified":"2024-12-27T02:54:51","modified_gmt":"2024-12-27T02:54:51","slug":"pack-5-livres-serie-les-histoires-des-prophetes","status":"publish","type":"product","link":"https:\/\/elouedshop.com\/?product=pack-5-livres-serie-les-histoires-des-prophetes","title":{"rendered":"Pack 5 livres : S\u00e9rie Les Histoires des proph\u00e8tes"},"content":{"rendered":"","protected":false},"excerpt":{"rendered":"<p>Pack S\u00e9rie des Histoires des proph\u00e8tes<\/p>\n<p>Allah nous a envoy\u00e9 les proph\u00e8tes comme mod\u00e8les de bont\u00e9 et de croyance. En tant que musulmans, nous aimons et croyons en tous les proph\u00e8tes de Dieu, mais les connaissons-nous vraiment ?<\/p>\n<p>Cette collection est un bon moyen pour mieux conna\u00eetre ces personnes tr\u00e8s sp\u00e9ciales. Avec des illustrations color\u00e9es et chatoyantes, vos enfants pourront s\u2019instruire tout en s\u2019\u00e9merveillant !<\/p>\n<ul>\n<li>Le proph\u00e8te Adam<\/li>\n<li>Le proph\u00e8te Ibrahim<\/li>\n<li>Le proph\u00e8te Moussa<\/li>\n<li>Le Proph\u00e8te Issa<\/li>\n<li>Le proph\u00e8te Mohamed (Saw)<\/li>\n<\/ul>\n","protected":false},"featured_media":4676,"template":"","meta":[],"product_brand":[],"product_cat":[24,59,21],"product_tag":[],"class_list":{"0":"post-12129","1":"product","2":"type-product","3":"status-publish","4":"has-post-thumbnail","6":"product_cat-enfants","7":"product_cat-les-recits-des-prophetes","8":"product_cat-livre","9":"description-off","11":"first","12":"instock","13":"shipping-taxable","14":"purchasable","15":"product-type-simple"},"jetpack_sharing_enabled":true,"_links":{"self":[{"href":"https:\/\/elouedshop.com\/index.php?rest_route=\/wp\/v2\/product\/12129","targetHints":{"allow":["GET"]}}],"collection":[{"href":"https:\/\/elouedshop.com\/index.php?rest_route=\/wp\/v2\/product"}],"about":[{"href":"https:\/\/elouedshop.com\/index.php?rest_route=\/wp\/v2\/types\/product"}],"wp:featuredmedia":[{"embeddable":true,"href":"https:\/\/elouedshop.com\/index.php?rest_route=\/wp\/v2\/media\/4676"}],"wp:attachment":[{"href":"https:\/\/elouedshop.com\/index.php?rest_route=%2Fwp%2Fv2%2Fmedia&parent=12129"}],"wp:term":[{"taxonomy":"product_brand","embeddable":true,"href":"https:\/\/elouedshop.com\/index.php?rest_route=%2Fwp%2Fv2%2Fproduct_brand&post=12129"},{"taxonomy":"product_cat","embeddable":true,"href":"https:\/\/elouedshop.com\/index.php?rest_route=%2Fwp%2Fv2%2Fproduct_cat&post=12129"},{"taxonomy":"product_tag","embeddable":true,"href":"https:\/\/elouedshop.com\/index.php?rest_route=%2Fwp%2Fv2%2Fproduct_tag&post=12129"}],"curies":[{"name":"wp","href":"https:\/\/api.w.org\/{rel}","templated":true}]}}