{"id":12127,"date":"2024-12-27T02:47:42","date_gmt":"2024-12-27T02:47:42","guid":{"rendered":"https:\/\/elouedshop.com\/?post_type=product&#038;p=12127"},"modified":"2024-12-27T02:48:13","modified_gmt":"2024-12-27T02:48:13","slug":"lhistoire-du-prophete-mohammed-bsdl-suivie-de-nombreux-temoignages","status":"publish","type":"product","link":"https:\/\/elouedshop.com\/?product=lhistoire-du-prophete-mohammed-bsdl-suivie-de-nombreux-temoignages","title":{"rendered":"L&rsquo;Histoire du Proph\u00e8te Mohammed (BSDL) &#8211; Suivie de nombreux t\u00e9moignages&#8230;"},"content":{"rendered":"<p>L&rsquo;Histoire du Proph\u00e8te Mohammed (BSDL) illustr\u00e9e en images, suivie de nombreux t\u00e9moignages de penseurs non musulmans.<\/p>\n<p>La vie du Proph\u00e8te Mohammed (BSDL) est une source in\u00e9puisable d&rsquo;enseignements. Ce noble Messager a re\u00e7u de Dieu des qualit\u00e9s inestimables qui font de lui la meilleure des cr\u00e9atures. Il est, par excellence, le mod\u00e8le \u00e0 suivre pour tout musulman sinc\u00e8re. Mais comment suivre son exemple sans conna\u00eetre sa vie ? Ce livre a l&rsquo;ambition de raconter avec des mots simples la formidable destin\u00e9e de cet homme qui a tout fait pour que la V\u00e9rit\u00e9 nous parvienne. Pour conclure, nous y avons introduit de nombreux t\u00e9moignages d\u2019\u00e9crivains et de penseurs non musulmans, tels que : Voltaire, Napol\u00e9on Bonaparte, Gandhi, Gustave Le Bon, Lamartine, Von Goethe, etc.<\/p>\n<p>\u00ab Si la grandeur du dessein, la petitesse des moyens, et l&rsquo;immensit\u00e9 des r\u00e9sultats sont les trois mesures du g\u00e9nie de l&rsquo;homme, qui osera comparer humainement un grand homme de l&rsquo;histoire moderne \u00e0 Mahomet ?! Les plus fameux n&rsquo;ont remu\u00e9 que des armes, des lois, des empires ; ils n&rsquo;ont fond\u00e9 &#8211; quand ils ont fond\u00e9 quelque chose &#8211; que des puissances mat\u00e9rielles, \u00e9croul\u00e9es souvent avant eux. Celui-l\u00e0 a remu\u00e9 des \u00e2mes, des l\u00e9gislations, des empires, des peuples, des dynasties, des millions d&rsquo;hommes sur un tiers du globe habit\u00e9; mais il a remu\u00e9 de plus des autels, des dieux, des religions, des id\u00e9es, des croyances, des \u00e2mes ; il a fond\u00e9 sur un livre dont chaque lettre est devenue loi, une nationalit\u00e9 spirituelle qui englobe des peuples de toute langue et de toute race et il a inspir\u00e9, pour caract\u00e8re ind\u00e9l\u00e9bile de cette nationalit\u00e9 musulmane, la haine des faux dieux, et la passion du Dieu un et immat\u00e9riel. Ce patriotisme, vengeur des profanations du Ciel, fut la vertu des enfants de Mahomet; la conqu\u00eate du tiers de la terre \u00e0 son dogme fut son miracle, ou plut\u00f4t ce ne fut pas le miracle d&rsquo;un homme, ce fut celui de la raison.<\/p>\n<p>L&rsquo;id\u00e9e de l&rsquo;unit\u00e9 de Dieu proclam\u00e9e dans la lassitude des th\u00e9ologies fabuleuses, avait en elle-m\u00eame une telle vertu, qu&rsquo;en faisant explosion sur ses l\u00e8vres elle incendia tous les vieux temples des idoles et alluma de ses lueurs un tiers du monde\u2026 Philosophe, orateur, ap\u00f4tre l\u00e9gislateur, guerrier, conqu\u00e9rant d&rsquo;id\u00e9es, restaurateur de dogmes rationnels d&rsquo;un culte sans images, fondateur de vingt empires terrestres et un empire spirituel. Voil\u00e0 Mahomet ! A toutes les \u00e9chelles o\u00f9 l&rsquo;on mesure la grandeur humaine, quel homme fut plus grand ?! \u00bb\u00a0<i>(Lamartine)<\/i>.<\/p>\n<p>\u00ab Ce fut certainement un tr\u00e8s grand homme et qui forma de grands hommes. Il fallait qu&rsquo;il soit martyr ou conqu\u00e9rant. Il n&rsquo;y avait pas de milieu. Il vainquit toujours et toutes ses victoires furent remport\u00e9es par le petit nombre sur le grand. Conqu\u00e9rant, l\u00e9gislateur, monarque et pontife, il joua le plus grand r\u00f4le qu\u2019on puisse jouer sur la terre aux yeux du commun des hommes. \u00bb\u00a0<i>(Voltaire)<\/i>.<\/p>\n","protected":false},"excerpt":{"rendered":"<p>L&rsquo;Histoire du Proph\u00e8te Mohammed (BSDL) illustr\u00e9e en images, suivie de nombreux t\u00e9moignages de penseurs non musulmans. La vie du Proph\u00e8te Mohammed (BSDL) est une source in\u00e9puisable d&rsquo;enseignements. Ce noble Messager a re\u00e7u de Dieu des qualit\u00e9s inestimables qui font de lui la meilleure des cr\u00e9atures. Il est, par excellence, le mod\u00e8le \u00e0 suivre pour tout&hellip;<\/p>\n","protected":false},"featured_media":2311,"template":"","meta":[],"product_brand":[],"product_cat":[53,59,21,51,70],"product_tag":[],"class_list":{"0":"post-12127","1":"product","2":"type-product","3":"status-publish","4":"has-post-thumbnail","6":"product_cat-la-vie-du-prophete","7":"product_cat-les-recits-des-prophetes","8":"product_cat-livre","9":"product_cat-religion","10":"product_cat-vie-du-prophete-saw","11":"description-off","13":"first","14":"instock","15":"shipping-taxable","16":"purchasable","17":"product-type-simple"},"jetpack_sharing_enabled":true,"_links":{"self":[{"href":"https:\/\/elouedshop.com\/index.php?rest_route=\/wp\/v2\/product\/12127","targetHints":{"allow":["GET"]}}],"collection":[{"href":"https:\/\/elouedshop.com\/index.php?rest_route=\/wp\/v2\/product"}],"about":[{"href":"https:\/\/elouedshop.com\/index.php?rest_route=\/wp\/v2\/types\/product"}],"wp:featuredmedia":[{"embeddable":true,"href":"https:\/\/elouedshop.com\/index.php?rest_route=\/wp\/v2\/media\/2311"}],"wp:attachment":[{"href":"https:\/\/elouedshop.com\/index.php?rest_route=%2Fwp%2Fv2%2Fmedia&parent=12127"}],"wp:term":[{"taxonomy":"product_brand","embeddable":true,"href":"https:\/\/elouedshop.com\/index.php?rest_route=%2Fwp%2Fv2%2Fproduct_brand&post=12127"},{"taxonomy":"product_cat","embeddable":true,"href":"https:\/\/elouedshop.com\/index.php?rest_route=%2Fwp%2Fv2%2Fproduct_cat&post=12127"},{"taxonomy":"product_tag","embeddable":true,"href":"https:\/\/elouedshop.com\/index.php?rest_route=%2Fwp%2Fv2%2Fproduct_tag&post=12127"}],"curies":[{"name":"wp","href":"https:\/\/api.w.org\/{rel}","templated":true}]}}