{"id":12126,"date":"2024-12-27T02:47:31","date_gmt":"2024-12-27T02:47:31","guid":{"rendered":"https:\/\/elouedshop.com\/?post_type=product&#038;p=12126"},"modified":"2024-12-27T02:47:59","modified_gmt":"2024-12-27T02:47:59","slug":"lhistoire-de-yunus","status":"publish","type":"product","link":"https:\/\/elouedshop.com\/?product=lhistoire-de-yunus","title":{"rendered":"L&rsquo;histoire de Y\u00fbnus"},"content":{"rendered":"","protected":false},"excerpt":{"rendered":"<p>Y\u00fbnus fait partie de ces Proph\u00e8tes que nous connaissons finalement le moins. Pourtant, il est le mod\u00e8le par excellence du croyant qui ne d\u00e9sesp\u00e8re pas de la mis\u00e9ricorde divine, qui sait qu&rsquo;elle englobe toute chose, et qu&rsquo;Allah pardonne les p\u00e9ch\u00e9s et accepte le repentir. Y\u00fbnus a glorifi\u00e9 Allah, reconnu son p\u00e9ch\u00e9 et s&rsquo;est adress\u00e9 \u00e0 son Seigneur en bon monoth\u00e9iste : \u00ab\u00a0Pas de divinit\u00e9 \u00e0 part Toi ! Puret\u00e9 \u00e0 Toi ! J&rsquo;ai \u00e9t\u00e9 vraiment du nombre des injustes !\u00a0\u00bb<br \/>\nMais quel p\u00e9ch\u00e9 s&rsquo;agit-il? Dans quel circonstances a t-il formul\u00e9 cette invocation ? Allah l&rsquo;a t-il exauc\u00e9 ? Autant de questions, parmi d&rsquo;autres, auxquelles cette \u00e9p\u00eetre r\u00e9pond \u00e0 travers le r\u00e9cit de ce noble Proph\u00e8te.<\/p>\n","protected":false},"featured_media":7956,"template":"","meta":[],"product_brand":[],"product_cat":[175,68,21],"product_tag":[],"class_list":{"0":"post-12126","1":"product","2":"type-product","3":"status-publish","4":"has-post-thumbnail","6":"product_cat-histoires-du-coran","7":"product_cat-histoires-prophetes","8":"product_cat-livre","9":"description-off","11":"first","12":"instock","13":"shipping-taxable","14":"purchasable","15":"product-type-simple"},"jetpack_sharing_enabled":true,"_links":{"self":[{"href":"https:\/\/elouedshop.com\/index.php?rest_route=\/wp\/v2\/product\/12126","targetHints":{"allow":["GET"]}}],"collection":[{"href":"https:\/\/elouedshop.com\/index.php?rest_route=\/wp\/v2\/product"}],"about":[{"href":"https:\/\/elouedshop.com\/index.php?rest_route=\/wp\/v2\/types\/product"}],"wp:featuredmedia":[{"embeddable":true,"href":"https:\/\/elouedshop.com\/index.php?rest_route=\/wp\/v2\/media\/7956"}],"wp:attachment":[{"href":"https:\/\/elouedshop.com\/index.php?rest_route=%2Fwp%2Fv2%2Fmedia&parent=12126"}],"wp:term":[{"taxonomy":"product_brand","embeddable":true,"href":"https:\/\/elouedshop.com\/index.php?rest_route=%2Fwp%2Fv2%2Fproduct_brand&post=12126"},{"taxonomy":"product_cat","embeddable":true,"href":"https:\/\/elouedshop.com\/index.php?rest_route=%2Fwp%2Fv2%2Fproduct_cat&post=12126"},{"taxonomy":"product_tag","embeddable":true,"href":"https:\/\/elouedshop.com\/index.php?rest_route=%2Fwp%2Fv2%2Fproduct_tag&post=12126"}],"curies":[{"name":"wp","href":"https:\/\/api.w.org\/{rel}","templated":true}]}}