{"id":12125,"date":"2024-12-27T02:45:59","date_gmt":"2024-12-27T02:45:59","guid":{"rendered":"https:\/\/elouedshop.com\/?post_type=product&#038;p=12125"},"modified":"2024-12-27T02:47:09","modified_gmt":"2024-12-27T02:47:09","slug":"les-femmes-savantes-du-hadith-al-muhaddithat","status":"publish","type":"product","link":"https:\/\/elouedshop.com\/?product=les-femmes-savantes-du-hadith-al-muhaddithat","title":{"rendered":"Les Femmes Savantes du Hadith &#8211; Al-Muhaddithat"},"content":{"rendered":"<table border=\"0\" width=\"100%\" cellspacing=\"0\" cellpadding=\"0\">\n<tbody>\n<tr>\n<td align=\"left\"><span style=\"font-family: Verdana, Arial; font-size: small;\"><b>Auteur :<\/b>\u00a0Muhammad Akram Nadwi<br \/>\n<\/span><\/td>\n<\/tr>\n<tr>\n<td align=\"left\"><span style=\"font-family: Verdana, Arial; font-size: small;\"><b>Type de produit :<\/b>\u00a0Livre<br \/>\n<\/span><\/td>\n<\/tr>\n<tr>\n<td align=\"left\"><span style=\"font-family: Verdana, Arial; font-size: small;\"><b>Nombre de pages :<\/b>\u00a0260<br \/>\n<\/span><\/td>\n<\/tr>\n<tr>\n<td align=\"left\"><span style=\"font-family: Verdana, Arial; font-size: small;\"><b>Mod\u00e8le &#8211; Format :<\/b>\u00a0Rigide<br \/>\n<\/span><\/td>\n<\/tr>\n<tr>\n<td align=\"left\"><span style=\"font-family: Verdana, Arial; font-size: small;\"><b>Editeur :<\/b>\u00a0Editions Al Imam<br \/>\n<\/span><\/td>\n<\/tr>\n<tr>\n<td align=\"left\"><span style=\"font-family: Verdana, Arial; font-size: small;\"><b>Langue :<\/b>\u00a0fran\u00e7ais<br \/>\n<\/span><\/td>\n<\/tr>\n<tr>\n<td align=\"left\"><span style=\"font-family: Verdana, Arial; font-size: small;\"><b>ISBN\/EAN :<\/b>\u00a09782493631008<br \/>\n<\/span><\/td>\n<\/tr>\n<\/tbody>\n<\/table>\n","protected":false},"excerpt":{"rendered":"<p class=\"cvGsUA direction-ltr align-center para-style-body\"><span class=\"OYPEnA text-decoration-none text-strikethrough-none\">Ce livre est une adaptation de l&rsquo;introduction de l&rsquo;encyclop\u00e9die biographique, r\u00e9dig\u00e9e en arabe, de Muhammad Akram sur les femmes musulmanes ayant \u00e9tudi\u00e9 et enseign\u00e9 le Hadith. Il explore et analyse les informations contenues dans cette encyclop\u00e9die, d\u00e9montrant le r\u00f4le cl\u00e9 des femmes musulmanes dans la pr\u00e9servation de l&rsquo;enseignement du proph\u00e8te (paix et salut sur lui). Ce dernier est en effet le guide ultime pour comprendre le Coran, ses r\u00e8gles et ses normes de vie.<\/span><\/p>\n<p class=\"cvGsUA direction-ltr align-center para-style-body\"><span class=\"OYPEnA text-decoration-none text-strikethrough-none\">Et si de nombreuses femmes musulmanes n&rsquo;osent pas encore prier dans les mosqu\u00e9es, ni m\u00eame y prendre la parole, l&rsquo;histoire d&rsquo;Umm Ad-Darda, une \u00e9minente juriste de Damas au VIIe si\u00e8cle, est un exemple inspirant. Cette jeune femme s&rsquo;asseyait avec des \u00e9rudits masculins dans la mosqu\u00e9e, puis enseignait le Hadith, la jurisprudence et la loi religieuse, donnant m\u00eame des conf\u00e9rences \u00e0 des hommes. Parmi ses \u00e9tudiants se trouvait m\u00eame le calife de l&rsquo;\u00e9poque. C&rsquo;est ce que souligne l&rsquo;article publi\u00e9 dans The New York Times.<\/span><\/p>\n","protected":false},"featured_media":6813,"template":"","meta":[],"product_brand":[],"product_cat":[25,21],"product_tag":[],"class_list":{"0":"post-12125","1":"product","2":"type-product","3":"status-publish","4":"has-post-thumbnail","6":"product_cat-femmes","7":"product_cat-livre","8":"description-off","10":"first","11":"instock","12":"shipping-taxable","13":"purchasable","14":"product-type-simple"},"jetpack_sharing_enabled":true,"_links":{"self":[{"href":"https:\/\/elouedshop.com\/index.php?rest_route=\/wp\/v2\/product\/12125","targetHints":{"allow":["GET"]}}],"collection":[{"href":"https:\/\/elouedshop.com\/index.php?rest_route=\/wp\/v2\/product"}],"about":[{"href":"https:\/\/elouedshop.com\/index.php?rest_route=\/wp\/v2\/types\/product"}],"wp:featuredmedia":[{"embeddable":true,"href":"https:\/\/elouedshop.com\/index.php?rest_route=\/wp\/v2\/media\/6813"}],"wp:attachment":[{"href":"https:\/\/elouedshop.com\/index.php?rest_route=%2Fwp%2Fv2%2Fmedia&parent=12125"}],"wp:term":[{"taxonomy":"product_brand","embeddable":true,"href":"https:\/\/elouedshop.com\/index.php?rest_route=%2Fwp%2Fv2%2Fproduct_brand&post=12125"},{"taxonomy":"product_cat","embeddable":true,"href":"https:\/\/elouedshop.com\/index.php?rest_route=%2Fwp%2Fv2%2Fproduct_cat&post=12125"},{"taxonomy":"product_tag","embeddable":true,"href":"https:\/\/elouedshop.com\/index.php?rest_route=%2Fwp%2Fv2%2Fproduct_tag&post=12125"}],"curies":[{"name":"wp","href":"https:\/\/api.w.org\/{rel}","templated":true}]}}