{"id":12124,"date":"2024-12-27T02:45:46","date_gmt":"2024-12-27T02:45:46","guid":{"rendered":"https:\/\/elouedshop.com\/?post_type=product&#038;p=12124"},"modified":"2024-12-27T02:46:50","modified_gmt":"2024-12-27T02:46:50","slug":"lhistoire-du-prophete-ayyoub-livre-avec-pages-cartonnees","status":"publish","type":"product","link":"https:\/\/elouedshop.com\/?product=lhistoire-du-prophete-ayyoub-livre-avec-pages-cartonnees","title":{"rendered":"L&rsquo;histoire du proph\u00e8te Ayyo\u00fbb (Livre avec pages cartonn\u00e9es)"},"content":{"rendered":"","protected":false},"excerpt":{"rendered":"<p>Ce beau livre est le cadeau id\u00e9al pour les petits enfants. Il relate le r\u00e9cit coranique du Proph\u00e8te Ayyo\u00fbb livr\u00e9 avec de sublimes illustrations et un texte attrayant. Le r\u00e9cit comprend une belle morale.<\/p>\n","protected":false},"featured_media":6270,"template":"","meta":[],"product_brand":[],"product_cat":[39,24,175,59,21],"product_tag":[],"class_list":{"0":"post-12124","1":"product","2":"type-product","3":"status-publish","4":"has-post-thumbnail","6":"product_cat-bebe-3ans","7":"product_cat-enfants","8":"product_cat-histoires-du-coran","9":"product_cat-les-recits-des-prophetes","10":"product_cat-livre","11":"description-off","13":"first","14":"instock","15":"shipping-taxable","16":"purchasable","17":"product-type-simple"},"jetpack_sharing_enabled":true,"_links":{"self":[{"href":"https:\/\/elouedshop.com\/index.php?rest_route=\/wp\/v2\/product\/12124","targetHints":{"allow":["GET"]}}],"collection":[{"href":"https:\/\/elouedshop.com\/index.php?rest_route=\/wp\/v2\/product"}],"about":[{"href":"https:\/\/elouedshop.com\/index.php?rest_route=\/wp\/v2\/types\/product"}],"wp:featuredmedia":[{"embeddable":true,"href":"https:\/\/elouedshop.com\/index.php?rest_route=\/wp\/v2\/media\/6270"}],"wp:attachment":[{"href":"https:\/\/elouedshop.com\/index.php?rest_route=%2Fwp%2Fv2%2Fmedia&parent=12124"}],"wp:term":[{"taxonomy":"product_brand","embeddable":true,"href":"https:\/\/elouedshop.com\/index.php?rest_route=%2Fwp%2Fv2%2Fproduct_brand&post=12124"},{"taxonomy":"product_cat","embeddable":true,"href":"https:\/\/elouedshop.com\/index.php?rest_route=%2Fwp%2Fv2%2Fproduct_cat&post=12124"},{"taxonomy":"product_tag","embeddable":true,"href":"https:\/\/elouedshop.com\/index.php?rest_route=%2Fwp%2Fv2%2Fproduct_tag&post=12124"}],"curies":[{"name":"wp","href":"https:\/\/api.w.org\/{rel}","templated":true}]}}