{"id":12122,"date":"2024-12-27T02:45:37","date_gmt":"2024-12-27T02:45:37","guid":{"rendered":"https:\/\/elouedshop.com\/?post_type=product&#038;p=12122"},"modified":"2025-03-10T14:46:32","modified_gmt":"2025-03-10T14:46:32","slug":"lhistoire-du-prophete-adam-livre-avec-pages-cartonnees","status":"publish","type":"product","link":"https:\/\/elouedshop.com\/?product=lhistoire-du-prophete-adam-livre-avec-pages-cartonnees","title":{"rendered":"L&rsquo;histoire du proph\u00e8te Adam (Livre avec pages cartonn\u00e9es)"},"content":{"rendered":"<p>Ce beau livre joliment illustr\u00e9 pr\u00e9sente aux enfants un des plus c\u00e9l\u00e8bres r\u00e9cits du Coran et leur permet d&rsquo;en tirer les bons enseignements.<\/p>\n","protected":false},"excerpt":{"rendered":"<p>Ce beau livre joliment illustr\u00e9 pr\u00e9sente aux enfants un des plus c\u00e9l\u00e8bres r\u00e9cits du Coran et leur permet d&rsquo;en tirer les bons enseignements.<\/p>\n","protected":false},"featured_media":454,"template":"","meta":[],"product_brand":[],"product_cat":[39,24,175,59,21],"product_tag":[],"class_list":{"0":"post-12122","1":"product","2":"type-product","3":"status-publish","4":"has-post-thumbnail","6":"product_cat-bebe-3ans","7":"product_cat-enfants","8":"product_cat-histoires-du-coran","9":"product_cat-les-recits-des-prophetes","10":"product_cat-livre","11":"description-off","13":"first","14":"outofstock","15":"shipping-taxable","16":"purchasable","17":"product-type-simple"},"jetpack_sharing_enabled":true,"_links":{"self":[{"href":"https:\/\/elouedshop.com\/index.php?rest_route=\/wp\/v2\/product\/12122","targetHints":{"allow":["GET"]}}],"collection":[{"href":"https:\/\/elouedshop.com\/index.php?rest_route=\/wp\/v2\/product"}],"about":[{"href":"https:\/\/elouedshop.com\/index.php?rest_route=\/wp\/v2\/types\/product"}],"wp:featuredmedia":[{"embeddable":true,"href":"https:\/\/elouedshop.com\/index.php?rest_route=\/wp\/v2\/media\/454"}],"wp:attachment":[{"href":"https:\/\/elouedshop.com\/index.php?rest_route=%2Fwp%2Fv2%2Fmedia&parent=12122"}],"wp:term":[{"taxonomy":"product_brand","embeddable":true,"href":"https:\/\/elouedshop.com\/index.php?rest_route=%2Fwp%2Fv2%2Fproduct_brand&post=12122"},{"taxonomy":"product_cat","embeddable":true,"href":"https:\/\/elouedshop.com\/index.php?rest_route=%2Fwp%2Fv2%2Fproduct_cat&post=12122"},{"taxonomy":"product_tag","embeddable":true,"href":"https:\/\/elouedshop.com\/index.php?rest_route=%2Fwp%2Fv2%2Fproduct_tag&post=12122"}],"curies":[{"name":"wp","href":"https:\/\/api.w.org\/{rel}","templated":true}]}}