{"id":11964,"date":"2024-12-23T00:06:44","date_gmt":"2024-12-23T00:06:44","guid":{"rendered":"https:\/\/elouedshop.com\/?post_type=product&#038;p=11964"},"modified":"2024-12-23T00:06:44","modified_gmt":"2024-12-23T00:06:44","slug":"la-tolerance","status":"publish","type":"product","link":"https:\/\/elouedshop.com\/?product=la-tolerance","title":{"rendered":"La Tol\u00e9rance"},"content":{"rendered":"<p>Dans la ville des bolides, les trois amis rencontrent leur amie Katara, une d\u00e9panneuse pas comme les autres! Un peu caboss\u00e9e de partout, pas tr\u00e8s jolie, les amis ne vont pas \u00eatre tr\u00e8s tendre avec elle\u2026<\/p>\n<p>Page apr\u00e8s page, les images \u00e9tonnantes et pleines de r\u00e9flexions se succ\u00e8dent suscitant l\u2019attention de nos enfants. Car personne ne s&rsquo;y trompera, ces dr\u00f4les de bolides nous parlent avant tout&#8230; de nous !<\/p>\n","protected":false},"excerpt":{"rendered":"<p>Dans la ville des bolides, les trois amis rencontrent leur amie Katara, une d\u00e9panneuse pas comme les autres! Un peu caboss\u00e9e de partout, pas tr\u00e8s jolie, les amis ne vont pas \u00eatre tr\u00e8s tendre avec elle\u2026 Page apr\u00e8s page, les images \u00e9tonnantes et pleines de r\u00e9flexions se succ\u00e8dent suscitant l\u2019attention de nos enfants. Car personne&hellip;<\/p>\n","protected":false},"featured_media":11965,"template":"","meta":[],"product_brand":[],"product_cat":[167,181,24,21],"product_tag":[],"class_list":{"0":"post-11964","1":"product","2":"type-product","3":"status-publish","4":"has-post-thumbnail","6":"product_cat-contes-educatifs","7":"product_cat-education-religieuse","8":"product_cat-enfants","9":"product_cat-livre","10":"description-off","12":"first","13":"instock","14":"shipping-taxable","15":"purchasable","16":"product-type-simple"},"jetpack_sharing_enabled":true,"_links":{"self":[{"href":"https:\/\/elouedshop.com\/index.php?rest_route=\/wp\/v2\/product\/11964","targetHints":{"allow":["GET"]}}],"collection":[{"href":"https:\/\/elouedshop.com\/index.php?rest_route=\/wp\/v2\/product"}],"about":[{"href":"https:\/\/elouedshop.com\/index.php?rest_route=\/wp\/v2\/types\/product"}],"wp:featuredmedia":[{"embeddable":true,"href":"https:\/\/elouedshop.com\/index.php?rest_route=\/wp\/v2\/media\/11965"}],"wp:attachment":[{"href":"https:\/\/elouedshop.com\/index.php?rest_route=%2Fwp%2Fv2%2Fmedia&parent=11964"}],"wp:term":[{"taxonomy":"product_brand","embeddable":true,"href":"https:\/\/elouedshop.com\/index.php?rest_route=%2Fwp%2Fv2%2Fproduct_brand&post=11964"},{"taxonomy":"product_cat","embeddable":true,"href":"https:\/\/elouedshop.com\/index.php?rest_route=%2Fwp%2Fv2%2Fproduct_cat&post=11964"},{"taxonomy":"product_tag","embeddable":true,"href":"https:\/\/elouedshop.com\/index.php?rest_route=%2Fwp%2Fv2%2Fproduct_tag&post=11964"}],"curies":[{"name":"wp","href":"https:\/\/api.w.org\/{rel}","templated":true}]}}