{"id":11962,"date":"2024-12-23T00:03:22","date_gmt":"2024-12-23T00:03:22","guid":{"rendered":"https:\/\/elouedshop.com\/?post_type=product&#038;p=11962"},"modified":"2024-12-23T00:03:22","modified_gmt":"2024-12-23T00:03:22","slug":"la-patience","status":"publish","type":"product","link":"https:\/\/elouedshop.com\/?product=la-patience","title":{"rendered":"La Patience"},"content":{"rendered":"<p>Les vacances approchent \u00e0 grands pas dans la ville des bolides. \u00c0 cette occasion, les parents de Tawari l\u2019ambulance viendront le visiter incha Allah\u2026 Tawari a tout pr\u00e9vu pour cet \u00e9v\u00e9nement, mais il a oubli\u00e9 l\u2019essentiel : la patience !<\/p>\n<p>Voici une jolie histoire \u00e0 travers des illustrations captivantes pour \u00e9voquer les vertus de la patience \u00e0 votre enfant.<\/p>\n<p>En route !<\/p>\n","protected":false},"excerpt":{"rendered":"<p>Les vacances approchent \u00e0 grands pas dans la ville des bolides. \u00c0 cette occasion, les parents de Tawari l\u2019ambulance viendront le visiter incha Allah\u2026 Tawari a tout pr\u00e9vu pour cet \u00e9v\u00e9nement, mais il a oubli\u00e9 l\u2019essentiel : la patience ! Voici une jolie histoire \u00e0 travers des illustrations captivantes pour \u00e9voquer les vertus de la&hellip;<\/p>\n","protected":false},"featured_media":11963,"template":"","meta":[],"product_brand":[],"product_cat":[181,24,44,21],"product_tag":[],"class_list":{"0":"post-11962","1":"product","2":"type-product","3":"status-publish","4":"has-post-thumbnail","6":"product_cat-education-religieuse","7":"product_cat-enfants","8":"product_cat-ethique-education","9":"product_cat-livre","10":"description-off","12":"first","13":"instock","14":"shipping-taxable","15":"purchasable","16":"product-type-simple"},"jetpack_sharing_enabled":true,"_links":{"self":[{"href":"https:\/\/elouedshop.com\/index.php?rest_route=\/wp\/v2\/product\/11962","targetHints":{"allow":["GET"]}}],"collection":[{"href":"https:\/\/elouedshop.com\/index.php?rest_route=\/wp\/v2\/product"}],"about":[{"href":"https:\/\/elouedshop.com\/index.php?rest_route=\/wp\/v2\/types\/product"}],"wp:featuredmedia":[{"embeddable":true,"href":"https:\/\/elouedshop.com\/index.php?rest_route=\/wp\/v2\/media\/11963"}],"wp:attachment":[{"href":"https:\/\/elouedshop.com\/index.php?rest_route=%2Fwp%2Fv2%2Fmedia&parent=11962"}],"wp:term":[{"taxonomy":"product_brand","embeddable":true,"href":"https:\/\/elouedshop.com\/index.php?rest_route=%2Fwp%2Fv2%2Fproduct_brand&post=11962"},{"taxonomy":"product_cat","embeddable":true,"href":"https:\/\/elouedshop.com\/index.php?rest_route=%2Fwp%2Fv2%2Fproduct_cat&post=11962"},{"taxonomy":"product_tag","embeddable":true,"href":"https:\/\/elouedshop.com\/index.php?rest_route=%2Fwp%2Fv2%2Fproduct_tag&post=11962"}],"curies":[{"name":"wp","href":"https:\/\/api.w.org\/{rel}","templated":true}]}}