{"id":11961,"date":"2024-12-22T23:53:05","date_gmt":"2024-12-22T23:53:05","guid":{"rendered":"https:\/\/elouedshop.com\/?post_type=product&#038;p=11961"},"modified":"2025-01-20T00:39:36","modified_gmt":"2025-01-20T00:39:36","slug":"pack-24-livres-histoires-authentiques-des-prophetes-version-francaise","status":"publish","type":"product","link":"https:\/\/elouedshop.com\/?product=pack-24-livres-histoires-authentiques-des-prophetes-version-francaise","title":{"rendered":"Pack 24 livres : Histoires authentiques des Proph\u00e8tes (version fran\u00e7aise)"},"content":{"rendered":"<table border=\"0\" width=\"100%\" cellspacing=\"0\" cellpadding=\"0\">\n<tbody>\n<tr>\n<td align=\"left\"><span style=\"font-family: Verdana, Arial; font-size: small;\"><b>Type de produit :<\/b>\u00a0Livre<br \/>\n<\/span><\/td>\n<\/tr>\n<tr>\n<td align=\"left\"><span style=\"font-family: Verdana, Arial; font-size: small;\"><b>Nombre de pages :<\/b>\u00a0384<br \/>\n<\/span><\/td>\n<\/tr>\n<tr>\n<td align=\"left\"><span style=\"font-family: Verdana, Arial; font-size: small;\"><b>Mod\u00e8le &#8211; Format :<\/b>\u00a016 x 22 cm &#8211; Couvertures Souples &#8211; Pack de 24 livres<br \/>\n<\/span><\/td>\n<\/tr>\n<tr>\n<td align=\"left\"><span style=\"font-family: Verdana, Arial; font-size: small;\"><b>Editeur :<\/b>\u00a0La Biblioth\u00e8que Verte<br \/>\n<\/span><\/td>\n<\/tr>\n<tr>\n<td align=\"left\"><span style=\"font-family: Verdana, Arial; font-size: small;\"><b>Langue :<\/b>\u00a0fran\u00e7ais<br \/>\n<\/span><\/td>\n<\/tr>\n<tr>\n<td align=\"left\"><span style=\"font-family: Verdana, Arial; font-size: small;\"><b>ISBN\/EAN :<\/b>\u00a09789947251119 \/ 9789947251119<\/span><\/td>\n<\/tr>\n<\/tbody>\n<\/table>\n","protected":false},"excerpt":{"rendered":"<p><span class=\"OYPEnA text-decoration-none text-strikethrough-none\">Vous cherchez un cadeau pratique ? Ce pack est id\u00e9al ! Vous y trouverez 24 livrets relatant les r\u00e9cits des proph\u00e8tes mentionn\u00e9s dans le Coran et la Sunna authentique. Chaque livret contient 16 pages, offrant une plong\u00e9e dans l\u2019histoire de ces proph\u00e8tes. Vous en apprendrez davantage sur l\u2019Islam et le destin des hommes depuis notre p\u00e8re et proph\u00e8te \u201cAdam\u201d (PSL). Ils ont tous \u00e9t\u00e9 des personnages exemplaires dans leur temps, faisant preuve d\u2019une patience et d\u2019une endurance incroyables face aux \u00e9preuves. Dieu nous a transmis leur histoire pour que nous puissions tirer des le\u00e7ons de leur exp\u00e9rience. La sourate Joseph-Youcef V111 nous rappelle que ces histoires contiennent des le\u00e7ons pour les sages.<\/span> <span class=\"OYPEnA text-decoration-none text-strikethrough-none\">Les 24 livrets relatent l\u2019histoire des proph\u00e8tes suivants (Paix sur eux) : Adam, Idriss, No\u00e9, Houd, Saleh, Abraham, Loth, Isma\u00ebl, Isaac, Choaib, Joseph, Job, Jonas, Mo\u00efse et le Pharaon, Mo\u00efse et son peuple, Mo\u00efse et El-khadir, Elie et Elis\u00e9e, Dhu-el-Kifl, David, Salomon, Zacharie, Jean, J\u00e9sus et Mouhammad (SAW).<\/span><\/p>\n","protected":false},"featured_media":2449,"template":"","meta":[],"product_brand":[],"product_cat":[24,183,59,21,177,67],"product_tag":[],"class_list":{"0":"post-11961","1":"product","2":"type-product","3":"status-publish","4":"has-post-thumbnail","6":"product_cat-enfants","7":"product_cat-langues-arabe-anglais","8":"product_cat-les-recits-des-prophetes","9":"product_cat-livre","10":"product_cat-pack-cadeaux","11":"product_cat-recits-coranique","12":"description-off","14":"first","15":"instock","16":"shipping-taxable","17":"purchasable","18":"product-type-simple"},"jetpack_sharing_enabled":true,"_links":{"self":[{"href":"https:\/\/elouedshop.com\/index.php?rest_route=\/wp\/v2\/product\/11961","targetHints":{"allow":["GET"]}}],"collection":[{"href":"https:\/\/elouedshop.com\/index.php?rest_route=\/wp\/v2\/product"}],"about":[{"href":"https:\/\/elouedshop.com\/index.php?rest_route=\/wp\/v2\/types\/product"}],"wp:featuredmedia":[{"embeddable":true,"href":"https:\/\/elouedshop.com\/index.php?rest_route=\/wp\/v2\/media\/2449"}],"wp:attachment":[{"href":"https:\/\/elouedshop.com\/index.php?rest_route=%2Fwp%2Fv2%2Fmedia&parent=11961"}],"wp:term":[{"taxonomy":"product_brand","embeddable":true,"href":"https:\/\/elouedshop.com\/index.php?rest_route=%2Fwp%2Fv2%2Fproduct_brand&post=11961"},{"taxonomy":"product_cat","embeddable":true,"href":"https:\/\/elouedshop.com\/index.php?rest_route=%2Fwp%2Fv2%2Fproduct_cat&post=11961"},{"taxonomy":"product_tag","embeddable":true,"href":"https:\/\/elouedshop.com\/index.php?rest_route=%2Fwp%2Fv2%2Fproduct_tag&post=11961"}],"curies":[{"name":"wp","href":"https:\/\/api.w.org\/{rel}","templated":true}]}}