{"id":11955,"date":"2024-12-22T23:44:36","date_gmt":"2024-12-22T23:44:36","guid":{"rendered":"https:\/\/elouedshop.com\/?post_type=product&#038;p=11955"},"modified":"2024-12-22T23:44:36","modified_gmt":"2024-12-22T23:44:36","slug":"adam-et-aicha-au-zoo","status":"publish","type":"product","link":"https:\/\/elouedshop.com\/?product=adam-et-aicha-au-zoo","title":{"rendered":"Adam et Aicha au zoo"},"content":{"rendered":"<p>Comme chaque vendredi, Adam et \u2018A\u00efcha d\u00e9couvrent un nouveau lieu. Aujourd\u2019hui, ils partent visiter un zoo et ses multiples animaux. Subjugu\u00e9e, la petite famille ne cessera d\u2019\u00e9voquer Allah afin de Le louer pour Sa magnifique Cr\u00e9ation.<\/p>\n<p>Ce livre utilise la m\u00e9thode \u00e0 deux voix. Le parent lit le texte et l&rsquo;enfant lit le mot illustr\u00e9 et pour les enfants plus aguerris ils lisent l&rsquo;histoire enti\u00e8rement.<\/p>\n","protected":false},"excerpt":{"rendered":"<p>Comme chaque vendredi, Adam et \u2018A\u00efcha d\u00e9couvrent un nouveau lieu. Aujourd\u2019hui, ils partent visiter un zoo et ses multiples animaux. Subjugu\u00e9e, la petite famille ne cessera d\u2019\u00e9voquer Allah afin de Le louer pour Sa magnifique Cr\u00e9ation. Ce livre utilise la m\u00e9thode \u00e0 deux voix. Le parent lit le texte et l&rsquo;enfant lit le mot illustr\u00e9&hellip;<\/p>\n","protected":false},"featured_media":11957,"template":"","meta":[],"product_brand":[],"product_cat":[167,24,21],"product_tag":[],"class_list":{"0":"post-11955","1":"product","2":"type-product","3":"status-publish","4":"has-post-thumbnail","6":"product_cat-contes-educatifs","7":"product_cat-enfants","8":"product_cat-livre","9":"description-off","11":"first","12":"instock","13":"shipping-taxable","14":"purchasable","15":"product-type-simple"},"jetpack_sharing_enabled":true,"_links":{"self":[{"href":"https:\/\/elouedshop.com\/index.php?rest_route=\/wp\/v2\/product\/11955","targetHints":{"allow":["GET"]}}],"collection":[{"href":"https:\/\/elouedshop.com\/index.php?rest_route=\/wp\/v2\/product"}],"about":[{"href":"https:\/\/elouedshop.com\/index.php?rest_route=\/wp\/v2\/types\/product"}],"wp:featuredmedia":[{"embeddable":true,"href":"https:\/\/elouedshop.com\/index.php?rest_route=\/wp\/v2\/media\/11957"}],"wp:attachment":[{"href":"https:\/\/elouedshop.com\/index.php?rest_route=%2Fwp%2Fv2%2Fmedia&parent=11955"}],"wp:term":[{"taxonomy":"product_brand","embeddable":true,"href":"https:\/\/elouedshop.com\/index.php?rest_route=%2Fwp%2Fv2%2Fproduct_brand&post=11955"},{"taxonomy":"product_cat","embeddable":true,"href":"https:\/\/elouedshop.com\/index.php?rest_route=%2Fwp%2Fv2%2Fproduct_cat&post=11955"},{"taxonomy":"product_tag","embeddable":true,"href":"https:\/\/elouedshop.com\/index.php?rest_route=%2Fwp%2Fv2%2Fproduct_tag&post=11955"}],"curies":[{"name":"wp","href":"https:\/\/api.w.org\/{rel}","templated":true}]}}