{"id":11947,"date":"2024-12-22T23:29:36","date_gmt":"2024-12-22T23:29:36","guid":{"rendered":"https:\/\/elouedshop.com\/?post_type=product&#038;p=11947"},"modified":"2024-12-22T23:29:37","modified_gmt":"2024-12-22T23:29:37","slug":"les-compagnons-du-prophete","status":"publish","type":"product","link":"https:\/\/elouedshop.com\/?product=les-compagnons-du-prophete","title":{"rendered":"Les compagnons du Proph\u00e8te"},"content":{"rendered":"<p>Plongez vos petits musulmans dans l&rsquo;univers captivant des h\u00e9ros qui ont fa\u00e7onn\u00e9 l&rsquo;histoire de l&rsquo;Islam ! \u00ab\u00a0Les Compagnons du Proph\u00e8te\u00a0\u00bb est un voyage au c\u0153ur de l&rsquo;h\u00e9ritage pr\u00e9cieux que nous devons transmettre \u00e0 nos enfants.<\/p>\n<p>Suivez les aventures de Mohamed et Zaineb, deux jeunes curieux qui d\u00e9couvrent les histoires incroyables des Compagnons du Proph\u00e8te (\ufdfa), ces hommes et femmes exemplaires qui ont marqu\u00e9 l&rsquo;histoire et port\u00e9 haut les valeurs de notre religion.<\/p>\n","protected":false},"excerpt":{"rendered":"<p>Plongez vos petits musulmans dans l&rsquo;univers captivant des h\u00e9ros qui ont fa\u00e7onn\u00e9 l&rsquo;histoire de l&rsquo;Islam ! \u00ab\u00a0Les Compagnons du Proph\u00e8te\u00a0\u00bb est un voyage au c\u0153ur de l&rsquo;h\u00e9ritage pr\u00e9cieux que nous devons transmettre \u00e0 nos enfants. Suivez les aventures de Mohamed et Zaineb, deux jeunes curieux qui d\u00e9couvrent les histoires incroyables des Compagnons du Proph\u00e8te (\ufdfa),&hellip;<\/p>\n","protected":false},"featured_media":11949,"template":"","meta":[],"product_brand":[],"product_cat":[66,24,59,21],"product_tag":[],"class_list":{"0":"post-11947","1":"product","2":"type-product","3":"status-publish","4":"has-post-thumbnail","6":"product_cat-compagnons","7":"product_cat-enfants","8":"product_cat-les-recits-des-prophetes","9":"product_cat-livre","10":"description-off","12":"first","13":"instock","14":"shipping-taxable","15":"purchasable","16":"product-type-simple"},"jetpack_sharing_enabled":true,"_links":{"self":[{"href":"https:\/\/elouedshop.com\/index.php?rest_route=\/wp\/v2\/product\/11947","targetHints":{"allow":["GET"]}}],"collection":[{"href":"https:\/\/elouedshop.com\/index.php?rest_route=\/wp\/v2\/product"}],"about":[{"href":"https:\/\/elouedshop.com\/index.php?rest_route=\/wp\/v2\/types\/product"}],"wp:featuredmedia":[{"embeddable":true,"href":"https:\/\/elouedshop.com\/index.php?rest_route=\/wp\/v2\/media\/11949"}],"wp:attachment":[{"href":"https:\/\/elouedshop.com\/index.php?rest_route=%2Fwp%2Fv2%2Fmedia&parent=11947"}],"wp:term":[{"taxonomy":"product_brand","embeddable":true,"href":"https:\/\/elouedshop.com\/index.php?rest_route=%2Fwp%2Fv2%2Fproduct_brand&post=11947"},{"taxonomy":"product_cat","embeddable":true,"href":"https:\/\/elouedshop.com\/index.php?rest_route=%2Fwp%2Fv2%2Fproduct_cat&post=11947"},{"taxonomy":"product_tag","embeddable":true,"href":"https:\/\/elouedshop.com\/index.php?rest_route=%2Fwp%2Fv2%2Fproduct_tag&post=11947"}],"curies":[{"name":"wp","href":"https:\/\/api.w.org\/{rel}","templated":true}]}}