{"id":11944,"date":"2024-12-22T23:24:34","date_gmt":"2024-12-22T23:24:34","guid":{"rendered":"https:\/\/elouedshop.com\/?post_type=product&#038;p=11944"},"modified":"2024-12-22T23:24:34","modified_gmt":"2024-12-22T23:24:34","slug":"qui-est-allah-2","status":"publish","type":"product","link":"https:\/\/elouedshop.com\/?product=qui-est-allah-2","title":{"rendered":"Qui est Allah ?"},"content":{"rendered":"<p>D\u00e9couvrez une s\u00e9lection d&rsquo;illustrations captivantes, accompagn\u00e9e d&rsquo;une histoire simplifi\u00e9e. Ce livre a \u00e9t\u00e9 sp\u00e9cialement \u00e9dit\u00e9 pour faciliter l&rsquo;autonomie et l&rsquo;apprentissage des petits. Un livre de 60 pages avec une couverture cartonn\u00e9e qui explique aux enfants Qui est ALLAH ?<\/p>\n","protected":false},"excerpt":{"rendered":"<p>D\u00e9couvrez une s\u00e9lection d&rsquo;illustrations captivantes, accompagn\u00e9e d&rsquo;une histoire simplifi\u00e9e. Ce livre a \u00e9t\u00e9 sp\u00e9cialement \u00e9dit\u00e9 pour faciliter l&rsquo;autonomie et l&rsquo;apprentissage des petits. Un livre de 60 pages avec une couverture cartonn\u00e9e qui explique aux enfants Qui est ALLAH ?<\/p>\n","protected":false},"featured_media":11945,"template":"","meta":[],"product_brand":[],"product_cat":[80,24,21],"product_tag":[],"class_list":{"0":"post-11944","1":"product","2":"type-product","3":"status-publish","4":"has-post-thumbnail","6":"product_cat-dogme","7":"product_cat-enfants","8":"product_cat-livre","9":"description-off","11":"first","12":"instock","13":"shipping-taxable","14":"purchasable","15":"product-type-simple"},"jetpack_sharing_enabled":true,"_links":{"self":[{"href":"https:\/\/elouedshop.com\/index.php?rest_route=\/wp\/v2\/product\/11944","targetHints":{"allow":["GET"]}}],"collection":[{"href":"https:\/\/elouedshop.com\/index.php?rest_route=\/wp\/v2\/product"}],"about":[{"href":"https:\/\/elouedshop.com\/index.php?rest_route=\/wp\/v2\/types\/product"}],"wp:featuredmedia":[{"embeddable":true,"href":"https:\/\/elouedshop.com\/index.php?rest_route=\/wp\/v2\/media\/11945"}],"wp:attachment":[{"href":"https:\/\/elouedshop.com\/index.php?rest_route=%2Fwp%2Fv2%2Fmedia&parent=11944"}],"wp:term":[{"taxonomy":"product_brand","embeddable":true,"href":"https:\/\/elouedshop.com\/index.php?rest_route=%2Fwp%2Fv2%2Fproduct_brand&post=11944"},{"taxonomy":"product_cat","embeddable":true,"href":"https:\/\/elouedshop.com\/index.php?rest_route=%2Fwp%2Fv2%2Fproduct_cat&post=11944"},{"taxonomy":"product_tag","embeddable":true,"href":"https:\/\/elouedshop.com\/index.php?rest_route=%2Fwp%2Fv2%2Fproduct_tag&post=11944"}],"curies":[{"name":"wp","href":"https:\/\/api.w.org\/{rel}","templated":true}]}}