{"id":11942,"date":"2024-12-22T23:16:28","date_gmt":"2024-12-22T23:16:28","guid":{"rendered":"https:\/\/elouedshop.com\/?post_type=product&#038;p=11942"},"modified":"2024-12-22T23:16:28","modified_gmt":"2024-12-22T23:16:28","slug":"la-reconnaissance-envers-allah","status":"publish","type":"product","link":"https:\/\/elouedshop.com\/?product=la-reconnaissance-envers-allah","title":{"rendered":"La reconnaissance envers Allah"},"content":{"rendered":"<p>&nbsp;<\/p>\n<p class=\"h6\">Fiche technique<\/p>\n<dl class=\"data-sheet\">\n<dt class=\"name\">Ann\u00e9e<\/dt>\n<dd class=\"value\">2024<\/dd>\n<dt class=\"name\">Couverture<\/dt>\n<dd class=\"value\">Rigide<\/dd>\n<dt class=\"name\">Dimensions<\/dt>\n<dd class=\"value\">15*21cm<\/dd>\n<dt class=\"name\">Langue<\/dt>\n<dd class=\"value\">fran\u00e7aise<\/dd>\n<\/dl>\n","protected":false},"excerpt":{"rendered":"<p>Passez de bons moments lors du coucher en compagnie d\u2019Ayoub et Assya, deux personnages attachants que vos enfants affectionneront particuli\u00e8rement.<\/p>\n<p>\u00c0 travers cette jolie histoire inspirante, Ayoub et Assya vont se rendre compte des bienfaits qu\u2019Allah leur a accord\u00e9s, bien souvent ignor\u00e9s. Il est essentiel de leur inculquer la reconnaissance envers Allah pour tout ce qu\u2019IL nous donne\u2026 ou pas ! De m\u00eame, ils apprendront \u00e0 reconna\u00eetre l&rsquo;importance des parents dans leur vie et \u00e0 leur exprimer leur gratitude pour tout ce qu&rsquo;ils accomplissent avec amour et d\u00e9vouement.<\/p>\n<p>Les personnages sont sans visage afin de d\u00e9velopper l\u2019imagination et la cr\u00e9ativit\u00e9 des enfants \u00e0 l\u2019infini.<\/p>\n","protected":false},"featured_media":11943,"template":"","meta":[],"product_brand":[],"product_cat":[152,181,24,44,21],"product_tag":[],"class_list":{"0":"post-11942","1":"product","2":"type-product","3":"status-publish","4":"has-post-thumbnail","6":"product_cat-connaitre-dieu","7":"product_cat-education-religieuse","8":"product_cat-enfants","9":"product_cat-ethique-education","10":"product_cat-livre","11":"description-off","13":"first","14":"instock","15":"shipping-taxable","16":"purchasable","17":"product-type-simple"},"jetpack_sharing_enabled":true,"_links":{"self":[{"href":"https:\/\/elouedshop.com\/index.php?rest_route=\/wp\/v2\/product\/11942","targetHints":{"allow":["GET"]}}],"collection":[{"href":"https:\/\/elouedshop.com\/index.php?rest_route=\/wp\/v2\/product"}],"about":[{"href":"https:\/\/elouedshop.com\/index.php?rest_route=\/wp\/v2\/types\/product"}],"wp:featuredmedia":[{"embeddable":true,"href":"https:\/\/elouedshop.com\/index.php?rest_route=\/wp\/v2\/media\/11943"}],"wp:attachment":[{"href":"https:\/\/elouedshop.com\/index.php?rest_route=%2Fwp%2Fv2%2Fmedia&parent=11942"}],"wp:term":[{"taxonomy":"product_brand","embeddable":true,"href":"https:\/\/elouedshop.com\/index.php?rest_route=%2Fwp%2Fv2%2Fproduct_brand&post=11942"},{"taxonomy":"product_cat","embeddable":true,"href":"https:\/\/elouedshop.com\/index.php?rest_route=%2Fwp%2Fv2%2Fproduct_cat&post=11942"},{"taxonomy":"product_tag","embeddable":true,"href":"https:\/\/elouedshop.com\/index.php?rest_route=%2Fwp%2Fv2%2Fproduct_tag&post=11942"}],"curies":[{"name":"wp","href":"https:\/\/api.w.org\/{rel}","templated":true}]}}