{"id":11936,"date":"2024-12-22T23:04:29","date_gmt":"2024-12-22T23:04:29","guid":{"rendered":"https:\/\/elouedshop.com\/?post_type=product&#038;p=11936"},"modified":"2024-12-22T23:04:29","modified_gmt":"2024-12-22T23:04:29","slug":"la-bonte-envers-les-parents","status":"publish","type":"product","link":"https:\/\/elouedshop.com\/?product=la-bonte-envers-les-parents","title":{"rendered":"La bont\u00e9 envers les parents"},"content":{"rendered":"<p class=\"h6\">Fiche technique<\/p>\n<dl class=\"data-sheet\">\n<dt class=\"name\">Langue<\/dt>\n<dd class=\"value\">fran\u00e7aise<\/dd>\n<\/dl>\n","protected":false},"excerpt":{"rendered":"<p>Tr\u00e8s cher lecteur, petit ou grand. Entre tes mains, voici un ouvrage pr\u00e9cieux, choisi pour toi, afin de d\u00e9couvrir quelques enseignements parmi les plus nobles comportements \u00e0 adopter avec tes parents dans la vie quotidienne.<\/p>\n<p>La bont\u00e9 envers les parents&#8230; Mais qu &lsquo;est\u2014ce que c&rsquo;est ?<\/p>\n<p>\u00c0 travers une jolie histoire en compagnie d &lsquo;Ayoub et Assya, vos enfants apprendront la valeur des parents, malheureusement trop souvent oubli\u00e9e. La bienfaisance envers les parents est la cl\u00e9 du Paradis&#8230;<\/p>\n","protected":false},"featured_media":11937,"template":"","meta":[],"product_brand":[],"product_cat":[24,44,21],"product_tag":[],"class_list":{"0":"post-11936","1":"product","2":"type-product","3":"status-publish","4":"has-post-thumbnail","6":"product_cat-enfants","7":"product_cat-ethique-education","8":"product_cat-livre","9":"description-off","11":"first","12":"instock","13":"shipping-taxable","14":"purchasable","15":"product-type-simple"},"jetpack_sharing_enabled":true,"_links":{"self":[{"href":"https:\/\/elouedshop.com\/index.php?rest_route=\/wp\/v2\/product\/11936","targetHints":{"allow":["GET"]}}],"collection":[{"href":"https:\/\/elouedshop.com\/index.php?rest_route=\/wp\/v2\/product"}],"about":[{"href":"https:\/\/elouedshop.com\/index.php?rest_route=\/wp\/v2\/types\/product"}],"wp:featuredmedia":[{"embeddable":true,"href":"https:\/\/elouedshop.com\/index.php?rest_route=\/wp\/v2\/media\/11937"}],"wp:attachment":[{"href":"https:\/\/elouedshop.com\/index.php?rest_route=%2Fwp%2Fv2%2Fmedia&parent=11936"}],"wp:term":[{"taxonomy":"product_brand","embeddable":true,"href":"https:\/\/elouedshop.com\/index.php?rest_route=%2Fwp%2Fv2%2Fproduct_brand&post=11936"},{"taxonomy":"product_cat","embeddable":true,"href":"https:\/\/elouedshop.com\/index.php?rest_route=%2Fwp%2Fv2%2Fproduct_cat&post=11936"},{"taxonomy":"product_tag","embeddable":true,"href":"https:\/\/elouedshop.com\/index.php?rest_route=%2Fwp%2Fv2%2Fproduct_tag&post=11936"}],"curies":[{"name":"wp","href":"https:\/\/api.w.org\/{rel}","templated":true}]}}