{"id":11934,"date":"2024-12-22T23:01:03","date_gmt":"2024-12-22T23:01:03","guid":{"rendered":"https:\/\/elouedshop.com\/?post_type=product&#038;p=11934"},"modified":"2024-12-22T23:01:36","modified_gmt":"2024-12-22T23:01:36","slug":"11934","status":"publish","type":"product","link":"https:\/\/elouedshop.com\/?product=11934","title":{"rendered":"Allah est mon Cr\u00e9ateur"},"content":{"rendered":"<p class=\"h6\">Fiche technique<\/p>\n<dl class=\"data-sheet\">\n<dt class=\"name\">Langue<\/dt>\n<dd class=\"value\">fran\u00e7aise<\/dd>\n<\/dl>\n","protected":false},"excerpt":{"rendered":"<p>Ce matin, Assya se l\u00e8ve tr\u00e8s contrari\u00e9e. Elle se pr\u00e9pare puis se dirige vers la cuisine pour rejoindre Ayoub, Abi et Oumi pour prendre son petit-d\u00e9jeuner. Malheureusement une question la tracasse et cela lui coupe l&rsquo;app\u00e9tit. Envoy\u00e9 par sa Oumi, avec son fr\u00e8re, pour aller chez leur tante, Assya confiera \u00e0 son fr\u00e8re ce lourd secret qui la fait tant r\u00e9fl\u00e9chir.<\/p>\n","protected":false},"featured_media":11935,"template":"","meta":[],"product_brand":[],"product_cat":[181,24,21],"product_tag":[],"class_list":{"0":"post-11934","1":"product","2":"type-product","3":"status-publish","4":"has-post-thumbnail","6":"product_cat-education-religieuse","7":"product_cat-enfants","8":"product_cat-livre","9":"description-off","11":"first","12":"instock","13":"shipping-taxable","14":"purchasable","15":"product-type-simple"},"jetpack_sharing_enabled":true,"_links":{"self":[{"href":"https:\/\/elouedshop.com\/index.php?rest_route=\/wp\/v2\/product\/11934","targetHints":{"allow":["GET"]}}],"collection":[{"href":"https:\/\/elouedshop.com\/index.php?rest_route=\/wp\/v2\/product"}],"about":[{"href":"https:\/\/elouedshop.com\/index.php?rest_route=\/wp\/v2\/types\/product"}],"wp:featuredmedia":[{"embeddable":true,"href":"https:\/\/elouedshop.com\/index.php?rest_route=\/wp\/v2\/media\/11935"}],"wp:attachment":[{"href":"https:\/\/elouedshop.com\/index.php?rest_route=%2Fwp%2Fv2%2Fmedia&parent=11934"}],"wp:term":[{"taxonomy":"product_brand","embeddable":true,"href":"https:\/\/elouedshop.com\/index.php?rest_route=%2Fwp%2Fv2%2Fproduct_brand&post=11934"},{"taxonomy":"product_cat","embeddable":true,"href":"https:\/\/elouedshop.com\/index.php?rest_route=%2Fwp%2Fv2%2Fproduct_cat&post=11934"},{"taxonomy":"product_tag","embeddable":true,"href":"https:\/\/elouedshop.com\/index.php?rest_route=%2Fwp%2Fv2%2Fproduct_tag&post=11934"}],"curies":[{"name":"wp","href":"https:\/\/api.w.org\/{rel}","templated":true}]}}