{"id":11919,"date":"2024-12-22T20:28:47","date_gmt":"2024-12-22T20:28:47","guid":{"rendered":"https:\/\/elouedshop.com\/?post_type=product&#038;p=11919"},"modified":"2024-12-22T20:29:10","modified_gmt":"2024-12-22T20:29:10","slug":"mes-premieres-histoires-volume-2","status":"publish","type":"product","link":"https:\/\/elouedshop.com\/?product=mes-premieres-histoires-volume-2","title":{"rendered":"Mes premi\u00e8res histoires &#8211; Volume 2"},"content":{"rendered":"","protected":false},"excerpt":{"rendered":"<p>A travers ce merveilleux livre, d\u00e9couvrez 3 magnifiques histoires aux illustrations captivantes, accompagn\u00e9es de textes adapt\u00e9s \u00e0 l&rsquo;\u00e2ge de l&rsquo;enfant.<\/p>\n<p>\u00ab Pourquoi suis-je dans ce monde? \u00bb, \u00ab J&rsquo;invoque en toute situation. \u00bb et \u00ab O\u00f9 est Allah ? \u00bb Ces petites histoires faciliteront l&rsquo;apprentissage et la compr\u00e9hension des touts petits. Un livre de soixante pages avec une couverture cartonn\u00e9e pleine de richesse !<\/p>\n<p>Les personnages sont sans visage afin de d\u00e9velopper l&rsquo;imagination et la cr\u00e9ativit\u00e9 des enfants \u00e0 l&rsquo;infini.<\/p>\n","protected":false},"featured_media":5313,"template":"","meta":[],"product_brand":[],"product_cat":[181,24,21],"product_tag":[],"class_list":{"0":"post-11919","1":"product","2":"type-product","3":"status-publish","4":"has-post-thumbnail","6":"product_cat-education-religieuse","7":"product_cat-enfants","8":"product_cat-livre","9":"description-off","11":"first","12":"instock","13":"shipping-taxable","14":"purchasable","15":"product-type-simple"},"jetpack_sharing_enabled":true,"_links":{"self":[{"href":"https:\/\/elouedshop.com\/index.php?rest_route=\/wp\/v2\/product\/11919","targetHints":{"allow":["GET"]}}],"collection":[{"href":"https:\/\/elouedshop.com\/index.php?rest_route=\/wp\/v2\/product"}],"about":[{"href":"https:\/\/elouedshop.com\/index.php?rest_route=\/wp\/v2\/types\/product"}],"wp:featuredmedia":[{"embeddable":true,"href":"https:\/\/elouedshop.com\/index.php?rest_route=\/wp\/v2\/media\/5313"}],"wp:attachment":[{"href":"https:\/\/elouedshop.com\/index.php?rest_route=%2Fwp%2Fv2%2Fmedia&parent=11919"}],"wp:term":[{"taxonomy":"product_brand","embeddable":true,"href":"https:\/\/elouedshop.com\/index.php?rest_route=%2Fwp%2Fv2%2Fproduct_brand&post=11919"},{"taxonomy":"product_cat","embeddable":true,"href":"https:\/\/elouedshop.com\/index.php?rest_route=%2Fwp%2Fv2%2Fproduct_cat&post=11919"},{"taxonomy":"product_tag","embeddable":true,"href":"https:\/\/elouedshop.com\/index.php?rest_route=%2Fwp%2Fv2%2Fproduct_tag&post=11919"}],"curies":[{"name":"wp","href":"https:\/\/api.w.org\/{rel}","templated":true}]}}