{"id":11918,"date":"2024-12-22T20:27:15","date_gmt":"2024-12-22T20:27:15","guid":{"rendered":"https:\/\/elouedshop.com\/?post_type=product&#038;p=11918"},"modified":"2024-12-22T20:27:59","modified_gmt":"2024-12-22T20:27:59","slug":"mon-livre-des-sounnanes-7-12-ans-2","status":"publish","type":"product","link":"https:\/\/elouedshop.com\/?product=mon-livre-des-sounnanes-7-12-ans-2","title":{"rendered":"Mon livre des Sounnanes (7\/12 ans)"},"content":{"rendered":"","protected":false},"excerpt":{"rendered":"<p>D\u00e9couvrez une s\u00e9lection d&rsquo;illustrations captivantes, accompagn\u00e9es de textes adapt\u00e9s \u00e0 l&rsquo;\u00e2ge de l&rsquo;enfant. Ce livre a \u00e9t\u00e9 sp\u00e9cialement \u00e9dit\u00e9 pour faciliter l&rsquo;autonomie et l&rsquo;apprentissage aux petits. Un livre de 60 pages, avec couverture cartonn\u00e9e, qui explique de mani\u00e8re ludique et tr\u00e8s simplifi\u00e9e les\u00a0Sounnanes que votre enfant peut r\u00e9aliser dans la vie de tous les jours. Aidez-le \u00e0 les apprendre et les mettre en pratique, afin qu&rsquo;il grandisse en suivant la Sounnah de notre Proph\u00e8te.<\/p>\n","protected":false},"featured_media":6510,"template":"","meta":[],"product_brand":[],"product_cat":[181,24,198,21],"product_tag":[],"class_list":{"0":"post-11918","1":"product","2":"type-product","3":"status-publish","4":"has-post-thumbnail","6":"product_cat-education-religieuse","7":"product_cat-enfants","8":"product_cat-la-sunnah-souna","9":"product_cat-livre","10":"description-off","12":"first","13":"instock","14":"shipping-taxable","15":"purchasable","16":"product-type-simple"},"jetpack_sharing_enabled":true,"_links":{"self":[{"href":"https:\/\/elouedshop.com\/index.php?rest_route=\/wp\/v2\/product\/11918","targetHints":{"allow":["GET"]}}],"collection":[{"href":"https:\/\/elouedshop.com\/index.php?rest_route=\/wp\/v2\/product"}],"about":[{"href":"https:\/\/elouedshop.com\/index.php?rest_route=\/wp\/v2\/types\/product"}],"wp:featuredmedia":[{"embeddable":true,"href":"https:\/\/elouedshop.com\/index.php?rest_route=\/wp\/v2\/media\/6510"}],"wp:attachment":[{"href":"https:\/\/elouedshop.com\/index.php?rest_route=%2Fwp%2Fv2%2Fmedia&parent=11918"}],"wp:term":[{"taxonomy":"product_brand","embeddable":true,"href":"https:\/\/elouedshop.com\/index.php?rest_route=%2Fwp%2Fv2%2Fproduct_brand&post=11918"},{"taxonomy":"product_cat","embeddable":true,"href":"https:\/\/elouedshop.com\/index.php?rest_route=%2Fwp%2Fv2%2Fproduct_cat&post=11918"},{"taxonomy":"product_tag","embeddable":true,"href":"https:\/\/elouedshop.com\/index.php?rest_route=%2Fwp%2Fv2%2Fproduct_tag&post=11918"}],"curies":[{"name":"wp","href":"https:\/\/api.w.org\/{rel}","templated":true}]}}