{"id":11910,"date":"2024-12-22T20:10:08","date_gmt":"2024-12-22T20:10:08","guid":{"rendered":"https:\/\/elouedshop.com\/?post_type=product&#038;p=11910"},"modified":"2024-12-22T20:10:53","modified_gmt":"2024-12-22T20:10:53","slug":"le-livre-des-bonnes-manieres-3-6-ans","status":"publish","type":"product","link":"https:\/\/elouedshop.com\/?product=le-livre-des-bonnes-manieres-3-6-ans","title":{"rendered":"Le livre des bonnes mani\u00e8res (3\/6 ans)"},"content":{"rendered":"","protected":false},"excerpt":{"rendered":"<p>D\u00e9couvrez une s\u00e9lection d&rsquo;illustrations captivantes, accompagn\u00e9e de textes adapt\u00e9s \u00e0 l\u2019\u00e2ge de l&rsquo;enfant. Ce livre a \u00e9t\u00e9 sp\u00e9cialement \u00e9dit\u00e9 pour faciliter l&rsquo;autonomie et l&rsquo;apprentissage des petits. Un livre de 60 pages, avec une couverture carton, qui explique de mani\u00e8re ludique et tr\u00e8s simplifi\u00e9 les bonnes mani\u00e8res \u00e0 avoir en tant que petit Muslim. Intitul\u00e9 : Le livres des bonnes mani\u00e8res, ce livre est le premier num\u00e9ro d&rsquo;une longue s\u00e9rie de livres sur le bon comportement et les bonnes actions expliqu\u00e9s \u00e0 nos enfants.<\/p>\n","protected":false},"featured_media":6525,"template":"","meta":[],"product_brand":[],"product_cat":[181,24,44,21],"product_tag":[],"class_list":{"0":"post-11910","1":"product","2":"type-product","3":"status-publish","4":"has-post-thumbnail","6":"product_cat-education-religieuse","7":"product_cat-enfants","8":"product_cat-ethique-education","9":"product_cat-livre","10":"description-off","12":"first","13":"instock","14":"shipping-taxable","15":"purchasable","16":"product-type-simple"},"jetpack_sharing_enabled":true,"_links":{"self":[{"href":"https:\/\/elouedshop.com\/index.php?rest_route=\/wp\/v2\/product\/11910","targetHints":{"allow":["GET"]}}],"collection":[{"href":"https:\/\/elouedshop.com\/index.php?rest_route=\/wp\/v2\/product"}],"about":[{"href":"https:\/\/elouedshop.com\/index.php?rest_route=\/wp\/v2\/types\/product"}],"wp:featuredmedia":[{"embeddable":true,"href":"https:\/\/elouedshop.com\/index.php?rest_route=\/wp\/v2\/media\/6525"}],"wp:attachment":[{"href":"https:\/\/elouedshop.com\/index.php?rest_route=%2Fwp%2Fv2%2Fmedia&parent=11910"}],"wp:term":[{"taxonomy":"product_brand","embeddable":true,"href":"https:\/\/elouedshop.com\/index.php?rest_route=%2Fwp%2Fv2%2Fproduct_brand&post=11910"},{"taxonomy":"product_cat","embeddable":true,"href":"https:\/\/elouedshop.com\/index.php?rest_route=%2Fwp%2Fv2%2Fproduct_cat&post=11910"},{"taxonomy":"product_tag","embeddable":true,"href":"https:\/\/elouedshop.com\/index.php?rest_route=%2Fwp%2Fv2%2Fproduct_tag&post=11910"}],"curies":[{"name":"wp","href":"https:\/\/api.w.org\/{rel}","templated":true}]}}