{"id":11908,"date":"2024-12-22T19:57:17","date_gmt":"2024-12-22T19:57:17","guid":{"rendered":"https:\/\/elouedshop.com\/?post_type=product&#038;p=11908"},"modified":"2024-12-22T20:02:25","modified_gmt":"2024-12-22T20:02:25","slug":"raconte-moi-une-histoire-la-sincerite","status":"publish","type":"product","link":"https:\/\/elouedshop.com\/?product=raconte-moi-une-histoire-la-sincerite","title":{"rendered":"Raconte-moi une histoire : La Sinc\u00e9rit\u00e9"},"content":{"rendered":"<p class=\"h6\">Fiche technique<\/p>\n<dl class=\"data-sheet\">\n<dt class=\"name\">EAN-13<\/dt>\n<dd class=\"value\">9782493483072<\/dd>\n<dt class=\"name\">Langue<\/dt>\n<dd class=\"value\">fran\u00e7aise<\/dd>\n<\/dl>\n","protected":false},"excerpt":{"rendered":"<p>Raconte moi une histoire la sinc\u00e9rit\u00e9, est un livre riche en enseignement pour nos enfants. Un livre qui va expliqu\u00e9 importance de la sinc\u00e9rit\u00e9 dans la religion musulmane.<\/p>\n","protected":false},"featured_media":5334,"template":"","meta":[],"product_brand":[],"product_cat":[167,24,21],"product_tag":[],"class_list":{"0":"post-11908","1":"product","2":"type-product","3":"status-publish","4":"has-post-thumbnail","6":"product_cat-contes-educatifs","7":"product_cat-enfants","8":"product_cat-livre","9":"description-off","11":"first","12":"instock","13":"shipping-taxable","14":"purchasable","15":"product-type-simple"},"jetpack_sharing_enabled":true,"_links":{"self":[{"href":"https:\/\/elouedshop.com\/index.php?rest_route=\/wp\/v2\/product\/11908","targetHints":{"allow":["GET"]}}],"collection":[{"href":"https:\/\/elouedshop.com\/index.php?rest_route=\/wp\/v2\/product"}],"about":[{"href":"https:\/\/elouedshop.com\/index.php?rest_route=\/wp\/v2\/types\/product"}],"wp:featuredmedia":[{"embeddable":true,"href":"https:\/\/elouedshop.com\/index.php?rest_route=\/wp\/v2\/media\/5334"}],"wp:attachment":[{"href":"https:\/\/elouedshop.com\/index.php?rest_route=%2Fwp%2Fv2%2Fmedia&parent=11908"}],"wp:term":[{"taxonomy":"product_brand","embeddable":true,"href":"https:\/\/elouedshop.com\/index.php?rest_route=%2Fwp%2Fv2%2Fproduct_brand&post=11908"},{"taxonomy":"product_cat","embeddable":true,"href":"https:\/\/elouedshop.com\/index.php?rest_route=%2Fwp%2Fv2%2Fproduct_cat&post=11908"},{"taxonomy":"product_tag","embeddable":true,"href":"https:\/\/elouedshop.com\/index.php?rest_route=%2Fwp%2Fv2%2Fproduct_tag&post=11908"}],"curies":[{"name":"wp","href":"https:\/\/api.w.org\/{rel}","templated":true}]}}