{"id":11906,"date":"2024-12-22T19:57:10","date_gmt":"2024-12-22T19:57:10","guid":{"rendered":"https:\/\/elouedshop.com\/?post_type=product&#038;p=11906"},"modified":"2024-12-22T20:00:58","modified_gmt":"2024-12-22T20:00:58","slug":"raconte-moi-une-histoire-le-pardon","status":"publish","type":"product","link":"https:\/\/elouedshop.com\/?product=raconte-moi-une-histoire-le-pardon","title":{"rendered":"Raconte-moi une histoire &#8211; Le pardon"},"content":{"rendered":"<p class=\"h6\">Fiche technique<\/p>\n<dl class=\"data-sheet\">\n<dt class=\"name\">Ann\u00e9e<\/dt>\n<dd class=\"value\">2020<\/dd>\n<dt class=\"name\">Couverture<\/dt>\n<dd class=\"value\">Rigide<\/dd>\n<dt class=\"name\">ISBN<\/dt>\n<dd class=\"value\">5430000315388<\/dd>\n<dt class=\"name\">Nb. Pages<\/dt>\n<dd class=\"value\">60<\/dd>\n<dt class=\"name\">Langue<\/dt>\n<dd class=\"value\">fran\u00e7aise<\/dd>\n<\/dl>\n","protected":false},"excerpt":{"rendered":"<p><span class=\"OYPEnA text-decoration-none text-strikethrough-none\">Ouvrez grand les yeux sur le deuxi\u00e8me chapitre de notre collection \u00ab\u00a0Raconte-moi une histoire\u00a0\u00bb! Ce bijou de livre transporte votre bout de chou dans un monde de pardon et de paix, \u00e0 travers l&rsquo;aventure de Mohammed et Zaineb. Avec des images \u00e9clatantes, et des histoires adapt\u00e9es \u00e0 leur \u00e2ge, votre enfant sera enchant\u00e9 \u00e0 chaque page. Ce livre cartonn\u00e9 de 60 pages est un vrai tr\u00e9sor, leur enseignant la beaut\u00e9 du pardon de mani\u00e8re ludique. Votre petit curieux sera captiv\u00e9 par chaque mot et deviendra un v\u00e9ritable as de l&rsquo;autonomie gr\u00e2ce \u00e0 ces histoires enchanteuses.<\/span><\/p>\n","protected":false},"featured_media":6491,"template":"","meta":[],"product_brand":[],"product_cat":[181,24,21],"product_tag":[],"class_list":{"0":"post-11906","1":"product","2":"type-product","3":"status-publish","4":"has-post-thumbnail","6":"product_cat-education-religieuse","7":"product_cat-enfants","8":"product_cat-livre","9":"description-off","11":"first","12":"instock","13":"shipping-taxable","14":"purchasable","15":"product-type-simple"},"jetpack_sharing_enabled":true,"_links":{"self":[{"href":"https:\/\/elouedshop.com\/index.php?rest_route=\/wp\/v2\/product\/11906","targetHints":{"allow":["GET"]}}],"collection":[{"href":"https:\/\/elouedshop.com\/index.php?rest_route=\/wp\/v2\/product"}],"about":[{"href":"https:\/\/elouedshop.com\/index.php?rest_route=\/wp\/v2\/types\/product"}],"wp:featuredmedia":[{"embeddable":true,"href":"https:\/\/elouedshop.com\/index.php?rest_route=\/wp\/v2\/media\/6491"}],"wp:attachment":[{"href":"https:\/\/elouedshop.com\/index.php?rest_route=%2Fwp%2Fv2%2Fmedia&parent=11906"}],"wp:term":[{"taxonomy":"product_brand","embeddable":true,"href":"https:\/\/elouedshop.com\/index.php?rest_route=%2Fwp%2Fv2%2Fproduct_brand&post=11906"},{"taxonomy":"product_cat","embeddable":true,"href":"https:\/\/elouedshop.com\/index.php?rest_route=%2Fwp%2Fv2%2Fproduct_cat&post=11906"},{"taxonomy":"product_tag","embeddable":true,"href":"https:\/\/elouedshop.com\/index.php?rest_route=%2Fwp%2Fv2%2Fproduct_tag&post=11906"}],"curies":[{"name":"wp","href":"https:\/\/api.w.org\/{rel}","templated":true}]}}