{"id":11905,"date":"2024-12-22T19:57:08","date_gmt":"2024-12-22T19:57:08","guid":{"rendered":"https:\/\/elouedshop.com\/?post_type=product&#038;p=11905"},"modified":"2024-12-22T20:00:05","modified_gmt":"2024-12-22T20:00:05","slug":"raconte-moi-une-histoire-la-patience","status":"publish","type":"product","link":"https:\/\/elouedshop.com\/?product=raconte-moi-une-histoire-la-patience","title":{"rendered":"Raconte-moi une histoire : La patience"},"content":{"rendered":"<p class=\"h6\">Fiche technique<\/p>\n<dl class=\"data-sheet\">\n<dt class=\"name\">Ann\u00e9e<\/dt>\n<dd class=\"value\">2019<\/dd>\n<dt class=\"name\">Couverture<\/dt>\n<dd class=\"value\">Rigide<\/dd>\n<dt class=\"name\">ISBN<\/dt>\n<dd class=\"value\">5430000313087<\/dd>\n<dt class=\"name\">Nb. Pages<\/dt>\n<dd class=\"value\">60<\/dd>\n<dt class=\"name\">Langue<\/dt>\n<dd class=\"value\">fran\u00e7aise<\/dd>\n<\/dl>\n","protected":false},"excerpt":{"rendered":"<p class=\"cvGsUA direction-ltr align-center para-style-body\"><span class=\"OYPEnA text-decoration-none text-strikethrough-none\">Plongez dans la premi\u00e8re aventure de notre s\u00e9rie de livres pour enfants \u00ab\u00a0Raconte-moi une histoire\u00a0\u00bb. Avec ce premier tome, votre petit bout de chou d\u00e9couvrira l&rsquo;importance de la patience \u00e0 travers une adorable histoire mettant en sc\u00e8ne Mohammed et Zainab.<\/span><\/p>\n<p class=\"cvGsUA direction-ltr align-center para-style-body\"><span class=\"OYPEnA text-decoration-none text-strikethrough-none\">Le livre est rempli de superbes illustrations qui captiveront l&rsquo;imagination de votre enfant, tandis que le texte facile \u00e0 lire et adapt\u00e9 \u00e0 son \u00e2ge favorisera son autonomie et son apprentissage. Avec ses 60 pages et sa couverture cartonn\u00e9e solide, ce livre ludique explique la patience de mani\u00e8re amusante. Prenez le temps de lire cette histoire avec votre enfant et semez en lui les graines de la patience qui porteront leurs fruits pour la vie!<\/span><\/p>\n","protected":false},"featured_media":6497,"template":"","meta":[],"product_brand":[],"product_cat":[24,44,21],"product_tag":[],"class_list":{"0":"post-11905","1":"product","2":"type-product","3":"status-publish","4":"has-post-thumbnail","6":"product_cat-enfants","7":"product_cat-ethique-education","8":"product_cat-livre","9":"description-off","11":"first","12":"instock","13":"shipping-taxable","14":"purchasable","15":"product-type-simple"},"jetpack_sharing_enabled":true,"_links":{"self":[{"href":"https:\/\/elouedshop.com\/index.php?rest_route=\/wp\/v2\/product\/11905","targetHints":{"allow":["GET"]}}],"collection":[{"href":"https:\/\/elouedshop.com\/index.php?rest_route=\/wp\/v2\/product"}],"about":[{"href":"https:\/\/elouedshop.com\/index.php?rest_route=\/wp\/v2\/types\/product"}],"wp:featuredmedia":[{"embeddable":true,"href":"https:\/\/elouedshop.com\/index.php?rest_route=\/wp\/v2\/media\/6497"}],"wp:attachment":[{"href":"https:\/\/elouedshop.com\/index.php?rest_route=%2Fwp%2Fv2%2Fmedia&parent=11905"}],"wp:term":[{"taxonomy":"product_brand","embeddable":true,"href":"https:\/\/elouedshop.com\/index.php?rest_route=%2Fwp%2Fv2%2Fproduct_brand&post=11905"},{"taxonomy":"product_cat","embeddable":true,"href":"https:\/\/elouedshop.com\/index.php?rest_route=%2Fwp%2Fv2%2Fproduct_cat&post=11905"},{"taxonomy":"product_tag","embeddable":true,"href":"https:\/\/elouedshop.com\/index.php?rest_route=%2Fwp%2Fv2%2Fproduct_tag&post=11905"}],"curies":[{"name":"wp","href":"https:\/\/api.w.org\/{rel}","templated":true}]}}