{"id":11893,"date":"2024-12-22T19:17:06","date_gmt":"2024-12-22T19:17:06","guid":{"rendered":"https:\/\/elouedshop.com\/?post_type=product&#038;p=11893"},"modified":"2024-12-22T19:24:48","modified_gmt":"2024-12-22T19:24:48","slug":"lhistoire-du-prophete-moussa-3-6-ans","status":"publish","type":"product","link":"https:\/\/elouedshop.com\/?product=lhistoire-du-prophete-moussa-3-6-ans","title":{"rendered":"L&rsquo;histoire du Proph\u00e8te Moussa 3\/6 ans"},"content":{"rendered":"<p class=\"h6\">Fiche technique<\/p>\n<dl class=\"data-sheet\">\n<dt class=\"name\">Ann\u00e9e<\/dt>\n<dd class=\"value\">2018<\/dd>\n<dt class=\"name\">Couverture<\/dt>\n<dd class=\"value\">Rigide<\/dd>\n<dt class=\"name\">ISBN<\/dt>\n<dd class=\"value\">5430000283687<\/dd>\n<dt class=\"name\">Nb. Pages<\/dt>\n<dd class=\"value\">68 pages<\/dd>\n<dt class=\"name\">Auteur<\/dt>\n<dd class=\"value\">Isma\u00eel Ibn Kath\u00eer<br \/>\nMUSLIMKID<\/dd>\n<\/dl>\n","protected":false},"excerpt":{"rendered":"<p><strong>L&rsquo;histoire du Proph\u00e8te Moussa &#8211; Tir\u00e9 du livre Les Histoires des Proph\u00e8tes d&rsquo;Ibn Kath\u00eer &#8211; MUSLIMKID<\/strong><\/p>\n<p>D\u00e9couvrez une s\u00e9lection d&rsquo;illustrations captivantes, accompagn\u00e9e d&rsquo;une histoire simplifi\u00e9e. Ce livre a \u00e9t\u00e9 sp\u00e9cialement \u00e9dit\u00e9 pour faciliter l&rsquo;autonomie et l&rsquo;apprentissage des petits. Un livre de 68 pages avec une couverture cartonn\u00e9e qui raconte la fabuleuse histoire de notre Proph\u00e8te Moussa.<\/p>\n","protected":false},"featured_media":11894,"template":"","meta":[],"product_brand":[],"product_cat":[216,215,24,59,21],"product_tag":[],"class_list":{"0":"post-11893","1":"product","2":"type-product","3":"status-publish","4":"has-post-thumbnail","6":"product_cat-adoration-ibadat","7":"product_cat-autres-pays","8":"product_cat-enfants","9":"product_cat-les-recits-des-prophetes","10":"product_cat-livre","11":"description-off","13":"first","14":"instock","15":"shipping-taxable","16":"purchasable","17":"product-type-simple"},"jetpack_sharing_enabled":true,"_links":{"self":[{"href":"https:\/\/elouedshop.com\/index.php?rest_route=\/wp\/v2\/product\/11893","targetHints":{"allow":["GET"]}}],"collection":[{"href":"https:\/\/elouedshop.com\/index.php?rest_route=\/wp\/v2\/product"}],"about":[{"href":"https:\/\/elouedshop.com\/index.php?rest_route=\/wp\/v2\/types\/product"}],"wp:featuredmedia":[{"embeddable":true,"href":"https:\/\/elouedshop.com\/index.php?rest_route=\/wp\/v2\/media\/11894"}],"wp:attachment":[{"href":"https:\/\/elouedshop.com\/index.php?rest_route=%2Fwp%2Fv2%2Fmedia&parent=11893"}],"wp:term":[{"taxonomy":"product_brand","embeddable":true,"href":"https:\/\/elouedshop.com\/index.php?rest_route=%2Fwp%2Fv2%2Fproduct_brand&post=11893"},{"taxonomy":"product_cat","embeddable":true,"href":"https:\/\/elouedshop.com\/index.php?rest_route=%2Fwp%2Fv2%2Fproduct_cat&post=11893"},{"taxonomy":"product_tag","embeddable":true,"href":"https:\/\/elouedshop.com\/index.php?rest_route=%2Fwp%2Fv2%2Fproduct_tag&post=11893"}],"curies":[{"name":"wp","href":"https:\/\/api.w.org\/{rel}","templated":true}]}}