{"id":11887,"date":"2024-12-22T18:43:46","date_gmt":"2024-12-22T18:43:46","guid":{"rendered":"https:\/\/elouedshop.com\/?post_type=product&#038;p=11887"},"modified":"2024-12-22T18:51:18","modified_gmt":"2024-12-22T18:51:18","slug":"lhistoire-du-prophete-nouh-7-12-ans","status":"publish","type":"product","link":"https:\/\/elouedshop.com\/?product=lhistoire-du-prophete-nouh-7-12-ans","title":{"rendered":"L&rsquo;histoire du Proph\u00e8te Nouh 7\/12 ans"},"content":{"rendered":"<p class=\"h6\">Fiche technique<\/p>\n<dl class=\"data-sheet\">\n<dt class=\"name\">Langue<\/dt>\n<dd class=\"value\">fran\u00e7aise<\/dd>\n<\/dl>\n","protected":false},"excerpt":{"rendered":"<p>Au fur et \u00e0 mesure que le temps passait, les gens sculpt\u00e8rent des statues de gens pieux et vertueux. Apr\u00e8s leur mort, ils finirent par les adorer en dehors d&rsquo;Allah. L&rsquo;idol\u00e2trie et la corruption se r\u00e9pandirent sur terre. Suite \u00e0 cela, Allah envoya Son serviteur et Messager Nouh et il fut ainsi le premier Messager sur terre :<\/p>\n<p>Allah Le Tr\u00e8s-Haut dit (dans une traduction rapproch\u00e9e) : Nous avons envoy\u00e9 Nouh vers son peuple : \u00ab Avertis ton peuple, avant que leur vienne un ch\u00e2timent douloureux \u00bb [Sourate Nouh; verset 1]<\/p>\n<p>Le temps que Nouh passa \u00e0 pr\u00eacher et exhorter son peuple fut consid\u00e9rable : cela dura 950 ans<\/p>\n","protected":false},"featured_media":5311,"template":"","meta":[],"product_brand":[],"product_cat":[24,59,21],"product_tag":[],"class_list":{"0":"post-11887","1":"product","2":"type-product","3":"status-publish","4":"has-post-thumbnail","6":"product_cat-enfants","7":"product_cat-les-recits-des-prophetes","8":"product_cat-livre","9":"description-off","11":"first","12":"instock","13":"shipping-taxable","14":"purchasable","15":"product-type-simple"},"jetpack_sharing_enabled":true,"_links":{"self":[{"href":"https:\/\/elouedshop.com\/index.php?rest_route=\/wp\/v2\/product\/11887","targetHints":{"allow":["GET"]}}],"collection":[{"href":"https:\/\/elouedshop.com\/index.php?rest_route=\/wp\/v2\/product"}],"about":[{"href":"https:\/\/elouedshop.com\/index.php?rest_route=\/wp\/v2\/types\/product"}],"wp:featuredmedia":[{"embeddable":true,"href":"https:\/\/elouedshop.com\/index.php?rest_route=\/wp\/v2\/media\/5311"}],"wp:attachment":[{"href":"https:\/\/elouedshop.com\/index.php?rest_route=%2Fwp%2Fv2%2Fmedia&parent=11887"}],"wp:term":[{"taxonomy":"product_brand","embeddable":true,"href":"https:\/\/elouedshop.com\/index.php?rest_route=%2Fwp%2Fv2%2Fproduct_brand&post=11887"},{"taxonomy":"product_cat","embeddable":true,"href":"https:\/\/elouedshop.com\/index.php?rest_route=%2Fwp%2Fv2%2Fproduct_cat&post=11887"},{"taxonomy":"product_tag","embeddable":true,"href":"https:\/\/elouedshop.com\/index.php?rest_route=%2Fwp%2Fv2%2Fproduct_tag&post=11887"}],"curies":[{"name":"wp","href":"https:\/\/api.w.org\/{rel}","templated":true}]}}