{"id":11881,"date":"2024-12-22T15:34:00","date_gmt":"2024-12-22T15:34:00","guid":{"rendered":"https:\/\/elouedshop.com\/?post_type=product&#038;p=11881"},"modified":"2024-12-22T18:39:58","modified_gmt":"2024-12-22T18:39:58","slug":"le-destin-exceptionnel-de-khadija","status":"publish","type":"product","link":"https:\/\/elouedshop.com\/?product=le-destin-exceptionnel-de-khadija","title":{"rendered":"Le destin exceptionnel de Khadija"},"content":{"rendered":"","protected":false},"excerpt":{"rendered":"<p>\u00ab Messager d&rsquo;Allah, Khadija arrive avec un bol de soupe pour toi. Lorsqu&rsquo;elle viendra \u00e0 toi, transmets-lui les salutations venant de Son Seigneur et venant de moi, et annonce-lui la bonne nouvelle d&rsquo;un palais aux pierres pr\u00e9cieuses et aux perles du Paradis, o\u00f9 il n&rsquo;y aura ni bruit et ni fatigue. \u00bb (Sahih Al Bukhari)<\/p>\n<p>Voici donc un r\u00e9sum\u00e9 de la vie de notre m\u00e8re Khadija, \u00e0 qui Allah promis le Paradis. Son p\u00e8re s&rsquo;appelait Khouwaylid ibn Assad, et sa m\u00e8re Fatima bint Za&rsquo;ida. Khadija \u00e9tait une noble dame mecquoise de la tribu Asad. Elle \u00e9tait r\u00e9put\u00e9e pour son bon caract\u00e8re et sa richesse. \u00c0 la Mecque, elle \u00e9tait aussi connue pour sa chastet\u00e9 et sa sinc\u00e9rit\u00e9, \u00e0 tel point qu&rsquo;on la surnommait \u00ab\u00a0la pure\u00a0\u00bb.<\/p>\n","protected":false},"featured_media":5301,"template":"","meta":[],"product_brand":[],"product_cat":[24,21],"product_tag":[],"class_list":{"0":"post-11881","1":"product","2":"type-product","3":"status-publish","4":"has-post-thumbnail","6":"product_cat-enfants","7":"product_cat-livre","8":"description-off","10":"first","11":"instock","12":"shipping-taxable","13":"purchasable","14":"product-type-simple"},"jetpack_sharing_enabled":true,"_links":{"self":[{"href":"https:\/\/elouedshop.com\/index.php?rest_route=\/wp\/v2\/product\/11881","targetHints":{"allow":["GET"]}}],"collection":[{"href":"https:\/\/elouedshop.com\/index.php?rest_route=\/wp\/v2\/product"}],"about":[{"href":"https:\/\/elouedshop.com\/index.php?rest_route=\/wp\/v2\/types\/product"}],"wp:featuredmedia":[{"embeddable":true,"href":"https:\/\/elouedshop.com\/index.php?rest_route=\/wp\/v2\/media\/5301"}],"wp:attachment":[{"href":"https:\/\/elouedshop.com\/index.php?rest_route=%2Fwp%2Fv2%2Fmedia&parent=11881"}],"wp:term":[{"taxonomy":"product_brand","embeddable":true,"href":"https:\/\/elouedshop.com\/index.php?rest_route=%2Fwp%2Fv2%2Fproduct_brand&post=11881"},{"taxonomy":"product_cat","embeddable":true,"href":"https:\/\/elouedshop.com\/index.php?rest_route=%2Fwp%2Fv2%2Fproduct_cat&post=11881"},{"taxonomy":"product_tag","embeddable":true,"href":"https:\/\/elouedshop.com\/index.php?rest_route=%2Fwp%2Fv2%2Fproduct_tag&post=11881"}],"curies":[{"name":"wp","href":"https:\/\/api.w.org\/{rel}","templated":true}]}}