{"id":11876,"date":"2024-12-22T15:29:34","date_gmt":"2024-12-22T15:29:34","guid":{"rendered":"https:\/\/elouedshop.com\/?post_type=product&#038;p=11876"},"modified":"2024-12-22T18:36:01","modified_gmt":"2024-12-22T18:36:01","slug":"serie-les-histoires-des-prophetes-le-prophete-mohamed-saw","status":"publish","type":"product","link":"https:\/\/elouedshop.com\/?product=serie-les-histoires-des-prophetes-le-prophete-mohamed-saw","title":{"rendered":"S\u00e9rie Les Histoires des proph\u00e8tes : Le proph\u00e8te Mohamed (Saw)"},"content":{"rendered":"","protected":false},"excerpt":{"rendered":"<p>Allah nous a envoy\u00e9 les proph\u00e8tes comme mod\u00e8les de bont\u00e9 et de croyance. En tant que musulmans, nous aimons et croyons en tous les proph\u00e8tes de Dieu, mais les connaissons-nous vraiment ?<\/p>\n<p>Cette collection est un bon moyen pour mieux conna\u00eetre ces personnes tr\u00e8s sp\u00e9ciales. Avec des illustrations color\u00e9es et chatoyantes, vos enfants pourront s\u2019instruire tout en s\u2019\u00e9merveillant !<\/p>\n","protected":false},"featured_media":5465,"template":"","meta":[],"product_brand":[],"product_cat":[24,175,21],"product_tag":[],"class_list":{"0":"post-11876","1":"product","2":"type-product","3":"status-publish","4":"has-post-thumbnail","6":"product_cat-enfants","7":"product_cat-histoires-du-coran","8":"product_cat-livre","9":"description-off","11":"first","12":"instock","13":"shipping-taxable","14":"purchasable","15":"product-type-simple"},"jetpack_sharing_enabled":true,"_links":{"self":[{"href":"https:\/\/elouedshop.com\/index.php?rest_route=\/wp\/v2\/product\/11876","targetHints":{"allow":["GET"]}}],"collection":[{"href":"https:\/\/elouedshop.com\/index.php?rest_route=\/wp\/v2\/product"}],"about":[{"href":"https:\/\/elouedshop.com\/index.php?rest_route=\/wp\/v2\/types\/product"}],"wp:featuredmedia":[{"embeddable":true,"href":"https:\/\/elouedshop.com\/index.php?rest_route=\/wp\/v2\/media\/5465"}],"wp:attachment":[{"href":"https:\/\/elouedshop.com\/index.php?rest_route=%2Fwp%2Fv2%2Fmedia&parent=11876"}],"wp:term":[{"taxonomy":"product_brand","embeddable":true,"href":"https:\/\/elouedshop.com\/index.php?rest_route=%2Fwp%2Fv2%2Fproduct_brand&post=11876"},{"taxonomy":"product_cat","embeddable":true,"href":"https:\/\/elouedshop.com\/index.php?rest_route=%2Fwp%2Fv2%2Fproduct_cat&post=11876"},{"taxonomy":"product_tag","embeddable":true,"href":"https:\/\/elouedshop.com\/index.php?rest_route=%2Fwp%2Fv2%2Fproduct_tag&post=11876"}],"curies":[{"name":"wp","href":"https:\/\/api.w.org\/{rel}","templated":true}]}}