{"id":11875,"date":"2024-12-22T15:29:18","date_gmt":"2024-12-22T15:29:18","guid":{"rendered":"https:\/\/elouedshop.com\/?post_type=product&#038;p=11875"},"modified":"2024-12-22T18:20:20","modified_gmt":"2024-12-22T18:20:20","slug":"dix-comportements-en-or","status":"publish","type":"product","link":"https:\/\/elouedshop.com\/?product=dix-comportements-en-or","title":{"rendered":"Dix comportements en or"},"content":{"rendered":"<table border=\"0\" width=\"100%\" cellspacing=\"0\" cellpadding=\"0\">\n<tbody>\n<tr>\n<td align=\"left\"><span style=\"font-family: Verdana, Arial; font-size: small;\"><b>Type de produit :<\/b>\u00a0Livre<br \/>\n<\/span><\/td>\n<\/tr>\n<tr>\n<td align=\"left\"><span style=\"font-family: Verdana, Arial; font-size: small;\"><b>Editeur :<\/b>\u00a0Amana Editions<br \/>\n<\/span><\/td>\n<\/tr>\n<tr>\n<td align=\"left\"><span style=\"font-family: Verdana, Arial; font-size: small;\"><b>Langue :<\/b>\u00a0fran\u00e7ais<br \/>\n<\/span><\/td>\n<\/tr>\n<tr>\n<td align=\"left\"><span style=\"font-family: Verdana, Arial; font-size: small;\"><b>ISBN\/EAN :<\/b>\u00a09782493483447<br \/>\n<\/span><\/td>\n<\/tr>\n<\/tbody>\n<\/table>\n","protected":false},"excerpt":{"rendered":"<p>Tr\u00e8s cher lecteur, petit ou grand. Entre tes mains, voici un ouvrage pr\u00e9cieux, choisi pour toi, afin de d\u00e9couvrir quelques enseignements parmi les plus nobles comportements \u00e0 adopter dans la vie quotidienne.<\/p>\n<p>Comme tu le sais s\u00fbrement, Allah nous enjoint \u00e0 avoir le meilleur des comportements. Le Proph\u00e8te Mohammed (paix et salut sur lui) \u00e9tait un homme qui avait un comportement exemplaire, plein de bienveillance et de gentillesse, de tendresse et d\u2019affection.<\/p>\n<p>Le musulman doit se remettre en question constamment : mon comportement est-il bon ? Est-ce que je suis un bon musulman ? Quels comportements puis-je am\u00e9liorer ?<\/p>\n<p>Ainsi, a travers ces quelques pages, tu apprendras dix des meilleurs comportements \u00e0 avoir, que tu pourras mettre en pratique, si ce n\u2019est pas encore le cas\u2026<\/p>\n","protected":false},"featured_media":5477,"template":"","meta":[],"product_brand":[],"product_cat":[181,24,21],"product_tag":[],"class_list":{"0":"post-11875","1":"product","2":"type-product","3":"status-publish","4":"has-post-thumbnail","6":"product_cat-education-religieuse","7":"product_cat-enfants","8":"product_cat-livre","9":"description-off","11":"first","12":"instock","13":"shipping-taxable","14":"purchasable","15":"product-type-simple"},"jetpack_sharing_enabled":true,"_links":{"self":[{"href":"https:\/\/elouedshop.com\/index.php?rest_route=\/wp\/v2\/product\/11875","targetHints":{"allow":["GET"]}}],"collection":[{"href":"https:\/\/elouedshop.com\/index.php?rest_route=\/wp\/v2\/product"}],"about":[{"href":"https:\/\/elouedshop.com\/index.php?rest_route=\/wp\/v2\/types\/product"}],"wp:featuredmedia":[{"embeddable":true,"href":"https:\/\/elouedshop.com\/index.php?rest_route=\/wp\/v2\/media\/5477"}],"wp:attachment":[{"href":"https:\/\/elouedshop.com\/index.php?rest_route=%2Fwp%2Fv2%2Fmedia&parent=11875"}],"wp:term":[{"taxonomy":"product_brand","embeddable":true,"href":"https:\/\/elouedshop.com\/index.php?rest_route=%2Fwp%2Fv2%2Fproduct_brand&post=11875"},{"taxonomy":"product_cat","embeddable":true,"href":"https:\/\/elouedshop.com\/index.php?rest_route=%2Fwp%2Fv2%2Fproduct_cat&post=11875"},{"taxonomy":"product_tag","embeddable":true,"href":"https:\/\/elouedshop.com\/index.php?rest_route=%2Fwp%2Fv2%2Fproduct_tag&post=11875"}],"curies":[{"name":"wp","href":"https:\/\/api.w.org\/{rel}","templated":true}]}}