{"id":11874,"date":"2024-12-22T15:28:57","date_gmt":"2024-12-22T15:28:57","guid":{"rendered":"https:\/\/elouedshop.com\/?post_type=product&#038;p=11874"},"modified":"2024-12-22T18:34:40","modified_gmt":"2024-12-22T18:34:40","slug":"lauthentique-des-recits-des-prophetes-histoires-illustrees-2-tomes","status":"publish","type":"product","link":"https:\/\/elouedshop.com\/?product=lauthentique-des-recits-des-prophetes-histoires-illustrees-2-tomes","title":{"rendered":"L&rsquo;authentique des r\u00e9cits des proph\u00e8tes (Histoires illustr\u00e9es) &#8211; 2 tomes"},"content":{"rendered":"<p><strong>Edition de luxe en deux tomes avec couvertures cartonn\u00e9s et marque page en soie. Une v\u00e9ritable encyclop\u00e9die sur les proph\u00e8tes pour toute la famille&#8230; Plus de 640 pages magnifiquement illustr\u00e9es !<\/strong><\/p>\n<p>Croire aux proph\u00e8tes constitue l&rsquo;un des fondements de la foi musulmane.<\/p>\n<p>Dieu a choisi ces hommes \u00e0 la moralit\u00e9 exemplaire pour \u00eatre Ses repr\u00e9sentants sur Terre et propager Sa Parole. Les proph\u00e8tes exposent aux hommes les Commandements divins, corrigent leurs d\u00e9viations et exhortent chacun \u00e0 n&rsquo;adorer qu&rsquo;Allah et \u00e0 s&rsquo;attacher aux bonnes m\u0153urs.<\/p>\n<p>Dieu, le Tout-Puissant, a envoy\u00e9 \u00e0 chaque communaut\u00e9 un avertisseur. C&rsquo;est pourquoi on compte un grand nombre de proph\u00e8tes. Cependant, le Coran nen cite nomm\u00e9ment que vingt-cinq, parmi les plus illustres. Cest pr\u00e9cis\u00e9ment lhistoire de ces proph\u00e8tes que nous vous proposons de d\u00e9couvrir.<\/p>\n<p>Dans cet ouvrage de r\u00e9f\u00e9rence pour toute la famille, les histoires des proph\u00e8tes sont relat\u00e9es suivant leur ordre chronologique en commen\u00e7ant par le r\u00e9cit d&rsquo;\u00c2dam et Haww\u00e2&rsquo; et en finissant par la vie du dernier proph\u00e8te Muhammad (SAW).<\/p>\n<p>Ces deux tomes regroupent l&rsquo;int\u00e9gralit\u00e9 des 20 livres de la collection \u00abLes r\u00e9cits des proph\u00e8tes \u00e0 la lumi\u00e8re du Coran et de la Sunna\u00bb, collection qui allie beaut\u00e9 des illustrations et authenticit\u00e9 des textes en s&rsquo;appuyant sur des versets coraniques cit\u00e9s dans les deux langues arabe et fran\u00e7aise. Vous trouverez \u00e0 la fin du Tome 2 \u00abL&rsquo;arbre g\u00e9n\u00e9alogique des proph\u00e8tes\u00bb ainsi que \u00abLa carte des proph\u00e8tes et messagers\u00bb.<\/p>\n<p>Chaque r\u00e9cit prend sa source dans le Coran et la Sunna, d&rsquo;apr\u00e8s les ouvrages de l&rsquo;illustre imam Ibn Kath\u00eer (m. 774 H), \u00e0 qui l&rsquo;on doit la c\u00e9l\u00e8bre ex\u00e9g\u00e8se coranique \u00abTafs\u00eer Ibn Kath\u00eer\u00bb.<\/p>\n<p>Les informations s\u00fbres contenues dans le Coran et la Sunna authentique sont relat\u00e9es avec un style affirmatif. Concernant les d\u00e9tails incertains que les ex\u00e9g\u00e8tes puisent g\u00e9n\u00e9ralement dans la tradition jud\u00e9o-chr\u00e9tienne ou dans la tradition arabe pr\u00e9-islamique, nous avons \u00e9mis des r\u00e9serves en les introduisant par des expressions telles que \u00ab on dit \u00bb ou \u00ab on raconte \u00bb.<\/p>\n<p>Nous esp\u00e9rons que ce livre tr\u00e8s profitable, aussi bien pour les petits que pour les grands, vous permettra de passer d&rsquo;agr\u00e9ables moments seul ou en famille&#8230;<\/p>\n<p><b>Table des mati\u00e8res du Tome 1 :<\/b><\/p>\n<ul>\n<li>\u00c2dam et Haww\u00e2\u2019 &#8211; Le d\u00e9but de la cr\u00e9ation &#8230; 3<\/li>\n<li>L\u2019histoire d\u2019Abel et Ca\u00efn (Hab\u00eel et Q\u00e2b\u00eel) &#8230; 25<\/li>\n<li>Enoch (Idr\u00ees) &#8230; 36<\/li>\n<li>No\u00e9 (N\u00fbh) &#8230; 37<\/li>\n<li>Houd (H\u00fbd) &#8230; 69<\/li>\n<li>S\u00e2lih &#8230; 101<\/li>\n<li>Abraham (Ibr\u00e2h\u00eem) contre les idoles &#8230; 133<\/li>\n<li>Abraham et Isma\u00ebl construisent la Kaaba &#8230; 165<\/li>\n<li>Loth (L\u00fbt) &#8230; 196<\/li>\n<li>Isaac (Ish\u00e2q) &#8230; 212<\/li>\n<li>Les \u00e9preuves de Joseph (Y\u00fbsuf) et de Jacob (Ya\u2018q\u00fbb) &#8230; 213<\/li>\n<li>Joseph le victorieux &#8230; 245<\/li>\n<li>Shu\u2018ayb &#8230; 278<\/li>\n<li>Job (Ayy\u00fbb) &#8230; 308<\/li>\n<\/ul>\n<p><b>Table des mati\u00e8res du Tome 2 :<br \/>\n<\/b><\/p>\n<ul>\n<li>Mo\u00efse (M\u00fbss\u00e2) &#8230; 2<\/li>\n<li>Mo\u00efse et le buisson ardent &#8230; 8<\/li>\n<li>Mo\u00efse chez le Pharaon &#8230; 34<\/li>\n<li>Mo\u00efse, Aaron et les d\u00e9boires des fils d\u2019Isra\u00ebl &#8230; 64<\/li>\n<li>Le r\u00e9cit de la vache &#8230; 78<\/li>\n<li>Mo\u00efse et le vaniteux Q\u00e2r\u00fbn (Cor\u00e9) &#8230; 82<\/li>\n<li>Mo\u00efse et l\u2019\u00e9nigmatique Al-Khadr &#8230; 96<\/li>\n<li>Josu\u00e9 (Y\u00fbshu\u2018) &#8230; 128<\/li>\n<li>David (D\u00e2w\u00fbd) &#8230; 138<\/li>\n<li>Salomon (Sulaym\u00e2n) &#8230; 158<\/li>\n<li>Elie (Ily\u00e2s) &amp; Elis\u00e9e (Al-Yasa\u2018) &#8230; 192<\/li>\n<li>Dhu-l-Kifl &#8230; 200<\/li>\n<li>\u2018Uzayr (Le restaurateur de la Thora) &#8230; 206<\/li>\n<li>D\u00e2ny\u00e2l &#8230; 218<\/li>\n<li>Jonas (Y\u00fbnus) &#8230; 222<\/li>\n<li>J\u00e9sus (\u2018\u00cess\u00e2) fils de Marie, Zacharie (Zakariyy\u00e2), Jean (Yahy\u00e2) &#8230; 252<\/li>\n<li>Muhammad (SAW), le dernier proph\u00e8te &#8230; 284<\/li>\n<li>La carte des proph\u00e8tes et messagers &#8230; 316<\/li>\n<li>L\u2019arbre g\u00e9n\u00e9alogique des proph\u00e8tes et messagers &#8230; 318<\/li>\n<\/ul>\n","protected":false},"excerpt":{"rendered":"<p>Edition de luxe en deux tomes avec couvertures cartonn\u00e9s et marque page en soie. Une v\u00e9ritable encyclop\u00e9die sur les proph\u00e8tes pour toute la famille&#8230; Plus de 640 pages magnifiquement illustr\u00e9es ! Croire aux proph\u00e8tes constitue l&rsquo;un des fondements de la foi musulmane. Dieu a choisi ces hommes \u00e0 la moralit\u00e9 exemplaire pour \u00eatre Ses repr\u00e9sentants&hellip;<\/p>\n","protected":false},"featured_media":866,"template":"","meta":[],"product_brand":[],"product_cat":[24,175,68,59,21,67],"product_tag":[],"class_list":{"0":"post-11874","1":"product","2":"type-product","3":"status-publish","4":"has-post-thumbnail","6":"product_cat-enfants","7":"product_cat-histoires-du-coran","8":"product_cat-histoires-prophetes","9":"product_cat-les-recits-des-prophetes","10":"product_cat-livre","11":"product_cat-recits-coranique","12":"description-off","14":"first","15":"instock","16":"shipping-taxable","17":"purchasable","18":"product-type-simple"},"jetpack_sharing_enabled":true,"_links":{"self":[{"href":"https:\/\/elouedshop.com\/index.php?rest_route=\/wp\/v2\/product\/11874","targetHints":{"allow":["GET"]}}],"collection":[{"href":"https:\/\/elouedshop.com\/index.php?rest_route=\/wp\/v2\/product"}],"about":[{"href":"https:\/\/elouedshop.com\/index.php?rest_route=\/wp\/v2\/types\/product"}],"wp:featuredmedia":[{"embeddable":true,"href":"https:\/\/elouedshop.com\/index.php?rest_route=\/wp\/v2\/media\/866"}],"wp:attachment":[{"href":"https:\/\/elouedshop.com\/index.php?rest_route=%2Fwp%2Fv2%2Fmedia&parent=11874"}],"wp:term":[{"taxonomy":"product_brand","embeddable":true,"href":"https:\/\/elouedshop.com\/index.php?rest_route=%2Fwp%2Fv2%2Fproduct_brand&post=11874"},{"taxonomy":"product_cat","embeddable":true,"href":"https:\/\/elouedshop.com\/index.php?rest_route=%2Fwp%2Fv2%2Fproduct_cat&post=11874"},{"taxonomy":"product_tag","embeddable":true,"href":"https:\/\/elouedshop.com\/index.php?rest_route=%2Fwp%2Fv2%2Fproduct_tag&post=11874"}],"curies":[{"name":"wp","href":"https:\/\/api.w.org\/{rel}","templated":true}]}}