{"id":11873,"date":"2024-12-22T15:28:43","date_gmt":"2024-12-22T15:28:43","guid":{"rendered":"https:\/\/elouedshop.com\/?post_type=product&#038;p=11873"},"modified":"2024-12-22T18:34:12","modified_gmt":"2024-12-22T18:34:12","slug":"le-prophete-raconte-aux-enfants","status":"publish","type":"product","link":"https:\/\/elouedshop.com\/?product=le-prophete-raconte-aux-enfants","title":{"rendered":"Le Proph\u00e8te racont\u00e9 aux enfants"},"content":{"rendered":"","protected":false},"excerpt":{"rendered":"<p>Le Proph\u00e8te Mohammad est le mod\u00e8le \u00e0 suivre pour tout musulman. Lui qui fut le meilleur des hommes symbolise l\u2019amour que tout croyant doit porter envers son Cr\u00e9ateur il r\u00e9unit \u00e0 lui seul toutes les qualit\u00e9s de l\u2019\u00e2me humaine et incarne le mode de vie qu\u2019Allah agr\u00e9e pour nous.<\/p>\n<p>\u201cLe Proph\u00e8te racont\u00e9 aux enfants\u201d relate les \u00e9v\u00e9nements importants qui composent la vie exceptionnelle de notre Proph\u00e8te bien-aim\u00e9. L\u2019ouvrage insiste \u00e9galement sur les valeurs et les nobles comportements que le Messager a port\u00e9s et qu\u2019il nous a enseign\u00e9s.<\/p>\n","protected":false},"featured_media":5596,"template":"","meta":[],"product_brand":[],"product_cat":[24,175,59,21],"product_tag":[],"class_list":{"0":"post-11873","1":"product","2":"type-product","3":"status-publish","4":"has-post-thumbnail","6":"product_cat-enfants","7":"product_cat-histoires-du-coran","8":"product_cat-les-recits-des-prophetes","9":"product_cat-livre","10":"description-off","12":"first","13":"instock","14":"shipping-taxable","15":"purchasable","16":"product-type-simple"},"jetpack_sharing_enabled":true,"_links":{"self":[{"href":"https:\/\/elouedshop.com\/index.php?rest_route=\/wp\/v2\/product\/11873","targetHints":{"allow":["GET"]}}],"collection":[{"href":"https:\/\/elouedshop.com\/index.php?rest_route=\/wp\/v2\/product"}],"about":[{"href":"https:\/\/elouedshop.com\/index.php?rest_route=\/wp\/v2\/types\/product"}],"wp:featuredmedia":[{"embeddable":true,"href":"https:\/\/elouedshop.com\/index.php?rest_route=\/wp\/v2\/media\/5596"}],"wp:attachment":[{"href":"https:\/\/elouedshop.com\/index.php?rest_route=%2Fwp%2Fv2%2Fmedia&parent=11873"}],"wp:term":[{"taxonomy":"product_brand","embeddable":true,"href":"https:\/\/elouedshop.com\/index.php?rest_route=%2Fwp%2Fv2%2Fproduct_brand&post=11873"},{"taxonomy":"product_cat","embeddable":true,"href":"https:\/\/elouedshop.com\/index.php?rest_route=%2Fwp%2Fv2%2Fproduct_cat&post=11873"},{"taxonomy":"product_tag","embeddable":true,"href":"https:\/\/elouedshop.com\/index.php?rest_route=%2Fwp%2Fv2%2Fproduct_tag&post=11873"}],"curies":[{"name":"wp","href":"https:\/\/api.w.org\/{rel}","templated":true}]}}