{"id":11861,"date":"2024-12-22T15:26:49","date_gmt":"2024-12-22T15:26:49","guid":{"rendered":"https:\/\/elouedshop.com\/?post_type=product&#038;p=11861"},"modified":"2024-12-22T23:56:58","modified_gmt":"2024-12-22T23:56:58","slug":"le-mensonge","status":"publish","type":"product","link":"https:\/\/elouedshop.com\/?product=le-mensonge","title":{"rendered":"Le mensonge"},"content":{"rendered":"","protected":false},"excerpt":{"rendered":"<p>Rien ne va plus dans la ville des bolides! Toute la ville est en effervescence car aujourd\u2019hui, se tient la fameuse course la plus attendue de l\u2019ann\u00e9e, machaAllah!<\/p>\n<p>Les amis Shorta la voiture de police, Shahine le camion de pompiers et Tawari l\u2019ambulance r\u00eavent d\u2019avoir leur fameux ticket d\u2019entr\u00e9e pour la course. Malheureusement, rien ne va se passer comme pr\u00e9vu.<\/p>\n<p>A travers des illustrations captivantes, vos enfants appr\u00e9cieront les aventures de ces trois v\u00e9hicules ins\u00e9parables qui leur enseigneront une jolie morale pleine de sagesse.<\/p>\n","protected":false},"featured_media":6695,"template":"","meta":[],"product_brand":[],"product_cat":[39,24,21],"product_tag":[],"class_list":{"0":"post-11861","1":"product","2":"type-product","3":"status-publish","4":"has-post-thumbnail","6":"product_cat-bebe-3ans","7":"product_cat-enfants","8":"product_cat-livre","9":"description-off","11":"first","12":"instock","13":"shipping-taxable","14":"purchasable","15":"product-type-simple"},"jetpack_sharing_enabled":true,"_links":{"self":[{"href":"https:\/\/elouedshop.com\/index.php?rest_route=\/wp\/v2\/product\/11861","targetHints":{"allow":["GET"]}}],"collection":[{"href":"https:\/\/elouedshop.com\/index.php?rest_route=\/wp\/v2\/product"}],"about":[{"href":"https:\/\/elouedshop.com\/index.php?rest_route=\/wp\/v2\/types\/product"}],"wp:featuredmedia":[{"embeddable":true,"href":"https:\/\/elouedshop.com\/index.php?rest_route=\/wp\/v2\/media\/6695"}],"wp:attachment":[{"href":"https:\/\/elouedshop.com\/index.php?rest_route=%2Fwp%2Fv2%2Fmedia&parent=11861"}],"wp:term":[{"taxonomy":"product_brand","embeddable":true,"href":"https:\/\/elouedshop.com\/index.php?rest_route=%2Fwp%2Fv2%2Fproduct_brand&post=11861"},{"taxonomy":"product_cat","embeddable":true,"href":"https:\/\/elouedshop.com\/index.php?rest_route=%2Fwp%2Fv2%2Fproduct_cat&post=11861"},{"taxonomy":"product_tag","embeddable":true,"href":"https:\/\/elouedshop.com\/index.php?rest_route=%2Fwp%2Fv2%2Fproduct_tag&post=11861"}],"curies":[{"name":"wp","href":"https:\/\/api.w.org\/{rel}","templated":true}]}}