{"id":11859,"date":"2024-12-22T15:26:36","date_gmt":"2024-12-22T15:26:36","guid":{"rendered":"https:\/\/elouedshop.com\/?post_type=product&#038;p=11859"},"modified":"2024-12-22T18:09:48","modified_gmt":"2024-12-22T18:09:48","slug":"les-califes-bien-guides","status":"publish","type":"product","link":"https:\/\/elouedshop.com\/?product=les-califes-bien-guides","title":{"rendered":"Les Califes bien guid\u00e9s"},"content":{"rendered":"<p>Les quatre premiers Califes de l\u2019Islam, Ab\u00fb Bakr, \u2018Umar ibn al-Khatt\u00e2b, \u2018Uthm\u00e2n et \u2018Al\u00ee, qu\u2019Allah soit Satisfait d\u2019eux, sont connus comme \u00e9tant \u00ab les Califes bien guid\u00e9s \u00bb.<\/p>\n<p>Ces pieux Califes faisaient partie des compagnons les plus proches du Proph\u00e8te Muhammad (saw) . Leur vie est une source d\u2019inspiration et de motivation pour les croyants de toutes les \u00e9poques. Ces Califes, bien qu\u2019ils fussent \u00e0 la t\u00eate d\u2019un immense empire, menaient des vies tr\u00e8s simples \u00e0 l&rsquo;instar des hommes ordinaires.<\/p>\n<p>Leur conduite exemplaire et leur haute moralit\u00e9 sont exemplaires. Nous leur sommes extr\u00eamement reconnaissants pour leur sacrifice et leur d\u00e9vouement qui ont aid\u00e9 \u00e0 la pr\u00e9servation du Coran et \u00e0 la propagation de l\u2019Islam dans le monde.<\/p>\n<p>Un jour, le Proph\u00e8te a dit \u00e0 leur propos : \u00ab Mes compagnons sont comme des \u00e9toiles. Si vous suivez l\u2019un d\u2019eux, vous serez guid\u00e9s sur le droit chemin. \u00bb<\/p>\n<p>A la lumi\u00e8re de cette parole du Proph\u00e8te , l\u2019histoire des compagnons est un guide et une source d\u2019\u00e9l\u00e9vation spirituelle. Nous devons en tirer des le\u00e7ons afin d&rsquo;\u00eatre guid\u00e9s sur le droit chemin,celui qui pla\u00eet \u00e0 Dieu, le Tout-Puissant.<\/p>\n","protected":false},"excerpt":{"rendered":"<table border=\"0\" width=\"100%\" cellspacing=\"0\" cellpadding=\"0\">\n<tbody>\n<tr>\n<td align=\"left\"><span style=\"font-family: Verdana, Arial; font-size: small;\"><b>Auteur :<\/b>\u00a0Sr. Nafees Khan, Vinni Rehman, Maria Khan, revu et corrig\u00e9 par l&rsquo;\u00e9quipe \u00e9ditoriale d&rsquo;Orientica<br \/>\n<\/span><\/td>\n<\/tr>\n<tr>\n<td align=\"left\"><span style=\"font-family: Verdana, Arial; font-size: small;\"><b>Collection :<\/b>\u00a0Les histoires des compagnons pour les enfants<br \/>\n<\/span><\/td>\n<\/tr>\n<tr>\n<td align=\"left\"><span style=\"font-family: Verdana, Arial; font-size: small;\"><b>Type de produit :<\/b>\u00a0Livre<br \/>\n<\/span><\/td>\n<\/tr>\n<tr>\n<td align=\"left\"><span style=\"font-family: Verdana, Arial; font-size: small;\"><b>Nombre de pages :<\/b>\u00a0144<br \/>\n<\/span><\/td>\n<\/tr>\n<tr>\n<td align=\"left\"><span style=\"font-family: Verdana, Arial; font-size: small;\"><b>Mod\u00e8le &#8211; Format :<\/b>\u00a016 x 20 cm &#8211; Couverture cartonn\u00e9e<br \/>\n<\/span><\/td>\n<\/tr>\n<tr>\n<td align=\"left\"><span style=\"font-family: Verdana, Arial; font-size: small;\"><b>Editeur :<\/b>\u00a0Orientica\u00a0&#8211;\u00a0Goodword books<br \/>\n<\/span><\/td>\n<\/tr>\n<tr>\n<td align=\"left\"><span style=\"font-family: Verdana, Arial; font-size: small;\"><b>Ann\u00e9e :<\/b>\u00a02018<br \/>\n<\/span><\/td>\n<\/tr>\n<tr>\n<td align=\"left\"><span style=\"font-family: Verdana, Arial; font-size: small;\"><b>Langue :<\/b>\u00a0fran\u00e7ais<br \/>\n<\/span><\/td>\n<\/tr>\n<tr>\n<td align=\"left\"><span style=\"font-family: Verdana, Arial; font-size: small;\"><b>ISBN\/EAN :<\/b>\u00a0978-93-5179-180-5 \/ 9789351791805<\/span><\/td>\n<\/tr>\n<\/tbody>\n<\/table>\n","protected":false},"featured_media":6740,"template":"","meta":[],"product_brand":[],"product_cat":[179,66,24,21],"product_tag":[],"class_list":{"0":"post-11859","1":"product","2":"type-product","3":"status-publish","4":"has-post-thumbnail","6":"product_cat-biographie","7":"product_cat-compagnons","8":"product_cat-enfants","9":"product_cat-livre","10":"description-off","12":"first","13":"instock","14":"shipping-taxable","15":"purchasable","16":"product-type-simple"},"jetpack_sharing_enabled":true,"_links":{"self":[{"href":"https:\/\/elouedshop.com\/index.php?rest_route=\/wp\/v2\/product\/11859","targetHints":{"allow":["GET"]}}],"collection":[{"href":"https:\/\/elouedshop.com\/index.php?rest_route=\/wp\/v2\/product"}],"about":[{"href":"https:\/\/elouedshop.com\/index.php?rest_route=\/wp\/v2\/types\/product"}],"wp:featuredmedia":[{"embeddable":true,"href":"https:\/\/elouedshop.com\/index.php?rest_route=\/wp\/v2\/media\/6740"}],"wp:attachment":[{"href":"https:\/\/elouedshop.com\/index.php?rest_route=%2Fwp%2Fv2%2Fmedia&parent=11859"}],"wp:term":[{"taxonomy":"product_brand","embeddable":true,"href":"https:\/\/elouedshop.com\/index.php?rest_route=%2Fwp%2Fv2%2Fproduct_brand&post=11859"},{"taxonomy":"product_cat","embeddable":true,"href":"https:\/\/elouedshop.com\/index.php?rest_route=%2Fwp%2Fv2%2Fproduct_cat&post=11859"},{"taxonomy":"product_tag","embeddable":true,"href":"https:\/\/elouedshop.com\/index.php?rest_route=%2Fwp%2Fv2%2Fproduct_tag&post=11859"}],"curies":[{"name":"wp","href":"https:\/\/api.w.org\/{rel}","templated":true}]}}